{"id":344907,"date":"2023-09-11T17:00:58","date_gmt":"2023-09-11T15:00:58","guid":{"rendered":"https:\/\/dev.sysvol.hu\/belso\/termek\/duratech-d240\/"},"modified":"2026-03-19T17:22:46","modified_gmt":"2026-03-19T15:22:46","slug":"duratech-d240","status":"publish","type":"product","link":"https:\/\/cipokellekek.hu\/en\/uzlet\/cipotalp-anyagok\/sarokanyagok-sarokekek\/duratech-d240\/","title":{"rendered":"Duratech (D240) AKCI\u00d3!"},"content":{"rendered":"<div class=\"note note-1\">Merev, kem\u00e9ny, v\u00e9kony anyag, ide\u00e1lis ortop\u00e9diai kialak\u00edt\u00e1sokhoz, talpbet\u00e9tekhez. Javasoljuk kombin\u00e1lni a norm\u00e1l kem\u00e9nys\u00e9g\u0171 EVA-val (D47-60), ez\u00e1ltal el\u00e9rve az ide\u00e1lis merevs\u00e9get. M\u00e9ret: 63&#215;73 cm Vastags\u00e1g: 1,2 mm<\/div>\n<div class=\"note note-2\"><\/div>\n<div class=\"note note-3\"><\/div>","protected":false},"excerpt":{"rendered":"<p>Merev, kem\u00e9ny, v\u00e9kony anyag, ide\u00e1lis ortop\u00e9diai kialak\u00edt\u00e1sokhoz, talpbet\u00e9tekhez. Javasoljuk kombin\u00e1lni a norm\u00e1l kem\u00e9nys\u00e9g\u0171 EVA-val (D47-60), ez\u00e1ltal el\u00e9rve az ide\u00e1lis merevs\u00e9get. M\u00e9ret: 63&#215;73 cm Vastags\u00e1g: 1,2 mm<\/p>","protected":false},"featured_media":351632,"comment_status":"closed","ping_status":"closed","template":"","meta":{"_seopress_robots_primary_cat":"none","_seopress_titles_title":"Duratech (D240)","_seopress_titles_desc":"Merev, kem\u00e9ny, v\u00e9kony anyag, ide\u00e1lis ortop\u00e9diai kialak\u00edt\u00e1sokhoz, talpbet\u00e9tekhez. Kombin\u00e1lhat\u00f3 a norm\u00e1l kem\u00e9nys\u00e9g\u0171 EVA-val (D47-60). M\u00e9ret: 63\u00d773 cm Vastags\u00e1g: 1,2 mm","_seopress_robots_index":""},"product_brand":[],"product_cat":[2210,2272],"product_tag":[2363],"class_list":{"0":"post-344907","1":"product","2":"type-product","3":"status-publish","4":"has-post-thumbnail","6":"product_cat-cipotalp-anyagok","7":"product_cat-sarokanyagok-sarokekek","8":"product_tag-cipogyartas-es-cipojavitas","10":"first","11":"instock","12":"purchasable","13":"product-type-simple"},"_links":{"self":[{"href":"https:\/\/cipokellekek.hu\/en\/wp-json\/wp\/v2\/product\/344907","targetHints":{"allow":["GET"]}}],"collection":[{"href":"https:\/\/cipokellekek.hu\/en\/wp-json\/wp\/v2\/product"}],"about":[{"href":"https:\/\/cipokellekek.hu\/en\/wp-json\/wp\/v2\/types\/product"}],"replies":[{"embeddable":true,"href":"https:\/\/cipokellekek.hu\/en\/wp-json\/wp\/v2\/comments?post=344907"}],"wp:featuredmedia":[{"embeddable":true,"href":"https:\/\/cipokellekek.hu\/en\/wp-json\/wp\/v2\/media\/351632"}],"wp:attachment":[{"href":"https:\/\/cipokellekek.hu\/en\/wp-json\/wp\/v2\/media?parent=344907"}],"wp:term":[{"taxonomy":"product_brand","embeddable":true,"href":"https:\/\/cipokellekek.hu\/en\/wp-json\/wp\/v2\/product_brand?post=344907"},{"taxonomy":"product_cat","embeddable":true,"href":"https:\/\/cipokellekek.hu\/en\/wp-json\/wp\/v2\/product_cat?post=344907"},{"taxonomy":"product_tag","embeddable":true,"href":"https:\/\/cipokellekek.hu\/en\/wp-json\/wp\/v2\/product_tag?post=344907"}],"curies":[{"name":"wp","href":"https:\/\/api.w.org\/{rel}","templated":true}]}}