{"id":344894,"date":"2023-09-11T17:00:58","date_gmt":"2023-09-11T15:00:58","guid":{"rendered":"https:\/\/dev.sysvol.hu\/belso\/termek\/sarokanyag-d45ex\/"},"modified":"2026-03-19T14:13:36","modified_gmt":"2026-03-19T12:13:36","slug":"sarokanyag-d45ex","status":"publish","type":"product","link":"https:\/\/cipokellekek.hu\/en\/uzlet\/cipotalp-anyagok\/sarokanyagok-sarokekek\/sarokanyag-d45ex\/","title":{"rendered":"Sarokanyag (D45EX)"},"content":{"rendered":"<div class=\"note note-1\">Extr\u00e9m kem\u00e9nys\u00e9g\u0171, dupla r\u00e9teg\u0171 sarokanyag. T\u00e1bla m\u00e9ret: 63&#215;73 cm<\/div>\n<div class=\"note note-2\"><\/div>\n<div class=\"note note-3\"><\/div>","protected":false},"excerpt":{"rendered":"<p>Extr\u00e9m kem\u00e9nys\u00e9g\u0171, dupla r\u00e9teg\u0171 sarokanyag. T\u00e1bla m\u00e9ret: 63&#215;73 cm<\/p>","protected":false},"featured_media":351628,"comment_status":"closed","ping_status":"closed","template":"","meta":{"_seopress_robots_primary_cat":"none","_seopress_titles_title":"Sarokanyag (D45EX)","_seopress_titles_desc":"","_seopress_robots_index":""},"product_brand":[],"product_cat":[2210,2272],"product_tag":[2363],"class_list":{"0":"post-344894","1":"product","2":"type-product","3":"status-publish","4":"has-post-thumbnail","6":"product_cat-cipotalp-anyagok","7":"product_cat-sarokanyagok-sarokekek","8":"product_tag-cipogyartas-es-cipojavitas","9":"pa_meret-18-mm-2","10":"pa_meret-5-mm","11":"pa_meret-6-mm","12":"pa_szin-fekete","13":"pa_szin-karamell","14":"pa_szin-mez","15":"pa_szin-sotet-barna","17":"first","18":"instock","19":"purchasable","20":"product-type-variable"},"_links":{"self":[{"href":"https:\/\/cipokellekek.hu\/en\/wp-json\/wp\/v2\/product\/344894","targetHints":{"allow":["GET"]}}],"collection":[{"href":"https:\/\/cipokellekek.hu\/en\/wp-json\/wp\/v2\/product"}],"about":[{"href":"https:\/\/cipokellekek.hu\/en\/wp-json\/wp\/v2\/types\/product"}],"replies":[{"embeddable":true,"href":"https:\/\/cipokellekek.hu\/en\/wp-json\/wp\/v2\/comments?post=344894"}],"wp:featuredmedia":[{"embeddable":true,"href":"https:\/\/cipokellekek.hu\/en\/wp-json\/wp\/v2\/media\/351628"}],"wp:attachment":[{"href":"https:\/\/cipokellekek.hu\/en\/wp-json\/wp\/v2\/media?parent=344894"}],"wp:term":[{"taxonomy":"product_brand","embeddable":true,"href":"https:\/\/cipokellekek.hu\/en\/wp-json\/wp\/v2\/product_brand?post=344894"},{"taxonomy":"product_cat","embeddable":true,"href":"https:\/\/cipokellekek.hu\/en\/wp-json\/wp\/v2\/product_cat?post=344894"},{"taxonomy":"product_tag","embeddable":true,"href":"https:\/\/cipokellekek.hu\/en\/wp-json\/wp\/v2\/product_tag?post=344894"}],"curies":[{"name":"wp","href":"https:\/\/api.w.org\/{rel}","templated":true}]}}