{"id":344877,"date":"2023-09-11T17:00:58","date_gmt":"2023-09-11T15:00:58","guid":{"rendered":"https:\/\/dev.sysvol.hu\/belso\/termek\/rama-mikro-12-mm-d600-12\/"},"modified":"2025-09-06T16:40:59","modified_gmt":"2025-09-06T14:40:59","slug":"rama-mikro-12-mm-d600-12","status":"publish","type":"product","link":"https:\/\/cipokellekek.hu\/en\/uzlet\/cipotalp-anyagok\/ramak-sarokbevonok\/rama-mikro-12-mm-d600-12\/","title":{"rendered":"R\u00e1ma mikro 12 mm (D600\/12)"},"content":{"rendered":"<div class=\"note note-1\">A r\u00e1ma a ZEPHIR term\u00e9kcsal\u00e1d tagja. Alapanyag\u00e1ban \u00e9s sz\u00edn\u00e9ben egyar\u00e1nt megegyezik a D44-es cikksz\u00e1m\u00fa mikrogumival, \u00edgy k\u00edv\u00e1l\u00f3an kombin\u00e1lhat\u00f3 a k\u00e9t anyag. M\u00e9terben rendelhet\u0151. M\u00e9retek: 12 mm x 10 mm<\/div>\n<div class=\"note note-2\"><\/div>\n<div class=\"note note-3\"><\/div>","protected":false},"excerpt":{"rendered":"<p>A r\u00e1ma a ZEPHIR term\u00e9kcsal\u00e1d tagja. Alapanyag\u00e1ban \u00e9s sz\u00edn\u00e9ben egyar\u00e1nt megegyezik a D44-es cikksz\u00e1m\u00fa mikrogumival, \u00edgy k\u00edv\u00e1l\u00f3an kombin\u00e1lhat\u00f3 a k\u00e9t anyag. M\u00e9terben rendelhet\u0151. M\u00e9retek: 12 mm x 10 mm<\/p>","protected":false},"featured_media":351625,"comment_status":"closed","ping_status":"closed","template":"","meta":{"_seopress_robots_primary_cat":"none","_seopress_titles_title":"R\u00e1ma mikro 12 mm (D600\/12)","_seopress_titles_desc":"A r\u00e1ma a ZEPHIR term\u00e9kcsal\u00e1d tagja. Alapanyag\u00e1ban \u00e9s sz\u00edn\u00e9ben megegyezik a D44-es cikksz\u00e1m\u00fa mikrogumival, \u00edgy kombin\u00e1lhat\u00f3ak. M\u00e9terben rendelhet\u0151. M\u00e9retek: 12 mm x 10 mm","_seopress_robots_index":""},"product_brand":[],"product_cat":[2210,2271],"product_tag":[2363],"class_list":{"0":"post-344877","1":"product","2":"type-product","3":"status-publish","4":"has-post-thumbnail","6":"product_cat-cipotalp-anyagok","7":"product_cat-ramak-sarokbevonok","8":"product_tag-cipogyartas-es-cipojavitas","9":"pa_szin-bezs","10":"pa_szin-bor","11":"pa_szin-feher","12":"pa_szin-fekete","13":"pa_szin-karamell","14":"pa_szin-sotet-barna","15":"pa_szin-szurke","17":"first","18":"instock","19":"featured","20":"purchasable","21":"product-type-variable"},"_links":{"self":[{"href":"https:\/\/cipokellekek.hu\/en\/wp-json\/wp\/v2\/product\/344877","targetHints":{"allow":["GET"]}}],"collection":[{"href":"https:\/\/cipokellekek.hu\/en\/wp-json\/wp\/v2\/product"}],"about":[{"href":"https:\/\/cipokellekek.hu\/en\/wp-json\/wp\/v2\/types\/product"}],"replies":[{"embeddable":true,"href":"https:\/\/cipokellekek.hu\/en\/wp-json\/wp\/v2\/comments?post=344877"}],"wp:featuredmedia":[{"embeddable":true,"href":"https:\/\/cipokellekek.hu\/en\/wp-json\/wp\/v2\/media\/351625"}],"wp:attachment":[{"href":"https:\/\/cipokellekek.hu\/en\/wp-json\/wp\/v2\/media?parent=344877"}],"wp:term":[{"taxonomy":"product_brand","embeddable":true,"href":"https:\/\/cipokellekek.hu\/en\/wp-json\/wp\/v2\/product_brand?post=344877"},{"taxonomy":"product_cat","embeddable":true,"href":"https:\/\/cipokellekek.hu\/en\/wp-json\/wp\/v2\/product_cat?post=344877"},{"taxonomy":"product_tag","embeddable":true,"href":"https:\/\/cipokellekek.hu\/en\/wp-json\/wp\/v2\/product_tag?post=344877"}],"curies":[{"name":"wp","href":"https:\/\/api.w.org\/{rel}","templated":true}]}}