{"id":344868,"date":"2023-09-11T17:00:58","date_gmt":"2023-09-11T15:00:58","guid":{"rendered":"https:\/\/dev.sysvol.hu\/belso\/termek\/szeles-ciposzegely-d250\/"},"modified":"2025-09-06T16:33:53","modified_gmt":"2025-09-06T14:33:53","slug":"szeles-ciposzegely-d250","status":"publish","type":"product","link":"https:\/\/cipokellekek.hu\/en\/uzlet\/cipotalp-anyagok\/ramak-sarokbevonok\/szeles-ciposzegely-d250\/","title":{"rendered":"Sz\u00e9les cip\u0151szeg\u00e9ly (D250)"},"content":{"rendered":"<div class=\"note note-1\">Cip\u0151szeg\u00e9ly bakancsra p\u00e1rban. M\u00e9ret: 73 cm x 6 cm x 1,5 mm<\/div>\n<div class=\"note note-2\"><\/div>\n<div class=\"note note-3\"><\/div>","protected":false},"excerpt":{"rendered":"<p>Cip\u0151szeg\u00e9ly bakancsra p\u00e1rban. M\u00e9ret: 73 cm x 6 cm x 1,5 mm<\/p>","protected":false},"featured_media":351621,"comment_status":"closed","ping_status":"closed","template":"","meta":{"_seopress_robots_primary_cat":"none","_seopress_titles_title":"Sz\u00e9les cip\u0151szeg\u00e9ly (D250)","_seopress_titles_desc":"","_seopress_robots_index":""},"product_brand":[],"product_cat":[2210,2271],"product_tag":[2363],"class_list":{"0":"post-344868","1":"product","2":"type-product","3":"status-publish","4":"has-post-thumbnail","6":"product_cat-cipotalp-anyagok","7":"product_cat-ramak-sarokbevonok","8":"product_tag-cipogyartas-es-cipojavitas","9":"pa_szin-fekete","11":"first","12":"instock","13":"purchasable","14":"product-type-simple"},"_links":{"self":[{"href":"https:\/\/cipokellekek.hu\/en\/wp-json\/wp\/v2\/product\/344868","targetHints":{"allow":["GET"]}}],"collection":[{"href":"https:\/\/cipokellekek.hu\/en\/wp-json\/wp\/v2\/product"}],"about":[{"href":"https:\/\/cipokellekek.hu\/en\/wp-json\/wp\/v2\/types\/product"}],"replies":[{"embeddable":true,"href":"https:\/\/cipokellekek.hu\/en\/wp-json\/wp\/v2\/comments?post=344868"}],"wp:featuredmedia":[{"embeddable":true,"href":"https:\/\/cipokellekek.hu\/en\/wp-json\/wp\/v2\/media\/351621"}],"wp:attachment":[{"href":"https:\/\/cipokellekek.hu\/en\/wp-json\/wp\/v2\/media?parent=344868"}],"wp:term":[{"taxonomy":"product_brand","embeddable":true,"href":"https:\/\/cipokellekek.hu\/en\/wp-json\/wp\/v2\/product_brand?post=344868"},{"taxonomy":"product_cat","embeddable":true,"href":"https:\/\/cipokellekek.hu\/en\/wp-json\/wp\/v2\/product_cat?post=344868"},{"taxonomy":"product_tag","embeddable":true,"href":"https:\/\/cipokellekek.hu\/en\/wp-json\/wp\/v2\/product_tag?post=344868"}],"curies":[{"name":"wp","href":"https:\/\/api.w.org\/{rel}","templated":true}]}}