{"id":344862,"date":"2023-09-11T17:00:58","date_gmt":"2023-09-11T15:00:58","guid":{"rendered":"https:\/\/dev.sysvol.hu\/belso\/termek\/sima-ciposzegely-d800\/"},"modified":"2025-09-06T13:37:32","modified_gmt":"2025-09-06T11:37:32","slug":"sima-ciposzegely-d800","status":"publish","type":"product","link":"https:\/\/cipokellekek.hu\/en\/uzlet\/cipotalp-anyagok\/ramak-sarokbevonok\/sima-ciposzegely-d800\/","title":{"rendered":"Sima cip\u0151szeg\u00e9ly (D800)"},"content":{"rendered":"<div class=\"note note-1\">Cip\u0151szeg\u00e9ly bakancsokra, sneakerekre. M\u00e9rete: 76 cm x 34 cm x 0,2 cm Kiszerel\u00e9si egys\u00e9g: 2 p\u00e1r<\/div>\n<div class=\"note note-2\"><\/div>\n<div class=\"note note-3\"><\/div>","protected":false},"excerpt":{"rendered":"<p>Cip\u0151szeg\u00e9ly bakancsokra, sneakerekre. M\u00e9rete: 76 cm x 34 cm x 0,2 cm Kiszerel\u00e9si egys\u00e9g: 2 p\u00e1r<\/p>","protected":false},"featured_media":351613,"comment_status":"closed","ping_status":"closed","template":"","meta":{"_seopress_robots_primary_cat":"none","_seopress_titles_title":"Sima cip\u0151szeg\u00e9ly (D800)","_seopress_titles_desc":"Cip\u0151szeg\u00e9ly bakancsokra, sneakerekre. M\u00e9rete: 76 cm x 34 cm x 0,2 cm Kiszerel\u00e9si egys\u00e9g: 2 p\u00e1r","_seopress_robots_index":""},"product_brand":[],"product_cat":[2210,2271],"product_tag":[2363],"class_list":{"0":"post-344862","1":"product","2":"type-product","3":"status-publish","4":"has-post-thumbnail","6":"product_cat-cipotalp-anyagok","7":"product_cat-ramak-sarokbevonok","8":"product_tag-cipogyartas-es-cipojavitas","9":"pa_szin-feher","10":"pa_szin-fekete","11":"pa_szin-jeg","12":"pa_szin-kotel","13":"pa_szin-tojas","15":"first","16":"instock","17":"purchasable","18":"product-type-variable"},"_links":{"self":[{"href":"https:\/\/cipokellekek.hu\/en\/wp-json\/wp\/v2\/product\/344862","targetHints":{"allow":["GET"]}}],"collection":[{"href":"https:\/\/cipokellekek.hu\/en\/wp-json\/wp\/v2\/product"}],"about":[{"href":"https:\/\/cipokellekek.hu\/en\/wp-json\/wp\/v2\/types\/product"}],"replies":[{"embeddable":true,"href":"https:\/\/cipokellekek.hu\/en\/wp-json\/wp\/v2\/comments?post=344862"}],"wp:featuredmedia":[{"embeddable":true,"href":"https:\/\/cipokellekek.hu\/en\/wp-json\/wp\/v2\/media\/351613"}],"wp:attachment":[{"href":"https:\/\/cipokellekek.hu\/en\/wp-json\/wp\/v2\/media?parent=344862"}],"wp:term":[{"taxonomy":"product_brand","embeddable":true,"href":"https:\/\/cipokellekek.hu\/en\/wp-json\/wp\/v2\/product_brand?post=344862"},{"taxonomy":"product_cat","embeddable":true,"href":"https:\/\/cipokellekek.hu\/en\/wp-json\/wp\/v2\/product_cat?post=344862"},{"taxonomy":"product_tag","embeddable":true,"href":"https:\/\/cipokellekek.hu\/en\/wp-json\/wp\/v2\/product_tag?post=344862"}],"curies":[{"name":"wp","href":"https:\/\/api.w.org\/{rel}","templated":true}]}}