{"id":344861,"date":"2023-09-11T17:00:58","date_gmt":"2023-09-11T15:00:58","guid":{"rendered":"https:\/\/dev.sysvol.hu\/belso\/termek\/bor-sarokbevono-meterben-fasm\/"},"modified":"2025-09-06T13:32:17","modified_gmt":"2025-09-06T11:32:17","slug":"bor-sarokbevono-meterben-fasm","status":"publish","type":"product","link":"https:\/\/cipokellekek.hu\/en\/uzlet\/cipotalp-anyagok\/ramak-sarokbevonok\/bor-sarokbevono-meterben-fasm\/","title":{"rendered":"B\u0151r sarokbevon\u00f3 m\u00e9terben (FASM)"},"content":{"rendered":"<div class=\"note note-1\">Cs\u00edkos b\u0151r sarok bevon\u00f3 m\u00e9terben. Minim\u00e1lisan rendelhet\u0151 mennyis\u00e9g, 1 m\u00e9ter. Sz\u00e9less\u00e9g: 10 cm<\/div>\n<div class=\"note note-2\"><\/div>\n<div class=\"note note-3\"><\/div>","protected":false},"excerpt":{"rendered":"<p>Cs\u00edkos b\u0151r sarok bevon\u00f3 m\u00e9terben. Minim\u00e1lisan rendelhet\u0151 mennyis\u00e9g, 1 m\u00e9ter. Sz\u00e9less\u00e9g: 10 cm<\/p>","protected":false},"featured_media":351612,"comment_status":"closed","ping_status":"closed","template":"","meta":{"_seopress_robots_primary_cat":"none","_seopress_titles_title":"B\u0151r sarokbevon\u00f3 m\u00e9terben (FASM)","_seopress_titles_desc":"Cs\u00edkos b\u0151r sarok bevon\u00f3 m\u00e9terben. Minim\u00e1lisan rendelhet\u0151 mennyis\u00e9g, 1 m\u00e9ter. Sz\u00e9less\u00e9g: 10 cm.","_seopress_robots_index":""},"product_brand":[],"product_cat":[2210,2271],"product_tag":[2363],"class_list":{"0":"post-344861","1":"product","2":"type-product","3":"status-publish","4":"has-post-thumbnail","6":"product_cat-cipotalp-anyagok","7":"product_cat-ramak-sarokbevonok","8":"product_tag-cipogyartas-es-cipojavitas","10":"first","11":"instock","12":"purchasable","13":"product-type-simple"},"_links":{"self":[{"href":"https:\/\/cipokellekek.hu\/en\/wp-json\/wp\/v2\/product\/344861","targetHints":{"allow":["GET"]}}],"collection":[{"href":"https:\/\/cipokellekek.hu\/en\/wp-json\/wp\/v2\/product"}],"about":[{"href":"https:\/\/cipokellekek.hu\/en\/wp-json\/wp\/v2\/types\/product"}],"replies":[{"embeddable":true,"href":"https:\/\/cipokellekek.hu\/en\/wp-json\/wp\/v2\/comments?post=344861"}],"wp:featuredmedia":[{"embeddable":true,"href":"https:\/\/cipokellekek.hu\/en\/wp-json\/wp\/v2\/media\/351612"}],"wp:attachment":[{"href":"https:\/\/cipokellekek.hu\/en\/wp-json\/wp\/v2\/media?parent=344861"}],"wp:term":[{"taxonomy":"product_brand","embeddable":true,"href":"https:\/\/cipokellekek.hu\/en\/wp-json\/wp\/v2\/product_brand?post=344861"},{"taxonomy":"product_cat","embeddable":true,"href":"https:\/\/cipokellekek.hu\/en\/wp-json\/wp\/v2\/product_cat?post=344861"},{"taxonomy":"product_tag","embeddable":true,"href":"https:\/\/cipokellekek.hu\/en\/wp-json\/wp\/v2\/product_tag?post=344861"}],"curies":[{"name":"wp","href":"https:\/\/api.w.org\/{rel}","templated":true}]}}