{"id":344858,"date":"2023-09-11T17:00:51","date_gmt":"2023-09-11T15:00:51","guid":{"rendered":"https:\/\/dev.sysvol.hu\/belso\/termek\/sima-bor-rama-gual\/"},"modified":"2025-09-06T16:52:38","modified_gmt":"2025-09-06T14:52:38","slug":"sima-bor-rama-gual","status":"publish","type":"product","link":"https:\/\/cipokellekek.hu\/en\/uzlet\/cipotalp-anyagok\/ramak-sarokbevonok\/sima-bor-rama-gual\/","title":{"rendered":"Sima b\u0151r r\u00e1ma (GUAL)"},"content":{"rendered":"<div class=\"note note-1\">Sima, nat\u00far sz\u00edn\u0171 b\u0151r r\u00e1ma.<\/div>\n<div class=\"note note-2\"><\/div>\n<div class=\"note note-3\"><\/div>","protected":false},"excerpt":{"rendered":"<p>Sima, nat\u00far sz\u00edn\u0171 b\u0151r r\u00e1ma.<\/p>","protected":false},"featured_media":351609,"comment_status":"closed","ping_status":"closed","template":"","meta":{"_seopress_robots_primary_cat":"none","_seopress_titles_title":"Sima b\u0151r r\u00e1ma (GUAL)","_seopress_titles_desc":"","_seopress_robots_index":""},"product_brand":[],"product_cat":[2210,2271],"product_tag":[2363],"class_list":{"0":"post-344858","1":"product","2":"type-product","3":"status-publish","4":"has-post-thumbnail","6":"product_cat-cipotalp-anyagok","7":"product_cat-ramak-sarokbevonok","8":"product_tag-cipogyartas-es-cipojavitas","10":"first","11":"instock","12":"purchasable","13":"product-type-simple"},"_links":{"self":[{"href":"https:\/\/cipokellekek.hu\/en\/wp-json\/wp\/v2\/product\/344858","targetHints":{"allow":["GET"]}}],"collection":[{"href":"https:\/\/cipokellekek.hu\/en\/wp-json\/wp\/v2\/product"}],"about":[{"href":"https:\/\/cipokellekek.hu\/en\/wp-json\/wp\/v2\/types\/product"}],"replies":[{"embeddable":true,"href":"https:\/\/cipokellekek.hu\/en\/wp-json\/wp\/v2\/comments?post=344858"}],"wp:featuredmedia":[{"embeddable":true,"href":"https:\/\/cipokellekek.hu\/en\/wp-json\/wp\/v2\/media\/351609"}],"wp:attachment":[{"href":"https:\/\/cipokellekek.hu\/en\/wp-json\/wp\/v2\/media?parent=344858"}],"wp:term":[{"taxonomy":"product_brand","embeddable":true,"href":"https:\/\/cipokellekek.hu\/en\/wp-json\/wp\/v2\/product_brand?post=344858"},{"taxonomy":"product_cat","embeddable":true,"href":"https:\/\/cipokellekek.hu\/en\/wp-json\/wp\/v2\/product_cat?post=344858"},{"taxonomy":"product_tag","embeddable":true,"href":"https:\/\/cipokellekek.hu\/en\/wp-json\/wp\/v2\/product_tag?post=344858"}],"curies":[{"name":"wp","href":"https:\/\/api.w.org\/{rel}","templated":true}]}}