{"id":344857,"date":"2023-09-11T17:00:51","date_gmt":"2023-09-11T15:00:51","guid":{"rendered":"https:\/\/dev.sysvol.hu\/belso\/termek\/bordazott-bor-rama-noi-labbelikre-guard\/"},"modified":"2025-09-06T16:49:31","modified_gmt":"2025-09-06T14:49:31","slug":"bordazott-bor-rama-noi-labbelikre-guard","status":"publish","type":"product","link":"https:\/\/cipokellekek.hu\/en\/uzlet\/cipotalp-anyagok\/ramak-sarokbevonok\/bordazott-bor-rama-noi-labbelikre-guard\/","title":{"rendered":"Bord\u00e1zott b\u0151r r\u00e1ma n\u0151i l\u00e1bbelikre (GUARD)"},"content":{"rendered":"<div class=\"note note-1\">Nat\u00far sz\u00edn\u0171, varrot b\u0151r r\u00e1ma n\u0151i cip\u0151kre. Fogak magass\u00e1ga 4,2 mm, teljes magass\u00e1g 9,6 mm.<\/div>\n<div class=\"note note-2\"><\/div>\n<div class=\"note note-3\"><\/div>","protected":false},"excerpt":{"rendered":"<p>Nat\u00far sz\u00edn\u0171, varrot b\u0151r r\u00e1ma n\u0151i cip\u0151kre. Fogak magass\u00e1ga 4,2 mm, teljes magass\u00e1g 9,6 mm.<\/p>","protected":false},"featured_media":351608,"comment_status":"closed","ping_status":"closed","template":"","meta":{"_seopress_robots_primary_cat":"none","_seopress_titles_title":"Bord\u00e1zott b\u0151r r\u00e1ma n\u0151i l\u00e1bbelikre (GUARD)","_seopress_titles_desc":"Nat\u00far sz\u00edn\u0171, varrot b\u0151r r\u00e1ma n\u0151i cip\u0151kre. Fogak magass\u00e1ga 4,2 mm, teljes magass\u00e1g 9,6 mm.","_seopress_robots_index":""},"product_brand":[],"product_cat":[2210,2271],"product_tag":[2363],"class_list":{"0":"post-344857","1":"product","2":"type-product","3":"status-publish","4":"has-post-thumbnail","6":"product_cat-cipotalp-anyagok","7":"product_cat-ramak-sarokbevonok","8":"product_tag-cipogyartas-es-cipojavitas","10":"first","11":"instock","12":"purchasable","13":"product-type-simple"},"_links":{"self":[{"href":"https:\/\/cipokellekek.hu\/en\/wp-json\/wp\/v2\/product\/344857","targetHints":{"allow":["GET"]}}],"collection":[{"href":"https:\/\/cipokellekek.hu\/en\/wp-json\/wp\/v2\/product"}],"about":[{"href":"https:\/\/cipokellekek.hu\/en\/wp-json\/wp\/v2\/types\/product"}],"replies":[{"embeddable":true,"href":"https:\/\/cipokellekek.hu\/en\/wp-json\/wp\/v2\/comments?post=344857"}],"wp:featuredmedia":[{"embeddable":true,"href":"https:\/\/cipokellekek.hu\/en\/wp-json\/wp\/v2\/media\/351608"}],"wp:attachment":[{"href":"https:\/\/cipokellekek.hu\/en\/wp-json\/wp\/v2\/media?parent=344857"}],"wp:term":[{"taxonomy":"product_brand","embeddable":true,"href":"https:\/\/cipokellekek.hu\/en\/wp-json\/wp\/v2\/product_brand?post=344857"},{"taxonomy":"product_cat","embeddable":true,"href":"https:\/\/cipokellekek.hu\/en\/wp-json\/wp\/v2\/product_cat?post=344857"},{"taxonomy":"product_tag","embeddable":true,"href":"https:\/\/cipokellekek.hu\/en\/wp-json\/wp\/v2\/product_tag?post=344857"}],"curies":[{"name":"wp","href":"https:\/\/api.w.org\/{rel}","templated":true}]}}