{"id":344853,"date":"2023-09-11T17:00:51","date_gmt":"2023-09-11T15:00:51","guid":{"rendered":"https:\/\/dev.sysvol.hu\/belso\/termek\/bordazott-bor-rama-guar\/"},"modified":"2026-03-19T14:00:27","modified_gmt":"2026-03-19T12:00:27","slug":"bordazott-bor-rama-guar","status":"publish","type":"product","link":"https:\/\/cipokellekek.hu\/en\/uzlet\/cipotalp-anyagok\/ramak-sarokbevonok\/bordazott-bor-rama-guar\/","title":{"rendered":"Bord\u00e1zott b\u0151r r\u00e1ma (GUAR)"},"content":{"rendered":"<div class=\"note note-1\">Bord\u00e1zott b\u0151r r\u00e1ma t\u00f6bb sz\u00ednben.<\/div>\n<div class=\"note note-2\"><\/div>\n<div class=\"note note-3\"><\/div>","protected":false},"excerpt":{"rendered":"<p>Bord\u00e1zott b\u0151r r\u00e1ma t\u00f6bb sz\u00ednben.<\/p>","protected":false},"featured_media":351607,"comment_status":"closed","ping_status":"closed","template":"","meta":{"_seopress_robots_primary_cat":"none","_seopress_titles_title":"Bord\u00e1zott b\u0151r r\u00e1ma (GUAR)","_seopress_titles_desc":"","_seopress_robots_index":""},"product_brand":[],"product_cat":[2210,2271],"product_tag":[2363],"class_list":{"0":"post-344853","1":"product","2":"type-product","3":"status-publish","4":"has-post-thumbnail","6":"product_cat-cipotalp-anyagok","7":"product_cat-ramak-sarokbevonok","8":"product_tag-cipogyartas-es-cipojavitas","9":"pa_szin-fekete","10":"pa_szin-natur","12":"first","13":"instock","14":"purchasable","15":"product-type-variable"},"_links":{"self":[{"href":"https:\/\/cipokellekek.hu\/en\/wp-json\/wp\/v2\/product\/344853","targetHints":{"allow":["GET"]}}],"collection":[{"href":"https:\/\/cipokellekek.hu\/en\/wp-json\/wp\/v2\/product"}],"about":[{"href":"https:\/\/cipokellekek.hu\/en\/wp-json\/wp\/v2\/types\/product"}],"replies":[{"embeddable":true,"href":"https:\/\/cipokellekek.hu\/en\/wp-json\/wp\/v2\/comments?post=344853"}],"wp:featuredmedia":[{"embeddable":true,"href":"https:\/\/cipokellekek.hu\/en\/wp-json\/wp\/v2\/media\/351607"}],"wp:attachment":[{"href":"https:\/\/cipokellekek.hu\/en\/wp-json\/wp\/v2\/media?parent=344853"}],"wp:term":[{"taxonomy":"product_brand","embeddable":true,"href":"https:\/\/cipokellekek.hu\/en\/wp-json\/wp\/v2\/product_brand?post=344853"},{"taxonomy":"product_cat","embeddable":true,"href":"https:\/\/cipokellekek.hu\/en\/wp-json\/wp\/v2\/product_cat?post=344853"},{"taxonomy":"product_tag","embeddable":true,"href":"https:\/\/cipokellekek.hu\/en\/wp-json\/wp\/v2\/product_tag?post=344853"}],"curies":[{"name":"wp","href":"https:\/\/api.w.org\/{rel}","templated":true}]}}