{"id":344852,"date":"2023-09-11T17:00:51","date_gmt":"2023-09-11T15:00:51","guid":{"rendered":"https:\/\/dev.sysvol.hu\/belso\/termek\/norveg-stilusu-bor-rama-guarn\/"},"modified":"2025-09-06T16:44:21","modified_gmt":"2025-09-06T14:44:21","slug":"norveg-stilusu-bor-rama-guarn","status":"publish","type":"product","link":"https:\/\/cipokellekek.hu\/en\/uzlet\/cipotalp-anyagok\/ramak-sarokbevonok\/norveg-stilusu-bor-rama-guarn\/","title":{"rendered":"&#8222;Norv\u00e9g&#8221; st\u00edlus\u00fa b\u0151r r\u00e1ma (GUARN)"},"content":{"rendered":"<div class=\"note note-1\">Norv\u00e9g st\u00edlus\u00fa, nat\u00far sz\u00edn\u0171, varrott b\u0151r r\u00e1ma.<\/div>\n<div class=\"note note-2\"><\/div>\n<div class=\"note note-3\"><\/div>","protected":false},"excerpt":{"rendered":"<p>Norv\u00e9g st\u00edlus\u00fa, nat\u00far sz\u00edn\u0171, varrott b\u0151r r\u00e1ma.<\/p>","protected":false},"featured_media":351606,"comment_status":"closed","ping_status":"closed","template":"","meta":{"_seopress_robots_primary_cat":"none","_seopress_titles_title":"\"Norv\u00e9g\" st\u00edlus\u00fa b\u0151r r\u00e1ma (GUARN)","_seopress_titles_desc":"","_seopress_robots_index":""},"product_brand":[],"product_cat":[2210,2271],"product_tag":[2363],"class_list":{"0":"post-344852","1":"product","2":"type-product","3":"status-publish","4":"has-post-thumbnail","6":"product_cat-cipotalp-anyagok","7":"product_cat-ramak-sarokbevonok","8":"product_tag-cipogyartas-es-cipojavitas","10":"first","11":"instock","12":"purchasable","13":"product-type-simple"},"_links":{"self":[{"href":"https:\/\/cipokellekek.hu\/en\/wp-json\/wp\/v2\/product\/344852","targetHints":{"allow":["GET"]}}],"collection":[{"href":"https:\/\/cipokellekek.hu\/en\/wp-json\/wp\/v2\/product"}],"about":[{"href":"https:\/\/cipokellekek.hu\/en\/wp-json\/wp\/v2\/types\/product"}],"replies":[{"embeddable":true,"href":"https:\/\/cipokellekek.hu\/en\/wp-json\/wp\/v2\/comments?post=344852"}],"wp:featuredmedia":[{"embeddable":true,"href":"https:\/\/cipokellekek.hu\/en\/wp-json\/wp\/v2\/media\/351606"}],"wp:attachment":[{"href":"https:\/\/cipokellekek.hu\/en\/wp-json\/wp\/v2\/media?parent=344852"}],"wp:term":[{"taxonomy":"product_brand","embeddable":true,"href":"https:\/\/cipokellekek.hu\/en\/wp-json\/wp\/v2\/product_brand?post=344852"},{"taxonomy":"product_cat","embeddable":true,"href":"https:\/\/cipokellekek.hu\/en\/wp-json\/wp\/v2\/product_cat?post=344852"},{"taxonomy":"product_tag","embeddable":true,"href":"https:\/\/cipokellekek.hu\/en\/wp-json\/wp\/v2\/product_tag?post=344852"}],"curies":[{"name":"wp","href":"https:\/\/api.w.org\/{rel}","templated":true}]}}