{"id":344844,"date":"2023-09-11T17:00:51","date_gmt":"2023-09-11T15:00:51","guid":{"rendered":"https:\/\/dev.sysvol.hu\/belso\/termek\/ragaszto-50365\/"},"modified":"2025-09-06T13:23:33","modified_gmt":"2025-09-06T11:23:33","slug":"ragaszto-50365","status":"publish","type":"product","link":"https:\/\/cipokellekek.hu\/en\/uzlet\/cipotalp-anyagok\/ragasztok\/ragaszto-50365\/","title":{"rendered":"Ragaszt\u00f3 (50365)"},"content":{"rendered":"<div class=\"note note-1\">Univerz\u00e1lis polikloropr\u00e9n, egy komponens\u0171, S\u00c1RGA sz\u00edn\u0171 ragaszt\u00f3, amely a gy\u00e1rt\u00f3 saj\u00e1t fejleszt\u00e9se az \u00f6sszes SVIG term\u00e9khez. T\u00f6bb kiszerel\u00e9sben kaphat\u00f3. K\u00e9rj\u00fck v\u00e1lasszon a k\u00e9p mellett szerepl\u0151 mennyis\u00e9gi egys\u00e9gek k\u00f6z\u00fcl. (1 L, 4,5 L, 20 L)<\/div>\n<div class=\"note note-2\"><\/div>\n<div class=\"note note-3\"><\/div>","protected":false},"excerpt":{"rendered":"<p>Univerz\u00e1lis polikloropr\u00e9n, egy komponens\u0171, S\u00c1RGA sz\u00edn\u0171 ragaszt\u00f3, amely a gy\u00e1rt\u00f3 saj\u00e1t fejleszt\u00e9se az \u00f6sszes SVIG term\u00e9khez. T\u00f6bb kiszerel\u00e9sben kaphat\u00f3. K\u00e9rj\u00fck v\u00e1lasszon a k\u00e9p mellett szerepl\u0151 mennyis\u00e9gi egys\u00e9gek k\u00f6z\u00fcl. (1 L, 4,5 L, 20 L)<\/p>","protected":false},"featured_media":351604,"comment_status":"closed","ping_status":"closed","template":"","meta":{"_seopress_robots_primary_cat":"none","_seopress_titles_title":"Ragaszt\u00f3 (50365)","_seopress_titles_desc":"Univerz\u00e1lis polikloropr\u00e9n, egy komponens\u0171, S\u00c1RGA sz\u00edn\u0171 ragaszt\u00f3, amely a gy\u00e1rt\u00f3 saj\u00e1t fejleszt\u00e9se az \u00f6sszes SVIG term\u00e9khez. T\u00f6bb kiszerel\u00e9sben kaphat\u00f3 (1 L, 4,5 L, 20 L).","_seopress_robots_index":""},"product_brand":[],"product_cat":[2210,2270],"product_tag":[2363],"class_list":{"0":"post-344844","1":"product","2":"type-product","3":"status-publish","4":"has-post-thumbnail","6":"product_cat-cipotalp-anyagok","7":"product_cat-ragasztok","8":"product_tag-cipogyartas-es-cipojavitas","9":"pa_meret-2220","10":"pa_meret-45-2","11":"pa_meret-1903","13":"first","14":"instock","15":"purchasable","16":"product-type-variable"},"_links":{"self":[{"href":"https:\/\/cipokellekek.hu\/en\/wp-json\/wp\/v2\/product\/344844","targetHints":{"allow":["GET"]}}],"collection":[{"href":"https:\/\/cipokellekek.hu\/en\/wp-json\/wp\/v2\/product"}],"about":[{"href":"https:\/\/cipokellekek.hu\/en\/wp-json\/wp\/v2\/types\/product"}],"replies":[{"embeddable":true,"href":"https:\/\/cipokellekek.hu\/en\/wp-json\/wp\/v2\/comments?post=344844"}],"wp:featuredmedia":[{"embeddable":true,"href":"https:\/\/cipokellekek.hu\/en\/wp-json\/wp\/v2\/media\/351604"}],"wp:attachment":[{"href":"https:\/\/cipokellekek.hu\/en\/wp-json\/wp\/v2\/media?parent=344844"}],"wp:term":[{"taxonomy":"product_brand","embeddable":true,"href":"https:\/\/cipokellekek.hu\/en\/wp-json\/wp\/v2\/product_brand?post=344844"},{"taxonomy":"product_cat","embeddable":true,"href":"https:\/\/cipokellekek.hu\/en\/wp-json\/wp\/v2\/product_cat?post=344844"},{"taxonomy":"product_tag","embeddable":true,"href":"https:\/\/cipokellekek.hu\/en\/wp-json\/wp\/v2\/product_tag?post=344844"}],"curies":[{"name":"wp","href":"https:\/\/api.w.org\/{rel}","templated":true}]}}