{"id":344839,"date":"2023-09-11T17:00:51","date_gmt":"2023-09-11T15:00:51","guid":{"rendered":"https:\/\/dev.sysvol.hu\/belso\/termek\/mikrogumi-d662\/"},"modified":"2025-10-14T11:19:51","modified_gmt":"2025-10-14T09:19:51","slug":"mikrogumi-d662","status":"publish","type":"product","link":"https:\/\/cipokellekek.hu\/en\/uzlet\/cipotalp-anyagok\/mikrogumi-muparafa\/mikrogumi-d662\/","title":{"rendered":"Mikrogumi (D662)"},"content":{"rendered":"<div class=\"note note-1\">\u00daj \u00f6sszet\u00e9tel\u0171 SVIG mikrogumi. \u2022 Nagy teljes\u00edtm\u00e9ny \u2022 Extr\u00e9m k\u00f6nnyeds\u00e9g \u2022 Szuper rugalmass\u00e1g \u2022 Nagyfok\u00fa cs\u00fasz\u00e1sg\u00e1tl\u00f3 hat\u00e1s \u2022 Magas kop\u00e1s\u00e1ll\u00f3s\u00e1g T\u00e1blam\u00e9ret: 92\u00d7106 cm<\/div>\n<div class=\"note note-2\"><\/div>\n<div class=\"note note-3\"><\/div>","protected":false},"excerpt":{"rendered":"<p>\u00daj \u00f6sszet\u00e9tel\u0171 SVIG mikrogumi. \u2022 Nagy teljes\u00edtm\u00e9ny \u2022 Extr\u00e9m k\u00f6nnyeds\u00e9g \u2022 Szuper rugalmass\u00e1g \u2022 Nagyfok\u00fa cs\u00fasz\u00e1sg\u00e1tl\u00f3 hat\u00e1s \u2022 Magas kop\u00e1s\u00e1ll\u00f3s\u00e1g T\u00e1blam\u00e9ret: 92\u00d7106 cm<\/p>","protected":false},"featured_media":351600,"comment_status":"closed","ping_status":"closed","template":"","meta":{"_seopress_robots_primary_cat":"none","_seopress_titles_title":"Mikrogumi (D662)","_seopress_titles_desc":"\u00daj \u00f6sszet\u00e9tel\u0171 SVIG mikrogumi. \u2022 Nagy teljes\u00edtm\u00e9ny \u2022 Extr\u00e9m k\u00f6nnyeds\u00e9g \u2022 Szuper rugalmass\u00e1g \u2022 Nagyfok\u00fa cs\u00fasz\u00e1sg\u00e1tl\u00f3 hat\u00e1s \u2022 Magas kop\u00e1s\u00e1ll\u00f3s\u00e1g T\u00e1blam\u00e9ret: 92\u00d7106 cm","_seopress_robots_index":""},"product_brand":[],"product_cat":[2210,2269],"product_tag":[2363],"class_list":{"0":"post-344839","1":"product","2":"type-product","3":"status-publish","4":"has-post-thumbnail","6":"product_cat-cipotalp-anyagok","7":"product_cat-mikrogumi-muparafa","8":"product_tag-cipogyartas-es-cipojavitas","9":"pa_meret-4-mm","10":"pa_meret-6-mm","11":"pa_meret-8-mm","12":"pa_meret-10-mm","13":"pa_szin-bezs","14":"pa_szin-feher","15":"pa_szin-fekete","16":"pa_szin-sotet-barna","18":"first","19":"instock","20":"featured","21":"purchasable","22":"product-type-variable"},"_links":{"self":[{"href":"https:\/\/cipokellekek.hu\/en\/wp-json\/wp\/v2\/product\/344839","targetHints":{"allow":["GET"]}}],"collection":[{"href":"https:\/\/cipokellekek.hu\/en\/wp-json\/wp\/v2\/product"}],"about":[{"href":"https:\/\/cipokellekek.hu\/en\/wp-json\/wp\/v2\/types\/product"}],"replies":[{"embeddable":true,"href":"https:\/\/cipokellekek.hu\/en\/wp-json\/wp\/v2\/comments?post=344839"}],"wp:featuredmedia":[{"embeddable":true,"href":"https:\/\/cipokellekek.hu\/en\/wp-json\/wp\/v2\/media\/351600"}],"wp:attachment":[{"href":"https:\/\/cipokellekek.hu\/en\/wp-json\/wp\/v2\/media?parent=344839"}],"wp:term":[{"taxonomy":"product_brand","embeddable":true,"href":"https:\/\/cipokellekek.hu\/en\/wp-json\/wp\/v2\/product_brand?post=344839"},{"taxonomy":"product_cat","embeddable":true,"href":"https:\/\/cipokellekek.hu\/en\/wp-json\/wp\/v2\/product_cat?post=344839"},{"taxonomy":"product_tag","embeddable":true,"href":"https:\/\/cipokellekek.hu\/en\/wp-json\/wp\/v2\/product_tag?post=344839"}],"curies":[{"name":"wp","href":"https:\/\/api.w.org\/{rel}","templated":true}]}}