{"id":344828,"date":"2023-09-11T17:00:51","date_gmt":"2023-09-11T15:00:51","guid":{"rendered":"https:\/\/dev.sysvol.hu\/belso\/termek\/muparafa-d51\/"},"modified":"2025-10-14T08:51:25","modified_gmt":"2025-10-14T06:51:25","slug":"muparafa-d51","status":"publish","type":"product","link":"https:\/\/cipokellekek.hu\/en\/uzlet\/cipotalp-anyagok\/mikrogumi-muparafa\/muparafa-d51\/","title":{"rendered":"M\u0171parafa (D51)"},"content":{"rendered":"<div class=\"note note-1\">Norm\u00e1l kem\u00e9nys\u00e9g\u0171 m\u0171parafa &#8211; T\u00e1blam\u00e9ret: 89&#215;122 cm &#8211; S\u0171r\u0171s\u00e9g: +- 0,25 gr\/cm3 &#8211; Kem\u00e9nys\u00e9g: +- 55 ShA<\/div>\n<div class=\"note note-2\"><\/div>\n<div class=\"note note-3\"><\/div>","protected":false},"excerpt":{"rendered":"<p>Norm\u00e1l kem\u00e9nys\u00e9g\u0171 m\u0171parafa \u2013 T\u00e1blam\u00e9ret: 89\u00d7122 cm \u2013 S\u0171r\u0171s\u00e9g: +- 0,25 gr\/cm3 \u2013 Kem\u00e9nys\u00e9g: +- 55 ShA<\/p>","protected":false},"featured_media":351597,"comment_status":"closed","ping_status":"closed","template":"","meta":{"_seopress_robots_primary_cat":"none","_seopress_titles_title":"M\u0171parafa (D51)","_seopress_titles_desc":"Norm\u00e1l kem\u00e9nys\u00e9g\u0171 m\u0171parafa \u2013 T\u00e1blam\u00e9ret: 89\u00d7122 cm \u2013 S\u0171r\u0171s\u00e9g: +- 0,25 gr\/cm3 \u2013 Kem\u00e9nys\u00e9g: +- 55 ShA","_seopress_robots_index":""},"product_brand":[],"product_cat":[2210,2269],"product_tag":[2363],"class_list":{"0":"post-344828","1":"product","2":"type-product","3":"status-publish","4":"has-post-thumbnail","6":"product_cat-cipotalp-anyagok","7":"product_cat-mikrogumi-muparafa","8":"product_tag-cipogyartas-es-cipojavitas","9":"pa_meret-5-mm","10":"pa_meret-10-mm","11":"pa_meret-15-mm","12":"pa_meret-20-mm","14":"first","15":"instock","16":"purchasable","17":"product-type-variable"},"_links":{"self":[{"href":"https:\/\/cipokellekek.hu\/en\/wp-json\/wp\/v2\/product\/344828","targetHints":{"allow":["GET"]}}],"collection":[{"href":"https:\/\/cipokellekek.hu\/en\/wp-json\/wp\/v2\/product"}],"about":[{"href":"https:\/\/cipokellekek.hu\/en\/wp-json\/wp\/v2\/types\/product"}],"replies":[{"embeddable":true,"href":"https:\/\/cipokellekek.hu\/en\/wp-json\/wp\/v2\/comments?post=344828"}],"wp:featuredmedia":[{"embeddable":true,"href":"https:\/\/cipokellekek.hu\/en\/wp-json\/wp\/v2\/media\/351597"}],"wp:attachment":[{"href":"https:\/\/cipokellekek.hu\/en\/wp-json\/wp\/v2\/media?parent=344828"}],"wp:term":[{"taxonomy":"product_brand","embeddable":true,"href":"https:\/\/cipokellekek.hu\/en\/wp-json\/wp\/v2\/product_brand?post=344828"},{"taxonomy":"product_cat","embeddable":true,"href":"https:\/\/cipokellekek.hu\/en\/wp-json\/wp\/v2\/product_cat?post=344828"},{"taxonomy":"product_tag","embeddable":true,"href":"https:\/\/cipokellekek.hu\/en\/wp-json\/wp\/v2\/product_tag?post=344828"}],"curies":[{"name":"wp","href":"https:\/\/api.w.org\/{rel}","templated":true}]}}