{"id":344787,"date":"2023-09-11T17:00:22","date_gmt":"2023-09-11T15:00:22","guid":{"rendered":"https:\/\/dev.sysvol.hu\/belso\/termek\/mikrogumi-d44-i\/"},"modified":"2025-10-14T09:02:07","modified_gmt":"2025-10-14T07:02:07","slug":"mikrogumi-d44-i","status":"publish","type":"product","link":"https:\/\/cipokellekek.hu\/en\/uzlet\/cipotalp-anyagok\/mikrogumi-muparafa\/mikrogumi-d44-i\/","title":{"rendered":"Mikrogumi (D44\/I)"},"content":{"rendered":"<div class=\"note note-1\">Habos\u00edtott mikrogumi. Kifejezetten ortop\u00e9d cip\u00e9szek sz\u00e1m\u00e1ra aj\u00e1nljuk azon kedvez\u0151 tulajdons\u00e1gainak k\u00f6sz\u00f6nhet\u0151en, melyek fontos szempontokat k\u00e9peznek az ortop\u00e9d cip\u0151k gy\u00e1rt\u00e1sa sor\u00e1n. Jellemz\u0151i: \u2022 kiv\u00e1l\u00f3 cs\u00fasz\u00e1sg\u00e1tl\u00f3s\u00e1g minden id\u0151j\u00e1r\u00e1s eset\u00e9n \u2022 kiv\u00e1l\u00f3 flexibilit\u00e1s (magas gumitartalom) \u2022 kiv\u00e1l\u00f3 kop\u00e1s\u00e1ll\u00f3s\u00e1g (m\u00e1r a 6 mm vastag gumi kop\u00e1s\u00e1ll\u00f3s\u00e1ga kiv\u00e1ltja a m\u00e1s t\u00edpus\u00fa alacsonyabb min\u0151s\u00e9g\u0171 8 mm vastags\u00e1g\u00fa gumit, a f\u00e9rfi cip\u0151k\u00f6n is!) \u2022 az anyag min\u0151s\u00e9ge megfelel az uni\u00f3s norm\u00e1knak \u2022 k\u00f6nny\u0171 szabhat\u00f3s\u00e1g \u2022 k\u00f6nny\u0171 csiszolhat\u00f3s\u00e1g \u2022 egy komponens\u0171 ragaszt\u00f3val is ragaszthat\u00f3 \u2022 55-60-as sorkem\u00e9nys\u00e9g T\u00e1blam\u00e9ret: 91&#215;73 cm<\/div>\n<div class=\"note note-2\"><\/div>\n<div class=\"note note-3\"><\/div>","protected":false},"excerpt":{"rendered":"<p>Habos\u00edtott mikrogumi. Kifejezetten ortop\u00e9d cip\u00e9szek sz\u00e1m\u00e1ra aj\u00e1nljuk azon kedvez\u0151 tulajdons\u00e1gainak k\u00f6sz\u00f6nhet\u0151en, melyek fontos szempontokat k\u00e9peznek az ortop\u00e9d cip\u0151k gy\u00e1rt\u00e1sa sor\u00e1n. Jellemz\u0151i: \u2022 kiv\u00e1l\u00f3 cs\u00fasz\u00e1sg\u00e1tl\u00f3s\u00e1g minden id\u0151j\u00e1r\u00e1s eset\u00e9n \u2022 kiv\u00e1l\u00f3 flexibilit\u00e1s (magas gumitartalom) \u2022 kiv\u00e1l\u00f3 kop\u00e1s\u00e1ll\u00f3s\u00e1g (m\u00e1r a 6 mm vastag gumi kop\u00e1s\u00e1ll\u00f3s\u00e1ga kiv\u00e1ltja a m\u00e1s t\u00edpus\u00fa alacsonyabb min\u0151s\u00e9g\u0171 8 mm vastags\u00e1g\u00fa gumit, a f\u00e9rfi cip\u0151k\u00f6n is!) \u2022 az anyag min\u0151s\u00e9ge megfelel az uni\u00f3s norm\u00e1knak \u2022 k\u00f6nny\u0171 szabhat\u00f3s\u00e1g \u2022 k\u00f6nny\u0171 csiszolhat\u00f3s\u00e1g \u2022 egy komponens\u0171 ragaszt\u00f3val is ragaszthat\u00f3 \u2022 55-60-as sorkem\u00e9nys\u00e9g T\u00e1blam\u00e9ret: 91&#215;73 cm<\/p>","protected":false},"featured_media":351593,"comment_status":"closed","ping_status":"closed","template":"","meta":{"_seopress_robots_primary_cat":"none","_seopress_titles_title":"Mikrogumi (D44\/I)","_seopress_titles_desc":"Habos\u00edtott mikrogumi. Kifejezetten ortop\u00e9d cip\u00e9szek sz\u00e1m\u00e1ra aj\u00e1nljuk, mert kedvez\u0151 tulajdons\u00e1gainak miatt, fontos szempontokat k\u00e9peznek az ortop\u00e9d cip\u0151k gy\u00e1rt\u00e1sa sor\u00e1n.","_seopress_robots_index":""},"product_brand":[],"product_cat":[2210,2269],"product_tag":[2363],"class_list":{"0":"post-344787","1":"product","2":"type-product","3":"status-publish","4":"has-post-thumbnail","6":"product_cat-cipotalp-anyagok","7":"product_cat-mikrogumi-muparafa","8":"product_tag-cipogyartas-es-cipojavitas","9":"pa_meret-2-mm","10":"pa_meret-4-mm","11":"pa_meret-6-mm","12":"pa_meret-8-mm","13":"pa_meret-10-mm","14":"pa_szin-bezs","15":"pa_szin-bor","16":"pa_szin-feher","17":"pa_szin-fekete","18":"pa_szin-karamell","19":"pa_szin-kek","20":"pa_szin-sotet-barna","21":"pa_szin-szurke","23":"first","24":"instock","25":"featured","26":"purchasable","27":"product-type-variable"},"_links":{"self":[{"href":"https:\/\/cipokellekek.hu\/en\/wp-json\/wp\/v2\/product\/344787","targetHints":{"allow":["GET"]}}],"collection":[{"href":"https:\/\/cipokellekek.hu\/en\/wp-json\/wp\/v2\/product"}],"about":[{"href":"https:\/\/cipokellekek.hu\/en\/wp-json\/wp\/v2\/types\/product"}],"replies":[{"embeddable":true,"href":"https:\/\/cipokellekek.hu\/en\/wp-json\/wp\/v2\/comments?post=344787"}],"wp:featuredmedia":[{"embeddable":true,"href":"https:\/\/cipokellekek.hu\/en\/wp-json\/wp\/v2\/media\/351593"}],"wp:attachment":[{"href":"https:\/\/cipokellekek.hu\/en\/wp-json\/wp\/v2\/media?parent=344787"}],"wp:term":[{"taxonomy":"product_brand","embeddable":true,"href":"https:\/\/cipokellekek.hu\/en\/wp-json\/wp\/v2\/product_brand?post=344787"},{"taxonomy":"product_cat","embeddable":true,"href":"https:\/\/cipokellekek.hu\/en\/wp-json\/wp\/v2\/product_cat?post=344787"},{"taxonomy":"product_tag","embeddable":true,"href":"https:\/\/cipokellekek.hu\/en\/wp-json\/wp\/v2\/product_tag?post=344787"}],"curies":[{"name":"wp","href":"https:\/\/api.w.org\/{rel}","templated":true}]}}