{"id":344783,"date":"2023-09-11T17:00:22","date_gmt":"2023-09-11T15:00:22","guid":{"rendered":"https:\/\/dev.sysvol.hu\/belso\/termek\/csuszasgatlo-elegans-noi-cipokre-d150\/"},"modified":"2025-10-16T19:27:42","modified_gmt":"2025-10-16T17:27:42","slug":"csuszasgatlo-elegans-noi-cipokre-d150","status":"publish","type":"product","link":"https:\/\/cipokellekek.hu\/en\/uzlet\/cipotalp-anyagok\/magas-gumitartalmu-trekking-anyag-tablaban\/csuszasgatlo-elegans-noi-cipokre-d150\/","title":{"rendered":"Cs\u00fasz\u00e1sg\u00e1tl\u00f3 eleg\u00e1ns n\u0151i cip\u0151kre (D150)"},"content":{"rendered":"<div class=\"note note-1\">Eleg\u00e1ns \u00e9s rendk\u00edv\u00fcl rugalmas, j\u00f3l tapad\u00f3 anyag. Ide\u00e1lis v\u00e1laszt\u00e1s n\u0151i cip\u0151kh\u00f6z. Vastags\u00e1ga: 1,5 mm. T\u00e1bla m\u00e9ret: 63&#215;73 cm<\/div>\n<div class=\"note note-2\"><\/div>\n<div class=\"note note-3\"><\/div>","protected":false},"excerpt":{"rendered":"<p>Eleg\u00e1ns \u00e9s rendk\u00edv\u00fcl rugalmas, j\u00f3l tapad\u00f3 anyag. Ide\u00e1lis v\u00e1laszt\u00e1s n\u0151i cip\u0151kh\u00f6z. Vastags\u00e1ga: 1,5 mm. T\u00e1bla m\u00e9ret: 63&#215;73 cm<\/p>","protected":false},"featured_media":351590,"comment_status":"closed","ping_status":"closed","template":"","meta":{"_seopress_robots_primary_cat":"none","_seopress_titles_title":"Cs\u00fasz\u00e1sg\u00e1tl\u00f3 eleg\u00e1ns n\u0151i cip\u0151kre (D150)","_seopress_titles_desc":"Eleg\u00e1ns \u00e9s rendk\u00edv\u00fcl rugalmas, j\u00f3l tapad\u00f3 anyag. Ide\u00e1lis v\u00e1laszt\u00e1s n\u0151i cip\u0151kh\u00f6z. Vastags\u00e1ga: 1,5 mm. T\u00e1bla m\u00e9ret: 63x73 cm","_seopress_robots_index":""},"product_brand":[],"product_cat":[2210,2267],"product_tag":[2363],"class_list":{"0":"post-344783","1":"product","2":"type-product","3":"status-publish","4":"has-post-thumbnail","6":"product_cat-cipotalp-anyagok","7":"product_cat-magas-gumitartalmu-trekking-anyag-tablaban","8":"product_tag-cipogyartas-es-cipojavitas","9":"pa_szin-bezs","10":"pa_szin-fekete","11":"pa_szin-piros","13":"first","14":"instock","15":"purchasable","16":"product-type-variable"},"_links":{"self":[{"href":"https:\/\/cipokellekek.hu\/en\/wp-json\/wp\/v2\/product\/344783","targetHints":{"allow":["GET"]}}],"collection":[{"href":"https:\/\/cipokellekek.hu\/en\/wp-json\/wp\/v2\/product"}],"about":[{"href":"https:\/\/cipokellekek.hu\/en\/wp-json\/wp\/v2\/types\/product"}],"replies":[{"embeddable":true,"href":"https:\/\/cipokellekek.hu\/en\/wp-json\/wp\/v2\/comments?post=344783"}],"wp:featuredmedia":[{"embeddable":true,"href":"https:\/\/cipokellekek.hu\/en\/wp-json\/wp\/v2\/media\/351590"}],"wp:attachment":[{"href":"https:\/\/cipokellekek.hu\/en\/wp-json\/wp\/v2\/media?parent=344783"}],"wp:term":[{"taxonomy":"product_brand","embeddable":true,"href":"https:\/\/cipokellekek.hu\/en\/wp-json\/wp\/v2\/product_brand?post=344783"},{"taxonomy":"product_cat","embeddable":true,"href":"https:\/\/cipokellekek.hu\/en\/wp-json\/wp\/v2\/product_cat?post=344783"},{"taxonomy":"product_tag","embeddable":true,"href":"https:\/\/cipokellekek.hu\/en\/wp-json\/wp\/v2\/product_tag?post=344783"}],"curies":[{"name":"wp","href":"https:\/\/api.w.org\/{rel}","templated":true}]}}