{"id":344758,"date":"2023-09-11T17:00:22","date_gmt":"2023-09-11T15:00:22","guid":{"rendered":"https:\/\/dev.sysvol.hu\/belso\/termek\/talpanyag-d319\/"},"modified":"2026-03-19T13:06:31","modified_gmt":"2026-03-19T11:06:31","slug":"talpanyag-d319","status":"publish","type":"product","link":"https:\/\/cipokellekek.hu\/en\/uzlet\/cipotalp-anyagok\/magas-gumitartalmu-trekking-anyag-tablaban\/talpanyag-d319\/","title":{"rendered":"Cip\u0151talp anyag (D319)"},"content":{"rendered":"<div class=\"note note-1\">Magas gumitartalm\u00fa talpanyag, eleg\u00e1ns design, k\u00edv\u00e1l\u00f3 kop\u00e1s\u00e1ll\u00f3s\u00e1g. T\u00f6k\u00e9letes v\u00e1laszt\u00e1s cs\u00fasz\u00e1sg\u00e1tl\u00f3k\u00e9nt \u00e9s v\u00e9gtalpk\u00e9nt egyar\u00e1nt. T\u00e1bla m\u00e9ret: 63&#215;73 cm<\/div>\n<div class=\"note note-2\"><\/div>\n<div class=\"note note-3\"><\/div>","protected":false},"excerpt":{"rendered":"<p>Magas gumitartalm\u00fa talpanyag, eleg\u00e1ns design, k\u00edv\u00e1l\u00f3 kop\u00e1s\u00e1ll\u00f3s\u00e1g. T\u00f6k\u00e9letes v\u00e1laszt\u00e1s cs\u00fasz\u00e1sg\u00e1tl\u00f3k\u00e9nt \u00e9s v\u00e9gtalpk\u00e9nt egyar\u00e1nt. T\u00e1bla m\u00e9ret: 63\u00d773 cm<\/p>","protected":false},"featured_media":351584,"comment_status":"closed","ping_status":"closed","template":"","meta":{"_seopress_robots_primary_cat":"none","_seopress_titles_title":"Cip\u0151talp anyag (D319)","_seopress_titles_desc":"Magas gumitartalm\u00fa talpanyag, eleg\u00e1ns design, k\u00edv\u00e1l\u00f3 kop\u00e1s\u00e1ll\u00f3s\u00e1g. T\u00f6k\u00e9letes v\u00e1laszt\u00e1s cs\u00fasz\u00e1sg\u00e1tl\u00f3k\u00e9nt \u00e9s v\u00e9gtalpk\u00e9nt egyar\u00e1nt. T\u00e1bla m\u00e9ret: 63\u00d773 cm","_seopress_robots_index":""},"product_brand":[],"product_cat":[2210,2267],"product_tag":[2363],"class_list":{"0":"post-344758","1":"product","2":"type-product","3":"status-publish","4":"has-post-thumbnail","6":"product_cat-cipotalp-anyagok","7":"product_cat-magas-gumitartalmu-trekking-anyag-tablaban","8":"product_tag-cipogyartas-es-cipojavitas","9":"pa_meret-18-mm-2","10":"pa_meret-3-mm","11":"pa_meret-6-mm","12":"pa_szin-bezs","13":"pa_szin-feher","14":"pa_szin-fekete","15":"pa_szin-karamell","16":"pa_szin-mez","17":"pa_szin-piros","18":"pa_szin-sotet-barna","19":"pa_szin-tan","21":"first","22":"instock","23":"purchasable","24":"product-type-variable"},"_links":{"self":[{"href":"https:\/\/cipokellekek.hu\/en\/wp-json\/wp\/v2\/product\/344758","targetHints":{"allow":["GET"]}}],"collection":[{"href":"https:\/\/cipokellekek.hu\/en\/wp-json\/wp\/v2\/product"}],"about":[{"href":"https:\/\/cipokellekek.hu\/en\/wp-json\/wp\/v2\/types\/product"}],"replies":[{"embeddable":true,"href":"https:\/\/cipokellekek.hu\/en\/wp-json\/wp\/v2\/comments?post=344758"}],"wp:featuredmedia":[{"embeddable":true,"href":"https:\/\/cipokellekek.hu\/en\/wp-json\/wp\/v2\/media\/351584"}],"wp:attachment":[{"href":"https:\/\/cipokellekek.hu\/en\/wp-json\/wp\/v2\/media?parent=344758"}],"wp:term":[{"taxonomy":"product_brand","embeddable":true,"href":"https:\/\/cipokellekek.hu\/en\/wp-json\/wp\/v2\/product_brand?post=344758"},{"taxonomy":"product_cat","embeddable":true,"href":"https:\/\/cipokellekek.hu\/en\/wp-json\/wp\/v2\/product_cat?post=344758"},{"taxonomy":"product_tag","embeddable":true,"href":"https:\/\/cipokellekek.hu\/en\/wp-json\/wp\/v2\/product_tag?post=344758"}],"curies":[{"name":"wp","href":"https:\/\/api.w.org\/{rel}","templated":true}]}}