{"id":344755,"date":"2023-09-11T17:00:22","date_gmt":"2023-09-11T15:00:22","guid":{"rendered":"https:\/\/dev.sysvol.hu\/belso\/termek\/talpanyag-d306\/"},"modified":"2025-10-16T19:19:39","modified_gmt":"2025-10-16T17:19:39","slug":"talpanyag-d306","status":"publish","type":"product","link":"https:\/\/cipokellekek.hu\/en\/uzlet\/cipotalp-anyagok\/magas-gumitartalmu-trekking-anyag-tablaban\/talpanyag-d306\/","title":{"rendered":"Cip\u0151talp anyag (D306)"},"content":{"rendered":"<div class=\"note note-1\">A term\u00e9k magas gumitartalm\u00fa, ami kiv\u00e1l\u00f3 kop\u00e1s\u00e1ll\u00f3s\u00e1got biztos\u00edt. Mint\u00e1j\u00e1nak k\u00f6sz\u00f6nhet\u0151en a cs\u00fasz\u00f3s, t\u00e9li k\u00f6r\u00fclm\u00e9nyek k\u00f6z\u00f6tt is remek\u00fcl helyt \u00e1ll. T\u00e1bla m\u00e9ret: 63&#215;73 cm<\/div>\n<div class=\"note note-2\"><\/div>\n<div class=\"note note-3\"><\/div>","protected":false},"excerpt":{"rendered":"<p>A term\u00e9k magas gumitartalm\u00fa, ami kiv\u00e1l\u00f3 kop\u00e1s\u00e1ll\u00f3s\u00e1got biztos\u00edt. Mint\u00e1j\u00e1nak k\u00f6sz\u00f6nhet\u0151en a cs\u00fasz\u00f3s, t\u00e9li k\u00f6r\u00fclm\u00e9nyek k\u00f6z\u00f6tt is remek\u00fcl helyt \u00e1ll. T\u00e1bla m\u00e9ret: 63&#215;73 cm<\/p>","protected":false},"featured_media":351580,"comment_status":"closed","ping_status":"closed","template":"","meta":{"_seopress_robots_primary_cat":"none","_seopress_titles_title":"Cip\u0151talp anyag (D306)","_seopress_titles_desc":"A term\u00e9k magas gumitartalm\u00fa, ami kiv\u00e1l\u00f3 kop\u00e1s\u00e1ll\u00f3s\u00e1got biztos\u00edt. Mint\u00e1j\u00e1nak k\u00f6sz\u00f6nhet\u0151en a cs\u00fasz\u00f3s, t\u00e9li k\u00f6r\u00fclm\u00e9nyek k\u00f6z\u00f6tt is remek\u00fcl helyt \u00e1ll. T\u00e1bla m\u00e9ret: 63x73 cm","_seopress_robots_index":""},"product_brand":[],"product_cat":[2210,2267],"product_tag":[2363],"class_list":{"0":"post-344755","1":"product","2":"type-product","3":"status-publish","4":"has-post-thumbnail","6":"product_cat-cipotalp-anyagok","7":"product_cat-magas-gumitartalmu-trekking-anyag-tablaban","8":"product_tag-cipogyartas-es-cipojavitas","9":"pa_meret-4-mm","10":"pa_meret-6-mm","11":"pa_szin-fekete","13":"first","14":"instock","15":"purchasable","16":"product-type-variable"},"_links":{"self":[{"href":"https:\/\/cipokellekek.hu\/en\/wp-json\/wp\/v2\/product\/344755","targetHints":{"allow":["GET"]}}],"collection":[{"href":"https:\/\/cipokellekek.hu\/en\/wp-json\/wp\/v2\/product"}],"about":[{"href":"https:\/\/cipokellekek.hu\/en\/wp-json\/wp\/v2\/types\/product"}],"replies":[{"embeddable":true,"href":"https:\/\/cipokellekek.hu\/en\/wp-json\/wp\/v2\/comments?post=344755"}],"wp:featuredmedia":[{"embeddable":true,"href":"https:\/\/cipokellekek.hu\/en\/wp-json\/wp\/v2\/media\/351580"}],"wp:attachment":[{"href":"https:\/\/cipokellekek.hu\/en\/wp-json\/wp\/v2\/media?parent=344755"}],"wp:term":[{"taxonomy":"product_brand","embeddable":true,"href":"https:\/\/cipokellekek.hu\/en\/wp-json\/wp\/v2\/product_brand?post=344755"},{"taxonomy":"product_cat","embeddable":true,"href":"https:\/\/cipokellekek.hu\/en\/wp-json\/wp\/v2\/product_cat?post=344755"},{"taxonomy":"product_tag","embeddable":true,"href":"https:\/\/cipokellekek.hu\/en\/wp-json\/wp\/v2\/product_tag?post=344755"}],"curies":[{"name":"wp","href":"https:\/\/api.w.org\/{rel}","templated":true}]}}