{"id":344696,"date":"2023-09-11T17:00:22","date_gmt":"2023-09-11T15:00:22","guid":{"rendered":"https:\/\/dev.sysvol.hu\/belso\/termek\/talpanyag-d300\/"},"modified":"2026-03-19T12:42:30","modified_gmt":"2026-03-19T10:42:30","slug":"talpanyag-d300","status":"publish","type":"product","link":"https:\/\/cipokellekek.hu\/en\/uzlet\/cipotalp-anyagok\/magas-gumitartalmu-trekking-anyag-tablaban\/talpanyag-d300\/","title":{"rendered":"Cip\u0151talp anyag (D300)"},"content":{"rendered":"<div class=\"note note-1\">A term\u00e9k magas gumitartalm\u00fa, ami kiv\u00e1l\u00f3 kop\u00e1s\u00e1ll\u00f3s\u00e1got biztos\u00edt. T\u00e1bla m\u00e9ret: 63&#215;73 cm<\/div>\n<div><\/div>\n<div>\u00cdme n\u00e9h\u00e1ny el\u0151ny:<\/div>\n<div class=\"note note-2\"><\/div>\n<div>A magas gumitartalm\u00fa talpak \u00e1ltal\u00e1ban tart\u00f3sabbak \u00e9s ellen\u00e1ll\u00f3bbak a kop\u00e1ssal szemben, mint m\u00e1s anyagokb\u00f3l k\u00e9sz\u00fclt talpak. Ez n\u00f6veli a cip\u0151 \u00e9lettartam\u00e1t, k\u00fcl\u00f6n\u00f6sen olyan k\u00f6rnyezetekben, ahol a talp fokozott ig\u00e9nybev\u00e9telnek van kit\u00e9ve.<\/div>\n<div><\/div>\n<div class=\"note note-3\">A gumi rugalmass\u00e1ga miatt a cip\u0151talp jobban alkalmazkodik a l\u00e1b mozg\u00e1s\u00e1hoz, ami k\u00e9nyelmesebb\u00e9 teszi a visel\u00e9st, k\u00fcl\u00f6n\u00f6sen hosszabb ideig tart\u00f3 haszn\u00e1lat sor\u00e1n.<\/div>\n<div><\/div>\n<div class=\"note note-3\">Kiv\u00e1l\u00f3 tapad\u00e1si tulajdons\u00e1gokkal rendelkezik, ami fontos a cs\u00fasz\u00e1smentess\u00e9g szempontj\u00e1b\u00f3l. Ez k\u00fcl\u00f6n\u00f6sen hasznos sportcip\u0151k, munkav\u00e9delmi l\u00e1bbelik, \u00e9s mindennapi viselet eset\u00e9n, ahol fontos a biztons\u00e1gos l\u00e9p\u00e9s.<\/div>\n<div><\/div>\n<div>A gumi term\u00e9szetes v\u00edz\u00e1ll\u00f3s\u00e1ggal rendelkezik, ami megakad\u00e1lyozza a v\u00edz bejut\u00e1s\u00e1t a cip\u0151 belsej\u00e9be. Ez k\u00fcl\u00f6n\u00f6sen hasznos nedves k\u00f6r\u00fclm\u00e9nyek k\u00f6z\u00f6tt, p\u00e9ld\u00e1ul es\u0151ben vagy h\u00f3ban.<\/div>\n<div><\/div>\n<div>Ellen\u00e1ll sz\u00e1mos vegyi anyagnak, \u00edgy v\u00e9delmet ny\u00fajt azokkal szemben is, ami p\u00e9ld\u00e1ul fontos lehet munkav\u00e9delmi cip\u0151k eset\u00e9ben.<\/div>\n<div><\/div>\n<div>A gumitalpak j\u00f3 \u00fct\u00e9selnyel\u0151 k\u00e9pess\u00e9ggel b\u00edrnak, ami cs\u00f6kkenti a l\u00e1bfejre \u00e9s a testre hat\u00f3 terhel\u00e9st j\u00e1r\u00e1s vagy fut\u00e1s k\u00f6zben. Ez cs\u00f6kkentheti a f\u00e1radts\u00e1got \u00e9s az \u00edz\u00fcleti probl\u00e9m\u00e1k kialakul\u00e1s\u00e1nak kock\u00e1zat\u00e1t.<\/div>","protected":false},"excerpt":{"rendered":"<p>A cip\u0151talp anyag magas gumitartalm\u00fa, ami kiv\u00e1l\u00f3 kop\u00e1s\u00e1ll\u00f3s\u00e1got biztos\u00edt, \u00edgy jelent\u0151sen n\u00f6velheti a cip\u0151 \u00e9lettartam\u00e1t, k\u00fcl\u00f6n\u00f6sen olyan k\u00f6rnyezetekben, ahol a talp fokozott ig\u00e9nybev\u00e9telnek van kit\u00e9ve.<\/p>","protected":false},"featured_media":351567,"comment_status":"closed","ping_status":"closed","template":"","meta":{"_seopress_robots_primary_cat":"none","_seopress_titles_title":"Cip\u0151talp anyag (D300)","_seopress_titles_desc":"A cip\u0151talp anyag magas gumitartalm\u00fa, ami kiv\u00e1l\u00f3 kop\u00e1s\u00e1ll\u00f3s\u00e1got biztos\u00edt, \u00edgy n\u00f6veli a cip\u0151 \u00e9lettartam\u00e1t, k\u00fcl\u00f6n\u00f6sen ahol a talp fokozott ig\u00e9nybev\u00e9telnek van kit\u00e9ve.","_seopress_robots_index":""},"product_brand":[],"product_cat":[2210,2267],"product_tag":[2363],"class_list":{"0":"post-344696","1":"product","2":"type-product","3":"status-publish","4":"has-post-thumbnail","6":"product_cat-cipotalp-anyagok","7":"product_cat-magas-gumitartalmu-trekking-anyag-tablaban","8":"product_tag-cipogyartas-es-cipojavitas","9":"pa_meret-3-mm","10":"pa_meret-4-mm","11":"pa_meret-6-mm","12":"pa_szin-feher","13":"pa_szin-fekete","14":"pa_szin-karamell","15":"pa_szin-mez","16":"pa_szin-sotet-barna","17":"pa_szin-tan","19":"first","20":"instock","21":"purchasable","22":"product-type-variable"},"_links":{"self":[{"href":"https:\/\/cipokellekek.hu\/en\/wp-json\/wp\/v2\/product\/344696","targetHints":{"allow":["GET"]}}],"collection":[{"href":"https:\/\/cipokellekek.hu\/en\/wp-json\/wp\/v2\/product"}],"about":[{"href":"https:\/\/cipokellekek.hu\/en\/wp-json\/wp\/v2\/types\/product"}],"replies":[{"embeddable":true,"href":"https:\/\/cipokellekek.hu\/en\/wp-json\/wp\/v2\/comments?post=344696"}],"wp:featuredmedia":[{"embeddable":true,"href":"https:\/\/cipokellekek.hu\/en\/wp-json\/wp\/v2\/media\/351567"}],"wp:attachment":[{"href":"https:\/\/cipokellekek.hu\/en\/wp-json\/wp\/v2\/media?parent=344696"}],"wp:term":[{"taxonomy":"product_brand","embeddable":true,"href":"https:\/\/cipokellekek.hu\/en\/wp-json\/wp\/v2\/product_brand?post=344696"},{"taxonomy":"product_cat","embeddable":true,"href":"https:\/\/cipokellekek.hu\/en\/wp-json\/wp\/v2\/product_cat?post=344696"},{"taxonomy":"product_tag","embeddable":true,"href":"https:\/\/cipokellekek.hu\/en\/wp-json\/wp\/v2\/product_tag?post=344696"}],"curies":[{"name":"wp","href":"https:\/\/api.w.org\/{rel}","templated":true}]}}