{"id":344659,"date":"2023-09-11T17:00:22","date_gmt":"2023-09-11T15:00:22","guid":{"rendered":"https:\/\/dev.sysvol.hu\/belso\/termek\/formatalp-d558\/"},"modified":"2026-03-17T15:39:25","modified_gmt":"2026-03-17T13:39:25","slug":"formatalp-d558","status":"publish","type":"product","link":"https:\/\/cipokellekek.hu\/en\/uzlet\/cipotalp-anyagok\/formatalpak\/formatalp-d558\/","title":{"rendered":"Cs\u00e9szetalp (D558)"},"content":{"rendered":"<div class=\"note note-1\">\u00daj fejleszt\u00e9s\u0171, cs\u00e9szetalp, rugalmas, k\u00f6nny\u0171, j\u00f3l tapad \u00e9s egyszer\u0171en ragaszthat\u00f3. A t\u00f6k\u00e9letes r\u00f6gz\u00edt\u00e9s \u00e9rdek\u00e9ben haszn\u00e1lja a speci\u00e1lis pr\u00e9sg\u00e9pet. Peremmagass\u00e1g a l\u00e1bujjn\u00e1l: 14 mm Peremmagass\u00e1g a sarokn\u00e1l: 31 mm<\/div>\n<div class=\"note note-2\"><\/div>\n<div class=\"note note-3\"><\/div>","protected":false},"excerpt":{"rendered":"<div class=\"note note-1\">\u00daj fejleszt\u00e9s\u0171, cs\u00e9szetalp, rugalmas, k\u00f6nny\u0171, j\u00f3l tapad \u00e9s egyszer\u0171en ragaszthat\u00f3. A t\u00f6k\u00e9letes r\u00f6gz\u00edt\u00e9s \u00e9rdek\u00e9ben haszn\u00e1lja a speci\u00e1lis pr\u00e9sg\u00e9pet. Peremmagass\u00e1g a l\u00e1bujjn\u00e1l: 14 mm Peremmagass\u00e1g a sarokn\u00e1l: 31 mm<\/div>\n<div class=\"note note-2\"><\/div>","protected":false},"featured_media":351555,"comment_status":"closed","ping_status":"closed","template":"","meta":{"_seopress_robots_primary_cat":"none","_seopress_titles_title":"Cs\u00e9szetalp (D558)","_seopress_titles_desc":"\u00daj fejleszt\u00e9s\u0171, cs\u00e9szetalp, rugalmas, k\u00f6nny\u0171, j\u00f3l tapad \u00e9s egyszer\u0171en ragaszthat\u00f3. A t\u00f6k\u00e9letes r\u00f6gz\u00edt\u00e9s \u00e9rdek\u00e9ben haszn\u00e1lja a speci\u00e1lis pr\u00e9sg\u00e9pet.","_seopress_robots_index":""},"product_brand":[],"product_cat":[2210,2225],"product_tag":[2363],"class_list":{"0":"post-344659","1":"product","2":"type-product","3":"status-publish","4":"has-post-thumbnail","6":"product_cat-cipotalp-anyagok","7":"product_cat-formatalpak","8":"product_tag-cipogyartas-es-cipojavitas","9":"pa_meret-2057","10":"pa_meret-2058","11":"pa_meret-2249","12":"pa_meret-2060","13":"pa_meret-2061","14":"pa_meret-2062","15":"pa_meret-2063","16":"pa_meret-2250","17":"pa_szin-fekete","19":"first","20":"instock","21":"purchasable","22":"product-type-variable"},"_links":{"self":[{"href":"https:\/\/cipokellekek.hu\/en\/wp-json\/wp\/v2\/product\/344659","targetHints":{"allow":["GET"]}}],"collection":[{"href":"https:\/\/cipokellekek.hu\/en\/wp-json\/wp\/v2\/product"}],"about":[{"href":"https:\/\/cipokellekek.hu\/en\/wp-json\/wp\/v2\/types\/product"}],"replies":[{"embeddable":true,"href":"https:\/\/cipokellekek.hu\/en\/wp-json\/wp\/v2\/comments?post=344659"}],"wp:featuredmedia":[{"embeddable":true,"href":"https:\/\/cipokellekek.hu\/en\/wp-json\/wp\/v2\/media\/351555"}],"wp:attachment":[{"href":"https:\/\/cipokellekek.hu\/en\/wp-json\/wp\/v2\/media?parent=344659"}],"wp:term":[{"taxonomy":"product_brand","embeddable":true,"href":"https:\/\/cipokellekek.hu\/en\/wp-json\/wp\/v2\/product_brand?post=344659"},{"taxonomy":"product_cat","embeddable":true,"href":"https:\/\/cipokellekek.hu\/en\/wp-json\/wp\/v2\/product_cat?post=344659"},{"taxonomy":"product_tag","embeddable":true,"href":"https:\/\/cipokellekek.hu\/en\/wp-json\/wp\/v2\/product_tag?post=344659"}],"curies":[{"name":"wp","href":"https:\/\/api.w.org\/{rel}","templated":true}]}}