{"id":344634,"date":"2023-09-11T16:59:55","date_gmt":"2023-09-11T14:59:55","guid":{"rendered":"https:\/\/dev.sysvol.hu\/belso\/termek\/formatalp-d621\/"},"modified":"2026-03-17T15:49:33","modified_gmt":"2026-03-17T13:49:33","slug":"formatalp-d621","status":"publish","type":"product","link":"https:\/\/cipokellekek.hu\/en\/uzlet\/cipotalp-anyagok\/formatalpak\/formatalp-d621\/","title":{"rendered":"Formatalp (D621)"},"content":{"rendered":"<div class=\"note note-1\">Habos\u00edtott gumib\u00f3l k\u00e9sz\u00fclt lapos talp, rendk\u00edv\u00fcl rugalmas \u00e9s k\u00f6nny\u0171, k\u00edv\u00e1l\u00f3 tapad\u00e1s\u00fa, magas kop\u00e1s\u00e1ll\u00f3s\u00e1g\u00fa, k\u00fcl\u00f6n\u00f6sen alkalmas ortop\u00e9d cip\u0151kh\u00f6z. Nagy m\u00e9retben is el\u00e9rhet\u0151! Vastags\u00e1g: 7 mm<\/div>\n<div class=\"note note-2\"><\/div>\n<div class=\"note note-3\"><\/div>","protected":false},"excerpt":{"rendered":"<p>Habos\u00edtott gumib\u00f3l k\u00e9sz\u00fclt lapos talp, rendk\u00edv\u00fcl rugalmas \u00e9s k\u00f6nny\u0171, k\u00edv\u00e1l\u00f3 tapad\u00e1s\u00fa, magas kop\u00e1s\u00e1ll\u00f3s\u00e1g\u00fa, k\u00fcl\u00f6n\u00f6sen alkalmas ortop\u00e9d cip\u0151kh\u00f6z. Nagy m\u00e9retben is el\u00e9rhet\u0151! Vastags\u00e1g: 7 mm<\/p>","protected":false},"featured_media":351544,"comment_status":"closed","ping_status":"closed","template":"","meta":{"_seopress_robots_primary_cat":"none","_seopress_titles_title":"Formatalp (D621)","_seopress_titles_desc":"Habos\u00edtott gumib\u00f3l k\u00e9sz\u00fclt lapos talp, rendk\u00edv\u00fcl rugalmas \u00e9s k\u00f6nny\u0171, k\u00edv\u00e1l\u00f3 tapad\u00e1s\u00fa, magas kop\u00e1s\u00e1ll\u00f3s\u00e1g\u00fa, k\u00fcl\u00f6n\u00f6sen j\u00f3 ortop\u00e9d cip\u0151kh\u00f6z. Nagy m\u00e9retben is el\u00e9rhet\u0151!","_seopress_robots_index":""},"product_brand":[],"product_cat":[2210,2225],"product_tag":[2363],"class_list":{"0":"post-344634","1":"product","2":"type-product","3":"status-publish","4":"has-post-thumbnail","6":"product_cat-cipotalp-anyagok","7":"product_cat-formatalpak","8":"product_tag-cipogyartas-es-cipojavitas","9":"pa_meret-36-42","10":"pa_meret-43-51","11":"pa_szin-bezs","12":"pa_szin-feher","13":"pa_szin-fekete","15":"first","16":"instock","17":"purchasable","18":"product-type-variable"},"_links":{"self":[{"href":"https:\/\/cipokellekek.hu\/en\/wp-json\/wp\/v2\/product\/344634","targetHints":{"allow":["GET"]}}],"collection":[{"href":"https:\/\/cipokellekek.hu\/en\/wp-json\/wp\/v2\/product"}],"about":[{"href":"https:\/\/cipokellekek.hu\/en\/wp-json\/wp\/v2\/types\/product"}],"replies":[{"embeddable":true,"href":"https:\/\/cipokellekek.hu\/en\/wp-json\/wp\/v2\/comments?post=344634"}],"wp:featuredmedia":[{"embeddable":true,"href":"https:\/\/cipokellekek.hu\/en\/wp-json\/wp\/v2\/media\/351544"}],"wp:attachment":[{"href":"https:\/\/cipokellekek.hu\/en\/wp-json\/wp\/v2\/media?parent=344634"}],"wp:term":[{"taxonomy":"product_brand","embeddable":true,"href":"https:\/\/cipokellekek.hu\/en\/wp-json\/wp\/v2\/product_brand?post=344634"},{"taxonomy":"product_cat","embeddable":true,"href":"https:\/\/cipokellekek.hu\/en\/wp-json\/wp\/v2\/product_cat?post=344634"},{"taxonomy":"product_tag","embeddable":true,"href":"https:\/\/cipokellekek.hu\/en\/wp-json\/wp\/v2\/product_tag?post=344634"}],"curies":[{"name":"wp","href":"https:\/\/api.w.org\/{rel}","templated":true}]}}