{"id":344629,"date":"2023-09-11T16:59:55","date_gmt":"2023-09-11T14:59:55","guid":{"rendered":"https:\/\/dev.sysvol.hu\/belso\/termek\/formatalp-d623\/"},"modified":"2026-03-17T15:52:19","modified_gmt":"2026-03-17T13:52:19","slug":"formatalp-d623","status":"publish","type":"product","link":"https:\/\/cipokellekek.hu\/en\/uzlet\/cipotalp-anyagok\/formatalpak\/formatalp-d623\/","title":{"rendered":"Formatalp (D623)"},"content":{"rendered":"<div class=\"note note-1\">Lapos, sokoldal\u00fa, rendk\u00edv\u00fcl rugalmas, k\u00f6nny\u0171, massz\u00edv \u00e9s tapad\u00f3s talp. Ide\u00e1lis ortop\u00e9d \u00e9s k\u00e9nyelmes cip\u0151h\u00f6z. Egym\u00e9ret. Hosss\u00fas\u00e1g: 35,5-37 cm Vastags\u00e1g: 8 mm<\/div>\n<div class=\"note note-2\"><\/div>\n<div class=\"note note-3\"><\/div>","protected":false},"excerpt":{"rendered":"<p>Lapos, sokoldal\u00fa, rendk\u00edv\u00fcl rugalmas, k\u00f6nny\u0171, massz\u00edv \u00e9s tapad\u00f3s talp. Ide\u00e1lis ortop\u00e9d \u00e9s k\u00e9nyelmi cip\u0151h\u00f6z. Egym\u00e9ret. Hosss\u00fas\u00e1g: 35,5-37 cm Vastags\u00e1g: 8 mm<\/p>","protected":false},"featured_media":351541,"comment_status":"closed","ping_status":"closed","template":"","meta":{"_seopress_robots_primary_cat":"none","_seopress_titles_title":"Formatalp (D623)","_seopress_titles_desc":"Lapos, sokoldal\u00fa, rendk\u00edv\u00fcl rugalmas, k\u00f6nny\u0171, massz\u00edv \u00e9s tapad\u00f3s talp. Ide\u00e1lis ortop\u00e9d \u00e9s k\u00e9nyelmes cip\u0151h\u00f6z. Egym\u00e9ret. Hosss\u00fas\u00e1g: 35,5-37 cm Vastags\u00e1g: 8 mm","_seopress_robots_index":""},"product_brand":[],"product_cat":[2210,2225],"product_tag":[2363],"class_list":{"0":"post-344629","1":"product","2":"type-product","3":"status-publish","4":"has-post-thumbnail","6":"product_cat-cipotalp-anyagok","7":"product_cat-formatalpak","8":"product_tag-cipogyartas-es-cipojavitas","9":"pa_szin-feher","10":"pa_szin-fekete","12":"first","13":"instock","14":"purchasable","15":"product-type-variable"},"_links":{"self":[{"href":"https:\/\/cipokellekek.hu\/en\/wp-json\/wp\/v2\/product\/344629","targetHints":{"allow":["GET"]}}],"collection":[{"href":"https:\/\/cipokellekek.hu\/en\/wp-json\/wp\/v2\/product"}],"about":[{"href":"https:\/\/cipokellekek.hu\/en\/wp-json\/wp\/v2\/types\/product"}],"replies":[{"embeddable":true,"href":"https:\/\/cipokellekek.hu\/en\/wp-json\/wp\/v2\/comments?post=344629"}],"wp:featuredmedia":[{"embeddable":true,"href":"https:\/\/cipokellekek.hu\/en\/wp-json\/wp\/v2\/media\/351541"}],"wp:attachment":[{"href":"https:\/\/cipokellekek.hu\/en\/wp-json\/wp\/v2\/media?parent=344629"}],"wp:term":[{"taxonomy":"product_brand","embeddable":true,"href":"https:\/\/cipokellekek.hu\/en\/wp-json\/wp\/v2\/product_brand?post=344629"},{"taxonomy":"product_cat","embeddable":true,"href":"https:\/\/cipokellekek.hu\/en\/wp-json\/wp\/v2\/product_cat?post=344629"},{"taxonomy":"product_tag","embeddable":true,"href":"https:\/\/cipokellekek.hu\/en\/wp-json\/wp\/v2\/product_tag?post=344629"}],"curies":[{"name":"wp","href":"https:\/\/api.w.org\/{rel}","templated":true}]}}