{"id":344615,"date":"2023-09-11T16:59:55","date_gmt":"2023-09-11T14:59:55","guid":{"rendered":"https:\/\/dev.sysvol.hu\/belso\/termek\/formatalp-d521\/"},"modified":"2026-03-17T14:58:57","modified_gmt":"2026-03-17T12:58:57","slug":"formatalp-d521","status":"publish","type":"product","link":"https:\/\/cipokellekek.hu\/en\/uzlet\/cipotalp-anyagok\/formatalpak\/formatalp-d521\/","title":{"rendered":"Formatalp (D521)"},"content":{"rendered":"<div class=\"note note-1\">Lapos, mint\u00e1s, k\u00edv\u00e1l\u00f3an tapad\u00f3 formatalp, k\u00f6nnyen megmunk\u00e1lhat\u00f3 \u00e9s ragaszthat\u00f3. Ide\u00e1lis sneakerekhez \u00e9s ortop\u00e9d cip\u0151kh\u00f6z egyar\u00e1nt. Vastags\u00e1g: 4,5 mm, l\u00e1bujjn\u00e1l 2 mm. Hossz\u00fas\u00e1g kb. 38 cm. Ide\u00e1lis cip\u0151k jav\u00edt\u00e1s\u00e1hoz \u00e9s ortop\u00e9di\u00e1hoz. Egy m\u00e9ret.<\/div>\n<div class=\"note note-2\"><\/div>\n<div class=\"note note-3\"><\/div>","protected":false},"excerpt":{"rendered":"<p>Lapos, mint\u00e1s, k\u00edv\u00e1l\u00f3an tapad\u00f3 formatalp, k\u00f6nnyen megmunk\u00e1lhat\u00f3 \u00e9s ragaszthat\u00f3. Ide\u00e1lis sneakerekhez \u00e9s ortop\u00e9d cip\u0151kh\u00f6z egyar\u00e1nt. Vastags\u00e1g: 4,5 mm, l\u00e1bujjn\u00e1l 2 mm. Hossz\u00fas\u00e1g kb. 38 cm. Ide\u00e1lis cip\u0151k jav\u00edt\u00e1s\u00e1hoz \u00e9s ortop\u00e9di\u00e1hoz. Egy m\u00e9ret.<\/p>","protected":false},"featured_media":351539,"comment_status":"closed","ping_status":"closed","template":"","meta":{"_seopress_robots_primary_cat":"none","_seopress_titles_title":"Formatalp (D521)","_seopress_titles_desc":"Lapos, mint\u00e1s, k\u00edv\u00e1l\u00f3an tapad\u00f3 formatalp, k\u00f6nnyen megmunk\u00e1lhat\u00f3 \u00e9s ragaszthat\u00f3. Ide\u00e1lis sneakerekhez \u00e9s ortop\u00e9d cip\u0151kh\u00f6z egyar\u00e1nt. Adatok a term\u00e9kle\u00edr\u00e1sn\u00e1l.","_seopress_robots_index":""},"product_brand":[],"product_cat":[2210,2225],"product_tag":[2363],"class_list":{"0":"post-344615","1":"product","2":"type-product","3":"status-publish","4":"has-post-thumbnail","6":"product_cat-cipotalp-anyagok","7":"product_cat-formatalpak","8":"product_tag-cipogyartas-es-cipojavitas","9":"pa_szin-bor","10":"pa_szin-feher","11":"pa_szin-fekete","12":"pa_szin-karamell","13":"pa_szin-mez","14":"pa_szin-narancssarga","15":"pa_szin-natur","16":"pa_szin-piros","17":"pa_szin-sarga","18":"pa_szin-sotet-barna","19":"pa_szin-sotet-kek","20":"pa_szin-szurke","21":"pa_szin-vilagos-kek","22":"pa_szin-zold","24":"first","25":"instock","26":"purchasable","27":"product-type-variable"},"_links":{"self":[{"href":"https:\/\/cipokellekek.hu\/en\/wp-json\/wp\/v2\/product\/344615","targetHints":{"allow":["GET"]}}],"collection":[{"href":"https:\/\/cipokellekek.hu\/en\/wp-json\/wp\/v2\/product"}],"about":[{"href":"https:\/\/cipokellekek.hu\/en\/wp-json\/wp\/v2\/types\/product"}],"replies":[{"embeddable":true,"href":"https:\/\/cipokellekek.hu\/en\/wp-json\/wp\/v2\/comments?post=344615"}],"wp:featuredmedia":[{"embeddable":true,"href":"https:\/\/cipokellekek.hu\/en\/wp-json\/wp\/v2\/media\/351539"}],"wp:attachment":[{"href":"https:\/\/cipokellekek.hu\/en\/wp-json\/wp\/v2\/media?parent=344615"}],"wp:term":[{"taxonomy":"product_brand","embeddable":true,"href":"https:\/\/cipokellekek.hu\/en\/wp-json\/wp\/v2\/product_brand?post=344615"},{"taxonomy":"product_cat","embeddable":true,"href":"https:\/\/cipokellekek.hu\/en\/wp-json\/wp\/v2\/product_cat?post=344615"},{"taxonomy":"product_tag","embeddable":true,"href":"https:\/\/cipokellekek.hu\/en\/wp-json\/wp\/v2\/product_tag?post=344615"}],"curies":[{"name":"wp","href":"https:\/\/api.w.org\/{rel}","templated":true}]}}