{"id":344594,"date":"2023-09-11T16:59:55","date_gmt":"2023-09-11T14:59:55","guid":{"rendered":"https:\/\/dev.sysvol.hu\/belso\/termek\/formatalp-d617\/"},"modified":"2025-10-13T15:27:53","modified_gmt":"2025-10-13T13:27:53","slug":"formatalp-d617","status":"publish","type":"product","link":"https:\/\/cipokellekek.hu\/en\/uzlet\/cipotalp-anyagok\/formatalpak\/formatalp-d617\/","title":{"rendered":"Formatalp (D617)"},"content":{"rendered":"<div class=\"note note-1\">Habos\u00edtott, magas gumi tartalm\u00fa formatalp, amely egyszerre biztos\u00edtja a k\u00f6nnyed s\u00falyt \u00e9s a magas kop\u00e1s\u00e1ll\u00f3s\u00e1got. Ortop\u00e9d cip\u0151kre is javasoljuk. Vastags\u00e1g: l\u00e1bujj: 10 mm Sarok: 22 mm<\/div>\n<div class=\"note note-2\"><\/div>\n<div class=\"note note-3\"><\/div>","protected":false},"excerpt":{"rendered":"<p>Habos\u00edtott, magas gumi tartalm\u00fa formatalp, amely egyszerre biztos\u00edtja a k\u00f6nnyed s\u00falyt \u00e9s a magas kop\u00e1s\u00e1ll\u00f3s\u00e1got. Ortop\u00e9d cip\u0151kre is javasoljuk. Vastags\u00e1g: l\u00e1bujj: 10 mm Sarok: 22 mm<\/p>","protected":false},"featured_media":351533,"comment_status":"closed","ping_status":"closed","template":"","meta":{"_seopress_robots_primary_cat":"none","_seopress_titles_title":"Formatalp (D617)","_seopress_titles_desc":"Habos\u00edtott, magas gumi tartalm\u00fa formatalp, amely egyszerre biztos\u00edtja a k\u00f6nnyed s\u00falyt \u00e9s a magas kop\u00e1s\u00e1ll\u00f3s\u00e1got. Ortop\u00e9d cip\u0151kre is javasoljuk. Vastags\u00e1g: l\u00e1bujj: 10 mm Sarok: 22 mm","_seopress_robots_index":""},"product_brand":[],"product_cat":[2210,2225],"product_tag":[2363],"class_list":{"0":"post-344594","1":"product","2":"type-product","3":"status-publish","4":"has-post-thumbnail","6":"product_cat-cipotalp-anyagok","7":"product_cat-formatalpak","8":"product_tag-cipogyartas-es-cipojavitas","9":"pa_meret-37-39","10":"pa_meret-39-41","11":"pa_meret-41-43","12":"pa_meret-43-45","13":"pa_meret-45-47","14":"pa_szin-barna","15":"pa_szin-fekete","17":"first","18":"instock","19":"purchasable","20":"product-type-variable"},"_links":{"self":[{"href":"https:\/\/cipokellekek.hu\/en\/wp-json\/wp\/v2\/product\/344594","targetHints":{"allow":["GET"]}}],"collection":[{"href":"https:\/\/cipokellekek.hu\/en\/wp-json\/wp\/v2\/product"}],"about":[{"href":"https:\/\/cipokellekek.hu\/en\/wp-json\/wp\/v2\/types\/product"}],"replies":[{"embeddable":true,"href":"https:\/\/cipokellekek.hu\/en\/wp-json\/wp\/v2\/comments?post=344594"}],"wp:featuredmedia":[{"embeddable":true,"href":"https:\/\/cipokellekek.hu\/en\/wp-json\/wp\/v2\/media\/351533"}],"wp:attachment":[{"href":"https:\/\/cipokellekek.hu\/en\/wp-json\/wp\/v2\/media?parent=344594"}],"wp:term":[{"taxonomy":"product_brand","embeddable":true,"href":"https:\/\/cipokellekek.hu\/en\/wp-json\/wp\/v2\/product_brand?post=344594"},{"taxonomy":"product_cat","embeddable":true,"href":"https:\/\/cipokellekek.hu\/en\/wp-json\/wp\/v2\/product_cat?post=344594"},{"taxonomy":"product_tag","embeddable":true,"href":"https:\/\/cipokellekek.hu\/en\/wp-json\/wp\/v2\/product_tag?post=344594"}],"curies":[{"name":"wp","href":"https:\/\/api.w.org\/{rel}","templated":true}]}}