{"id":344571,"date":"2023-09-11T16:59:55","date_gmt":"2023-09-11T14:59:55","guid":{"rendered":"https:\/\/dev.sysvol.hu\/belso\/termek\/formatalp-d610\/"},"modified":"2025-10-13T17:51:45","modified_gmt":"2025-10-13T15:51:45","slug":"formatalp-d610","status":"publish","type":"product","link":"https:\/\/cipokellekek.hu\/en\/uzlet\/cipotalp-anyagok\/formatalpak\/formatalp-d610\/","title":{"rendered":"Formatalp (D610)"},"content":{"rendered":"<div class=\"note note-1\">Habos\u00edtott, magas gumitartalm\u00fa anyag. Kop\u00e1s\u00e1ll\u00f3s\u00e1ga k\u00edv\u00e1l\u00f3, k\u00f6nnyed s\u00falya pedig lehet\u0151v\u00e9 teszi ortop\u00e9d cip\u0151re val\u00f3 haszn\u00e1lat\u00e1t is. Vastags\u00e1g: l\u00e1bujj: 10 mm sarok: 22 mm<\/div>\n<div class=\"note note-2\"><\/div>\n<div class=\"note note-3\"><\/div>","protected":false},"excerpt":{"rendered":"<p>Habos\u00edtott, magas gumitartalm\u00fa anyag. Kop\u00e1s\u00e1ll\u00f3s\u00e1ga k\u00edv\u00e1l\u00f3, k\u00f6nnyed s\u00falya pedig lehet\u0151v\u00e9 teszi ortop\u00e9d cip\u0151re val\u00f3 haszn\u00e1lat\u00e1t is. Vastags\u00e1g: l\u00e1bujj: 10 mm sarok: 22 mm<\/p>","protected":false},"featured_media":351526,"comment_status":"closed","ping_status":"closed","template":"","meta":{"_seopress_robots_primary_cat":"none","_seopress_titles_title":"Formatalp (D610)","_seopress_titles_desc":"Habos\u00edtott, magas gumitartalm\u00fa anyag. Kop\u00e1s\u00e1ll\u00f3s\u00e1ga k\u00edv\u00e1l\u00f3, k\u00f6nnyed s\u00falya pedig lehet\u0151v\u00e9 teszi ortop\u00e9d cip\u0151re val\u00f3 haszn\u00e1lat\u00e1t is. Vastags\u00e1g: l\u00e1bujj: 10 mm sarok: 22 mm","_seopress_robots_index":""},"product_brand":[],"product_cat":[2210,2225],"product_tag":[2363],"class_list":{"0":"post-344571","1":"product","2":"type-product","3":"status-publish","4":"has-post-thumbnail","6":"product_cat-cipotalp-anyagok","7":"product_cat-formatalpak","8":"product_tag-cipogyartas-es-cipojavitas","9":"pa_meret-38_40","10":"pa_meret-41_43","11":"pa_meret-44_46","12":"pa_szin-fekete","13":"pa_szin-sotet-barna","15":"first","16":"instock","17":"purchasable","18":"product-type-variable"},"_links":{"self":[{"href":"https:\/\/cipokellekek.hu\/en\/wp-json\/wp\/v2\/product\/344571","targetHints":{"allow":["GET"]}}],"collection":[{"href":"https:\/\/cipokellekek.hu\/en\/wp-json\/wp\/v2\/product"}],"about":[{"href":"https:\/\/cipokellekek.hu\/en\/wp-json\/wp\/v2\/types\/product"}],"replies":[{"embeddable":true,"href":"https:\/\/cipokellekek.hu\/en\/wp-json\/wp\/v2\/comments?post=344571"}],"wp:featuredmedia":[{"embeddable":true,"href":"https:\/\/cipokellekek.hu\/en\/wp-json\/wp\/v2\/media\/351526"}],"wp:attachment":[{"href":"https:\/\/cipokellekek.hu\/en\/wp-json\/wp\/v2\/media?parent=344571"}],"wp:term":[{"taxonomy":"product_brand","embeddable":true,"href":"https:\/\/cipokellekek.hu\/en\/wp-json\/wp\/v2\/product_brand?post=344571"},{"taxonomy":"product_cat","embeddable":true,"href":"https:\/\/cipokellekek.hu\/en\/wp-json\/wp\/v2\/product_cat?post=344571"},{"taxonomy":"product_tag","embeddable":true,"href":"https:\/\/cipokellekek.hu\/en\/wp-json\/wp\/v2\/product_tag?post=344571"}],"curies":[{"name":"wp","href":"https:\/\/api.w.org\/{rel}","templated":true}]}}