{"id":344549,"date":"2023-09-11T16:59:55","date_gmt":"2023-09-11T14:59:55","guid":{"rendered":"https:\/\/dev.sysvol.hu\/belso\/termek\/formatalp-d553\/"},"modified":"2026-03-17T15:21:19","modified_gmt":"2026-03-17T13:21:19","slug":"formatalp-d553","status":"publish","type":"product","link":"https:\/\/cipokellekek.hu\/en\/uzlet\/cipotalp-anyagok\/formatalpak\/formatalp-d553\/","title":{"rendered":"Cs\u00e9szetalp (D553)"},"content":{"rendered":"<div class=\"note note-1\">K\u00f6nny\u0171 \u00e9s rugalmas cs\u00e9szetalp f\u00e9rfi cip\u0151kre. Egyszer\u0171en \u00e9s gyorsan r\u00f6gz\u00edthet\u0151. A t\u00f6k\u00e9letes eredm\u00e9ny \u00e9rdek\u00e9ben haszn\u00e1lja a speci\u00e1lis pr\u00e9sg\u00e9pet! Peremmagass\u00e1g a l\u00e1bujjn\u00e1l: 18 mm Peremmagass\u00e1g a sarokn\u00e1l: 33 mm<\/div>","protected":false},"excerpt":{"rendered":"<p>K\u00f6nny\u0171 \u00e9s rugalmas cs\u00e9szetalp f\u00e9rfi cip\u0151kre. Egyszer\u0171en \u00e9s gyorsan r\u00f6gz\u00edthet\u0151. A t\u00f6k\u00e9letes eredm\u00e9ny \u00e9rdek\u00e9ben haszn\u00e1lja a speci\u00e1lis pr\u00e9sg\u00e9pet! Peremmagass\u00e1g a l\u00e1bujjn\u00e1l: 18 mm Peremmagass\u00e1g a sarokn\u00e1l: 33 mm<\/p>","protected":false},"featured_media":351516,"comment_status":"closed","ping_status":"closed","template":"","meta":{"_seopress_robots_primary_cat":"none","_seopress_titles_title":"Cs\u00e9szetalp (D553)","_seopress_titles_desc":"K\u00f6nny\u0171 \u00e9s rugalmas cs\u00e9szetalp f\u00e9rfi cip\u0151kre. Egyszer\u0171en \u00e9s gyorsan r\u00f6gz\u00edthet\u0151. A t\u00f6k\u00e9letes eredm\u00e9ny \u00e9rdek\u00e9ben haszn\u00e1lja a speci\u00e1lis pr\u00e9sg\u00e9pet!","_seopress_robots_index":""},"product_brand":[],"product_cat":[2210,2225],"product_tag":[2363],"class_list":{"0":"post-344549","1":"product","2":"type-product","3":"status-publish","4":"has-post-thumbnail","6":"product_cat-cipotalp-anyagok","7":"product_cat-formatalpak","8":"product_tag-cipogyartas-es-cipojavitas","9":"pa_meret-2060","10":"pa_meret-2061","11":"pa_meret-2062","12":"pa_meret-2063","13":"pa_meret-2250","14":"pa_szin-fekete","16":"first","17":"instock","18":"purchasable","19":"product-type-variable"},"_links":{"self":[{"href":"https:\/\/cipokellekek.hu\/en\/wp-json\/wp\/v2\/product\/344549","targetHints":{"allow":["GET"]}}],"collection":[{"href":"https:\/\/cipokellekek.hu\/en\/wp-json\/wp\/v2\/product"}],"about":[{"href":"https:\/\/cipokellekek.hu\/en\/wp-json\/wp\/v2\/types\/product"}],"replies":[{"embeddable":true,"href":"https:\/\/cipokellekek.hu\/en\/wp-json\/wp\/v2\/comments?post=344549"}],"wp:featuredmedia":[{"embeddable":true,"href":"https:\/\/cipokellekek.hu\/en\/wp-json\/wp\/v2\/media\/351516"}],"wp:attachment":[{"href":"https:\/\/cipokellekek.hu\/en\/wp-json\/wp\/v2\/media?parent=344549"}],"wp:term":[{"taxonomy":"product_brand","embeddable":true,"href":"https:\/\/cipokellekek.hu\/en\/wp-json\/wp\/v2\/product_brand?post=344549"},{"taxonomy":"product_cat","embeddable":true,"href":"https:\/\/cipokellekek.hu\/en\/wp-json\/wp\/v2\/product_cat?post=344549"},{"taxonomy":"product_tag","embeddable":true,"href":"https:\/\/cipokellekek.hu\/en\/wp-json\/wp\/v2\/product_tag?post=344549"}],"curies":[{"name":"wp","href":"https:\/\/api.w.org\/{rel}","templated":true}]}}