{"id":344533,"date":"2023-09-11T16:59:31","date_gmt":"2023-09-11T14:59:31","guid":{"rendered":"https:\/\/dev.sysvol.hu\/belso\/termek\/formatalp-d552\/"},"modified":"2026-03-17T15:17:31","modified_gmt":"2026-03-17T13:17:31","slug":"formatalp-d552","status":"publish","type":"product","link":"https:\/\/cipokellekek.hu\/en\/uzlet\/cipotalp-anyagok\/formatalpak\/formatalp-d552\/","title":{"rendered":"Cs\u00e9szetalp (D552)"},"content":{"rendered":"<div class=\"note note-1\">Rugalmas \u00e9s k\u00f6nny\u0171 cs\u00e9szetalp n\u0151i cip\u0151kre. Egyszer\u0171en \u00e9s gyorsan r\u00f6gz\u00edthet\u0151. A t\u00f6k\u00e9letes eredm\u00e9ny \u00e9rdek\u00e9ben haszn\u00e1lja a speci\u00e1lis pr\u00e9sg\u00e9pet.<\/p>\n<div class=\"note note-1\">\u00daj fejleszt\u00e9s\u0171, cs\u00e9szetalp, rugalmas, k\u00f6nny\u0171, j\u00f3l tapad \u00e9s egyszer\u0171en ragaszthat\u00f3. Ide\u00e1lis v\u00e1laszt\u00e1s t\u00e9li cip\u0151kh\u00f6z. Peremmagass\u00e1g a l\u00e1bujjn\u00e1l: 15 mm Peremmagass\u00e1g a sarokn\u00e1l: 29 mm<\/div>\n<\/div>\n<div class=\"note note-2\"><\/div>\n<div class=\"note note-3\"><\/div>","protected":false},"excerpt":{"rendered":"<p>Rugalmas \u00e9s k\u00f6nny\u0171 cs\u00e9szetalp n\u0151i cip\u0151kre. Egyszer\u0171en \u00e9s gyorsan r\u00f6gz\u00edthet\u0151. A t\u00f6k\u00e9letes eredm\u00e9ny \u00e9rdek\u00e9ben haszn\u00e1lja a speci\u00e1lis pr\u00e9sg\u00e9pet.<\/p>\n<div class=\"note note-1\">\u00daj fejleszt\u00e9s\u0171, cs\u00e9szetalp, rugalmas, k\u00f6nny\u0171, j\u00f3l tapad \u00e9s egyszer\u0171en ragaszthat\u00f3. Ide\u00e1lis v\u00e1laszt\u00e1s t\u00e9li cip\u0151kh\u00f6z. Peremmagass\u00e1g a l\u00e1bujjn\u00e1l: 15 mm Peremmagass\u00e1g a sarokn\u00e1l: 29 mm<\/div>","protected":false},"featured_media":351512,"comment_status":"closed","ping_status":"closed","template":"","meta":{"_seopress_robots_primary_cat":"none","_seopress_titles_title":"Cs\u00e9szetalp (D552)","_seopress_titles_desc":"Rugalmas \u00e9s k\u00f6nny\u0171 cs\u00e9szetalp n\u0151i cip\u0151kre. Egyszer\u0171en \u00e9s gyorsan r\u00f6gz\u00edthet\u0151. A t\u00f6k\u00e9letes eredm\u00e9ny \u00e9rdek\u00e9ben haszn\u00e1lja a speci\u00e1lis pr\u00e9sg\u00e9pet.","_seopress_robots_index":""},"product_brand":[],"product_cat":[2210,2225],"product_tag":[2363],"class_list":{"0":"post-344533","1":"product","2":"type-product","3":"status-publish","4":"has-post-thumbnail","6":"product_cat-cipotalp-anyagok","7":"product_cat-formatalpak","8":"product_tag-cipogyartas-es-cipojavitas","9":"pa_meret-2251","10":"pa_meret-2057","11":"pa_meret-2058","12":"pa_meret-2059","13":"pa_meret-1871","14":"pa_szin-feher","15":"pa_szin-fekete","17":"first","18":"instock","19":"purchasable","20":"product-type-variable"},"_links":{"self":[{"href":"https:\/\/cipokellekek.hu\/en\/wp-json\/wp\/v2\/product\/344533","targetHints":{"allow":["GET"]}}],"collection":[{"href":"https:\/\/cipokellekek.hu\/en\/wp-json\/wp\/v2\/product"}],"about":[{"href":"https:\/\/cipokellekek.hu\/en\/wp-json\/wp\/v2\/types\/product"}],"replies":[{"embeddable":true,"href":"https:\/\/cipokellekek.hu\/en\/wp-json\/wp\/v2\/comments?post=344533"}],"wp:featuredmedia":[{"embeddable":true,"href":"https:\/\/cipokellekek.hu\/en\/wp-json\/wp\/v2\/media\/351512"}],"wp:attachment":[{"href":"https:\/\/cipokellekek.hu\/en\/wp-json\/wp\/v2\/media?parent=344533"}],"wp:term":[{"taxonomy":"product_brand","embeddable":true,"href":"https:\/\/cipokellekek.hu\/en\/wp-json\/wp\/v2\/product_brand?post=344533"},{"taxonomy":"product_cat","embeddable":true,"href":"https:\/\/cipokellekek.hu\/en\/wp-json\/wp\/v2\/product_cat?post=344533"},{"taxonomy":"product_tag","embeddable":true,"href":"https:\/\/cipokellekek.hu\/en\/wp-json\/wp\/v2\/product_tag?post=344533"}],"curies":[{"name":"wp","href":"https:\/\/api.w.org\/{rel}","templated":true}]}}