{"id":344507,"date":"2023-09-11T16:59:31","date_gmt":"2023-09-11T14:59:31","guid":{"rendered":"https:\/\/dev.sysvol.hu\/belso\/termek\/formatalp-d550\/"},"modified":"2026-03-17T15:05:12","modified_gmt":"2026-03-17T13:05:12","slug":"formatalp-d550","status":"publish","type":"product","link":"https:\/\/cipokellekek.hu\/en\/uzlet\/cipotalp-anyagok\/formatalpak\/formatalp-d550\/","title":{"rendered":"Cs\u00e9szetalp (D550)"},"content":{"rendered":"<div class=\"note note-1\">\u00daj fejleszt\u00e9s\u0171, cs\u00e9szetalp, rugalmas, k\u00f6nny\u0171 \u00e9s egyszer\u0171en ragaszthat\u00f3. A t\u00f6k\u00e9letes r\u00f6gz\u00edt\u00e9s \u00e9rdek\u00e9ben haszn\u00e1lja a speci\u00e1lis pr\u00e9sg\u00e9pet. Peremmagass\u00e1g a l\u00e1bujjn\u00e1l: 18 mm Peremmagass\u00e1g a sarokn\u00e1l: 26 mm<\/div>\n<div class=\"note note-2\"><\/div>\n<div class=\"note note-3\"><\/div>","protected":false},"excerpt":{"rendered":"<div class=\"note note-1\">\u00daj fejleszt\u00e9s\u0171, cs\u00e9szetalp, rugalmas, k\u00f6nny\u0171 \u00e9s egyszer\u0171en ragaszthat\u00f3. A t\u00f6k\u00e9letes r\u00f6gz\u00edt\u00e9s \u00e9rdek\u00e9ben haszn\u00e1lja a speci\u00e1lis pr\u00e9sg\u00e9pet. Peremmagass\u00e1g a l\u00e1bujjn\u00e1l: 18 mm Peremmagass\u00e1g a sarokn\u00e1l: 26 mm<\/div>\n<div class=\"note note-2\"><\/div>\n<div class=\"note note-3\"><\/div>","protected":false},"featured_media":351501,"comment_status":"closed","ping_status":"closed","template":"","meta":{"_seopress_robots_primary_cat":"none","_seopress_titles_title":"Cs\u00e9szetalp (D550)","_seopress_titles_desc":"\u00daj fejleszt\u00e9s\u0171, cs\u00e9szetalp, rugalmas, k\u00f6nny\u0171 \u00e9s egyszer\u0171en ragaszthat\u00f3. A t\u00f6k\u00e9letes r\u00f6gz\u00edt\u00e9s \u00e9rdek\u00e9ben haszn\u00e1lja a speci\u00e1lis pr\u00e9sg\u00e9pet.","_seopress_robots_index":""},"product_brand":[],"product_cat":[2210,2225],"product_tag":[2363],"class_list":{"0":"post-344507","1":"product","2":"type-product","3":"status-publish","4":"has-post-thumbnail","6":"product_cat-cipotalp-anyagok","7":"product_cat-formatalpak","8":"product_tag-cipogyartas-es-cipojavitas","9":"pa_meret-2251","10":"pa_meret-2057","11":"pa_meret-2058","12":"pa_meret-2249","13":"pa_meret-2060","14":"pa_meret-2061","15":"pa_meret-2062","16":"pa_meret-2063","17":"pa_meret-2250","18":"pa_meret-2098","19":"pa_szin-feher","20":"pa_szin-fekete","21":"pa_szin-sotet-mez","23":"first","24":"instock","25":"purchasable","26":"product-type-variable"},"_links":{"self":[{"href":"https:\/\/cipokellekek.hu\/en\/wp-json\/wp\/v2\/product\/344507","targetHints":{"allow":["GET"]}}],"collection":[{"href":"https:\/\/cipokellekek.hu\/en\/wp-json\/wp\/v2\/product"}],"about":[{"href":"https:\/\/cipokellekek.hu\/en\/wp-json\/wp\/v2\/types\/product"}],"replies":[{"embeddable":true,"href":"https:\/\/cipokellekek.hu\/en\/wp-json\/wp\/v2\/comments?post=344507"}],"wp:featuredmedia":[{"embeddable":true,"href":"https:\/\/cipokellekek.hu\/en\/wp-json\/wp\/v2\/media\/351501"}],"wp:attachment":[{"href":"https:\/\/cipokellekek.hu\/en\/wp-json\/wp\/v2\/media?parent=344507"}],"wp:term":[{"taxonomy":"product_brand","embeddable":true,"href":"https:\/\/cipokellekek.hu\/en\/wp-json\/wp\/v2\/product_brand?post=344507"},{"taxonomy":"product_cat","embeddable":true,"href":"https:\/\/cipokellekek.hu\/en\/wp-json\/wp\/v2\/product_cat?post=344507"},{"taxonomy":"product_tag","embeddable":true,"href":"https:\/\/cipokellekek.hu\/en\/wp-json\/wp\/v2\/product_tag?post=344507"}],"curies":[{"name":"wp","href":"https:\/\/api.w.org\/{rel}","templated":true}]}}