{"id":344493,"date":"2023-09-11T16:59:31","date_gmt":"2023-09-11T14:59:31","guid":{"rendered":"https:\/\/dev.sysvol.hu\/belso\/termek\/formatalp-d520\/"},"modified":"2026-03-17T14:57:13","modified_gmt":"2026-03-17T12:57:13","slug":"formatalp-d520","status":"publish","type":"product","link":"https:\/\/cipokellekek.hu\/en\/uzlet\/cipotalp-anyagok\/formatalpak\/formatalp-d520\/","title":{"rendered":"Formatalp (D520)"},"content":{"rendered":"<div class=\"note note-1\">Lapos \u00e9s sokoldal\u00fa formatalp, k\u00f6nnyen megmunk\u00e1lhat\u00f3 \u00e9s ragaszthat\u00f3, k\u00edv\u00e1l\u00f3an tapad, sz\u00e9les form\u00e1j\u00e1nak k\u00f6sz\u00f6nhet\u0151en kiv\u00e1l\u00f3an alkalmas ortop\u00e9di\u00e1ra is. Egym\u00e9ret. Talpvastags\u00e1g: 4,5 mm L\u00e1bujj vastags\u00e1g: 2,0 mm Hossz\u00fas\u00e1g: kb 38 cm; 35,5 a talp, plusz 2,5 cm a l\u00e1bujj.<\/div>\n<div class=\"note note-2\"><\/div>\n<div class=\"note note-3\"><\/div>","protected":false},"excerpt":{"rendered":"<p>Lapos \u00e9s sokoldal\u00fa formatalp, k\u00f6nnyen megmunk\u00e1lhat\u00f3 \u00e9s ragaszthat\u00f3, k\u00edv\u00e1l\u00f3an tapad, sz\u00e9les form\u00e1j\u00e1nak k\u00f6sz\u00f6nhet\u0151en kiv\u00e1l\u00f3an alkalmas ortop\u00e9di\u00e1ra is. Egym\u00e9ret. Talpvastags\u00e1g: 4,5 mm L\u00e1bujj vastags\u00e1g: 2,0 mm Hossz\u00fas\u00e1g: kb 38 cm; 35,5 a talp, plusz 2,5 cm a l\u00e1bujj.<\/p>","protected":false},"featured_media":351497,"comment_status":"closed","ping_status":"closed","template":"","meta":{"_seopress_robots_primary_cat":"none","_seopress_titles_title":"Formatalp (D520)","_seopress_titles_desc":"Lapos \u00e9s sokoldal\u00fa formatalp, k\u00f6nnyen megmunk\u00e1lhat\u00f3 \u00e9s ragaszthat\u00f3, k\u00edv\u00e1l\u00f3an tapad, sz\u00e9les form\u00e1j\u00e1nak k\u00f6sz\u00f6nhet\u0151en kiv\u00e1l\u00f3an alkalmas ortop\u00e9di\u00e1ra is. Egym\u00e9ret.","_seopress_robots_index":""},"product_brand":[],"product_cat":[2210,2225],"product_tag":[2363],"class_list":{"0":"post-344493","1":"product","2":"type-product","3":"status-publish","4":"has-post-thumbnail","6":"product_cat-cipotalp-anyagok","7":"product_cat-formatalpak","8":"product_tag-cipogyartas-es-cipojavitas","9":"pa_szin-bor","10":"pa_szin-feher","11":"pa_szin-fekete","12":"pa_szin-karamell","13":"pa_szin-narancssarga","14":"pa_szin-natur","15":"pa_szin-piros","16":"pa_szin-sarga","17":"pa_szin-sotet-barna","18":"pa_szin-sotet-kek","19":"pa_szin-szurke","20":"pa_szin-vilagos-kek","21":"pa_szin-zold","23":"first","24":"instock","25":"purchasable","26":"product-type-variable"},"_links":{"self":[{"href":"https:\/\/cipokellekek.hu\/en\/wp-json\/wp\/v2\/product\/344493","targetHints":{"allow":["GET"]}}],"collection":[{"href":"https:\/\/cipokellekek.hu\/en\/wp-json\/wp\/v2\/product"}],"about":[{"href":"https:\/\/cipokellekek.hu\/en\/wp-json\/wp\/v2\/types\/product"}],"replies":[{"embeddable":true,"href":"https:\/\/cipokellekek.hu\/en\/wp-json\/wp\/v2\/comments?post=344493"}],"wp:featuredmedia":[{"embeddable":true,"href":"https:\/\/cipokellekek.hu\/en\/wp-json\/wp\/v2\/media\/351497"}],"wp:attachment":[{"href":"https:\/\/cipokellekek.hu\/en\/wp-json\/wp\/v2\/media?parent=344493"}],"wp:term":[{"taxonomy":"product_brand","embeddable":true,"href":"https:\/\/cipokellekek.hu\/en\/wp-json\/wp\/v2\/product_brand?post=344493"},{"taxonomy":"product_cat","embeddable":true,"href":"https:\/\/cipokellekek.hu\/en\/wp-json\/wp\/v2\/product_cat?post=344493"},{"taxonomy":"product_tag","embeddable":true,"href":"https:\/\/cipokellekek.hu\/en\/wp-json\/wp\/v2\/product_tag?post=344493"}],"curies":[{"name":"wp","href":"https:\/\/api.w.org\/{rel}","templated":true}]}}