{"id":344480,"date":"2023-09-11T16:59:31","date_gmt":"2023-09-11T14:59:31","guid":{"rendered":"https:\/\/dev.sysvol.hu\/belso\/termek\/formatalp-d519\/"},"modified":"2025-10-16T17:17:20","modified_gmt":"2025-10-16T15:17:20","slug":"formatalp-d519","status":"publish","type":"product","link":"https:\/\/cipokellekek.hu\/en\/uzlet\/cipotalp-anyagok\/formatalpak\/formatalp-d519\/","title":{"rendered":"Formatalp (D519)"},"content":{"rendered":"<div class=\"note note-1\">Magas gumi tartalam\u00fa, trekking anyag, k\u00edv\u00e1l\u00f3 rugalmass\u00e1ggal \u00e9s kop\u00e1s\u00e1ll\u00f3s\u00e1ggal. T\u00f6k\u00e9letes v\u00e1laszt\u00e1s sportcip\u0151kh\u00f6z, sneakerekhez. K\u00f6nnyeds\u00e9g\u00e9nek \u00e9s sz\u00e9les form\u00e1j\u00e1nak k\u00f6sz\u00f6nhet\u0151en kiv\u00e1l\u00f3an alkalmas ortop\u00e9di\u00e1ra is. Vastags\u00e1g: l\u00e1bujj: 1,5 mm sarok: 5 mm<\/div>\n<div class=\"note note-2\"><\/div>\n<div class=\"note note-3\"><\/div>","protected":false},"excerpt":{"rendered":"<p>Magas gumi tartalam\u00fa, trekking anyag, k\u00edv\u00e1l\u00f3 rugalmass\u00e1ggal \u00e9s kop\u00e1s\u00e1ll\u00f3s\u00e1ggal. T\u00f6k\u00e9letes v\u00e1laszt\u00e1s sportcip\u0151kh\u00f6z, sneakerekhez. K\u00f6nnyeds\u00e9g\u00e9nek \u00e9s sz\u00e9les form\u00e1j\u00e1nak k\u00f6sz\u00f6nhet\u0151en kiv\u00e1l\u00f3an alkalmas ortop\u00e9di\u00e1ra is. Vastags\u00e1g: l\u00e1bujj: 1,5 mm sarok: 5 mm<\/p>","protected":false},"featured_media":351493,"comment_status":"closed","ping_status":"closed","template":"","meta":{"_seopress_robots_primary_cat":"none","_seopress_titles_title":"Formatalp (D519)","_seopress_titles_desc":"Magas gumi tartalam\u00fa, trekking anyag, k\u00edv\u00e1l\u00f3 rugalmass\u00e1ggal \u00e9s kop\u00e1s\u00e1ll\u00f3s\u00e1ggal. T\u00f6k\u00e9letes v\u00e1laszt\u00e1s sportcip\u0151kh\u00f6z, sneakerekhez \u00e9s ortop\u00e9d cip\u0151kh\u00f6z is.","_seopress_robots_index":""},"product_brand":[],"product_cat":[2210,2225],"product_tag":[2363],"class_list":{"0":"post-344480","1":"product","2":"type-product","3":"status-publish","4":"has-post-thumbnail","6":"product_cat-cipotalp-anyagok","7":"product_cat-formatalpak","8":"product_tag-cipogyartas-es-cipojavitas","9":"pa_meret-36-39-2","10":"pa_meret-39-42","11":"pa_meret-43-46","12":"pa_szin-feher","13":"pa_szin-fekete","14":"pa_szin-kek","15":"pa_szin-piros","17":"first","18":"instock","19":"purchasable","20":"product-type-variable"},"_links":{"self":[{"href":"https:\/\/cipokellekek.hu\/en\/wp-json\/wp\/v2\/product\/344480","targetHints":{"allow":["GET"]}}],"collection":[{"href":"https:\/\/cipokellekek.hu\/en\/wp-json\/wp\/v2\/product"}],"about":[{"href":"https:\/\/cipokellekek.hu\/en\/wp-json\/wp\/v2\/types\/product"}],"replies":[{"embeddable":true,"href":"https:\/\/cipokellekek.hu\/en\/wp-json\/wp\/v2\/comments?post=344480"}],"wp:featuredmedia":[{"embeddable":true,"href":"https:\/\/cipokellekek.hu\/en\/wp-json\/wp\/v2\/media\/351493"}],"wp:attachment":[{"href":"https:\/\/cipokellekek.hu\/en\/wp-json\/wp\/v2\/media?parent=344480"}],"wp:term":[{"taxonomy":"product_brand","embeddable":true,"href":"https:\/\/cipokellekek.hu\/en\/wp-json\/wp\/v2\/product_brand?post=344480"},{"taxonomy":"product_cat","embeddable":true,"href":"https:\/\/cipokellekek.hu\/en\/wp-json\/wp\/v2\/product_cat?post=344480"},{"taxonomy":"product_tag","embeddable":true,"href":"https:\/\/cipokellekek.hu\/en\/wp-json\/wp\/v2\/product_tag?post=344480"}],"curies":[{"name":"wp","href":"https:\/\/api.w.org\/{rel}","templated":true}]}}