{"id":344462,"date":"2023-09-11T16:59:31","date_gmt":"2023-09-11T14:59:31","guid":{"rendered":"https:\/\/dev.sysvol.hu\/belso\/termek\/formatalp-d516\/"},"modified":"2025-10-16T17:24:25","modified_gmt":"2025-10-16T15:24:25","slug":"formatalp-d516","status":"publish","type":"product","link":"https:\/\/cipokellekek.hu\/en\/uzlet\/cipotalp-anyagok\/formatalpak\/formatalp-d516\/","title":{"rendered":"Formatalp (D516)"},"content":{"rendered":"<div class=\"note note-1\">Magas gumi tartalam\u00fa, trekking anyag, k\u00edv\u00e1l\u00f3 rugalmass\u00e1ggal \u00e9s kop\u00e1s\u00e1ll\u00f3s\u00e1ggal. Vastags\u00e1g: 8 mm. Csak fekete sz\u00ednben kaphat\u00f3.<\/div>\n<div class=\"note note-2\"><\/div>\n<div class=\"note note-3\"><\/div>","protected":false},"excerpt":{"rendered":"<p>Magas gumi tartalam\u00fa, trekking anyag, k\u00edv\u00e1l\u00f3 rugalmass\u00e1ggal \u00e9s kop\u00e1s\u00e1ll\u00f3s\u00e1ggal. Vastags\u00e1g: 8 mm. Csak fekete sz\u00ednben kaphat\u00f3.<\/p>","protected":false},"featured_media":351486,"comment_status":"closed","ping_status":"closed","template":"","meta":{"_seopress_robots_primary_cat":"none","_seopress_titles_title":"Formatalp (D516)","_seopress_titles_desc":"Magas gumi tartalam\u00fa, trekking anyag, k\u00edv\u00e1l\u00f3 rugalmass\u00e1ggal \u00e9s kop\u00e1s\u00e1ll\u00f3s\u00e1ggal. Vastags\u00e1g: 8 mm. Csak fekete sz\u00ednben kaphat\u00f3.","_seopress_robots_index":""},"product_brand":[],"product_cat":[2210,2225],"product_tag":[2363],"class_list":{"0":"post-344462","1":"product","2":"type-product","3":"status-publish","4":"has-post-thumbnail","6":"product_cat-cipotalp-anyagok","7":"product_cat-formatalpak","8":"product_tag-cipogyartas-es-cipojavitas","9":"pa_meret-39_40","10":"pa_meret-41_42","11":"pa_meret-43_44","12":"pa_meret-45_46","14":"first","15":"instock","16":"purchasable","17":"product-type-variable"},"_links":{"self":[{"href":"https:\/\/cipokellekek.hu\/en\/wp-json\/wp\/v2\/product\/344462","targetHints":{"allow":["GET"]}}],"collection":[{"href":"https:\/\/cipokellekek.hu\/en\/wp-json\/wp\/v2\/product"}],"about":[{"href":"https:\/\/cipokellekek.hu\/en\/wp-json\/wp\/v2\/types\/product"}],"replies":[{"embeddable":true,"href":"https:\/\/cipokellekek.hu\/en\/wp-json\/wp\/v2\/comments?post=344462"}],"wp:featuredmedia":[{"embeddable":true,"href":"https:\/\/cipokellekek.hu\/en\/wp-json\/wp\/v2\/media\/351486"}],"wp:attachment":[{"href":"https:\/\/cipokellekek.hu\/en\/wp-json\/wp\/v2\/media?parent=344462"}],"wp:term":[{"taxonomy":"product_brand","embeddable":true,"href":"https:\/\/cipokellekek.hu\/en\/wp-json\/wp\/v2\/product_brand?post=344462"},{"taxonomy":"product_cat","embeddable":true,"href":"https:\/\/cipokellekek.hu\/en\/wp-json\/wp\/v2\/product_cat?post=344462"},{"taxonomy":"product_tag","embeddable":true,"href":"https:\/\/cipokellekek.hu\/en\/wp-json\/wp\/v2\/product_tag?post=344462"}],"curies":[{"name":"wp","href":"https:\/\/api.w.org\/{rel}","templated":true}]}}