{"id":344453,"date":"2023-09-11T16:59:31","date_gmt":"2023-09-11T14:59:31","guid":{"rendered":"https:\/\/dev.sysvol.hu\/belso\/termek\/formatalp-d511\/"},"modified":"2026-03-17T14:48:42","modified_gmt":"2026-03-17T12:48:42","slug":"formatalp-d511","status":"publish","type":"product","link":"https:\/\/cipokellekek.hu\/en\/uzlet\/cipotalp-anyagok\/formatalpak\/formatalp-d511\/","title":{"rendered":"Formatalp (D511)"},"content":{"rendered":"<div class=\"note note-1\">Magas gumi tartalam\u00fa, trekking anyag, k\u00edv\u00e1l\u00f3 rugalmass\u00e1ggal \u00e9s kop\u00e1s\u00e1ll\u00f3s\u00e1ggal. L\u00e1bujj vastags\u00e1g: 7 mm Sarok vastags\u00e1g: 24 mm<\/div>\n<div class=\"note note-2\"><\/div>\n<div class=\"note note-3\"><\/div>","protected":false},"excerpt":{"rendered":"<p>Magas gumi tartalam\u00fa, trekking anyag, k\u00edv\u00e1l\u00f3 rugalmass\u00e1ggal \u00e9s kop\u00e1s\u00e1ll\u00f3s\u00e1ggal. L\u00e1bujj vastags\u00e1g: 7 mm Sarok vastags\u00e1g: 24 mm<\/p>","protected":false},"featured_media":351483,"comment_status":"closed","ping_status":"closed","template":"","meta":{"_seopress_robots_primary_cat":"none","_seopress_titles_title":"Formatalp (D511)","_seopress_titles_desc":"Magas gumi tartalam\u00fa, trekking anyag, k\u00edv\u00e1l\u00f3 rugalmass\u00e1ggal \u00e9s kop\u00e1s\u00e1ll\u00f3s\u00e1ggal. L\u00e1bujj vastags\u00e1g: 7 mm Sarok vastags\u00e1g: 24 mm","_seopress_robots_index":""},"product_brand":[],"product_cat":[2210,2225],"product_tag":[2363],"class_list":{"0":"post-344453","1":"product","2":"type-product","3":"status-publish","4":"has-post-thumbnail","6":"product_cat-cipotalp-anyagok","7":"product_cat-formatalpak","8":"product_tag-cipogyartas-es-cipojavitas","9":"pa_meret-39_40","10":"pa_meret-41_42","11":"pa_meret-43_44","12":"pa_meret-45-47","13":"pa_szin-fekete","14":"pa_szin-sotet-barna","16":"first","17":"instock","18":"purchasable","19":"product-type-variable"},"_links":{"self":[{"href":"https:\/\/cipokellekek.hu\/en\/wp-json\/wp\/v2\/product\/344453","targetHints":{"allow":["GET"]}}],"collection":[{"href":"https:\/\/cipokellekek.hu\/en\/wp-json\/wp\/v2\/product"}],"about":[{"href":"https:\/\/cipokellekek.hu\/en\/wp-json\/wp\/v2\/types\/product"}],"replies":[{"embeddable":true,"href":"https:\/\/cipokellekek.hu\/en\/wp-json\/wp\/v2\/comments?post=344453"}],"wp:featuredmedia":[{"embeddable":true,"href":"https:\/\/cipokellekek.hu\/en\/wp-json\/wp\/v2\/media\/351483"}],"wp:attachment":[{"href":"https:\/\/cipokellekek.hu\/en\/wp-json\/wp\/v2\/media?parent=344453"}],"wp:term":[{"taxonomy":"product_brand","embeddable":true,"href":"https:\/\/cipokellekek.hu\/en\/wp-json\/wp\/v2\/product_brand?post=344453"},{"taxonomy":"product_cat","embeddable":true,"href":"https:\/\/cipokellekek.hu\/en\/wp-json\/wp\/v2\/product_cat?post=344453"},{"taxonomy":"product_tag","embeddable":true,"href":"https:\/\/cipokellekek.hu\/en\/wp-json\/wp\/v2\/product_tag?post=344453"}],"curies":[{"name":"wp","href":"https:\/\/api.w.org\/{rel}","templated":true}]}}