{"id":344404,"date":"2023-09-11T16:59:31","date_gmt":"2023-09-11T14:59:31","guid":{"rendered":"https:\/\/dev.sysvol.hu\/belso\/termek\/formatalp-d213\/"},"modified":"2025-10-16T17:30:30","modified_gmt":"2025-10-16T15:30:30","slug":"formatalp-d213","status":"publish","type":"product","link":"https:\/\/cipokellekek.hu\/en\/uzlet\/cipotalp-anyagok\/formatalpak\/formatalp-d213\/","title":{"rendered":"Formatalp (D213)"},"content":{"rendered":"<div class=\"note note-1\">L\u00e1bujj vastags\u00e1g: 7\/10 mm, Sarok vastags\u00e1g: 14\/24 mm. Gyermek m\u00e9rett\u0151l feln\u0151tt m\u00e9retig kaphat\u00f3! Idie\u00e1lis v\u00e1laszt\u00e1s ortop\u00e9d cip\u0151kh\u00f6z is.<\/div>\n<div class=\"note note-2\"><\/div>\n<div class=\"note note-3\"><\/div>","protected":false},"excerpt":{"rendered":"<p>L\u00e1bujj vastags\u00e1g: 7\/10 mm, Sarok vastags\u00e1g: 14\/24 mm. Gyermek m\u00e9rett\u0151l feln\u0151tt m\u00e9retig kaphat\u00f3! Idie\u00e1lis v\u00e1laszt\u00e1s ortop\u00e9d cip\u0151kh\u00f6z is.<\/p>","protected":false},"featured_media":351481,"comment_status":"closed","ping_status":"closed","template":"","meta":{"_seopress_robots_primary_cat":"none","_seopress_titles_title":"Formatalp (D213)","_seopress_titles_desc":"L\u00e1bujj vastags\u00e1g: 7\/10 mm, Sarok vastags\u00e1g: 14\/24 mm. Gyermek m\u00e9rett\u0151l feln\u0151tt m\u00e9retig kaphat\u00f3! Idie\u00e1lis v\u00e1laszt\u00e1s ortop\u00e9d cip\u0151kh\u00f6z is.","_seopress_robots_index":""},"product_brand":[],"product_cat":[2210,2225],"product_tag":[2363],"class_list":{"0":"post-344404","1":"product","2":"type-product","3":"status-publish","4":"has-post-thumbnail","6":"product_cat-cipotalp-anyagok","7":"product_cat-formatalpak","8":"product_tag-cipogyartas-es-cipojavitas","9":"pa_meret-16_17","10":"pa_meret-18_19","11":"pa_meret-20_21","12":"pa_meret-22_23","13":"pa_meret-24_25","14":"pa_meret-26_27","15":"pa_meret-28_29","16":"pa_meret-30_31","17":"pa_meret-32_33","18":"pa_meret-34_35","19":"pa_meret-36_37","20":"pa_meret-38_39","21":"pa_meret-40_41","22":"pa_meret-42_43","23":"pa_meret-44_45","24":"pa_meret-46_47","25":"pa_szin-fekete","27":"first","28":"instock","29":"purchasable","30":"product-type-variable"},"_links":{"self":[{"href":"https:\/\/cipokellekek.hu\/en\/wp-json\/wp\/v2\/product\/344404","targetHints":{"allow":["GET"]}}],"collection":[{"href":"https:\/\/cipokellekek.hu\/en\/wp-json\/wp\/v2\/product"}],"about":[{"href":"https:\/\/cipokellekek.hu\/en\/wp-json\/wp\/v2\/types\/product"}],"replies":[{"embeddable":true,"href":"https:\/\/cipokellekek.hu\/en\/wp-json\/wp\/v2\/comments?post=344404"}],"wp:featuredmedia":[{"embeddable":true,"href":"https:\/\/cipokellekek.hu\/en\/wp-json\/wp\/v2\/media\/351481"}],"wp:attachment":[{"href":"https:\/\/cipokellekek.hu\/en\/wp-json\/wp\/v2\/media?parent=344404"}],"wp:term":[{"taxonomy":"product_brand","embeddable":true,"href":"https:\/\/cipokellekek.hu\/en\/wp-json\/wp\/v2\/product_brand?post=344404"},{"taxonomy":"product_cat","embeddable":true,"href":"https:\/\/cipokellekek.hu\/en\/wp-json\/wp\/v2\/product_cat?post=344404"},{"taxonomy":"product_tag","embeddable":true,"href":"https:\/\/cipokellekek.hu\/en\/wp-json\/wp\/v2\/product_tag?post=344404"}],"curies":[{"name":"wp","href":"https:\/\/api.w.org\/{rel}","templated":true}]}}