{"id":344399,"date":"2023-09-11T16:59:31","date_gmt":"2023-09-11T14:59:31","guid":{"rendered":"https:\/\/dev.sysvol.hu\/belso\/termek\/formatalp-d200\/"},"modified":"2025-10-16T15:47:02","modified_gmt":"2025-10-16T13:47:02","slug":"formatalp-d200","status":"publish","type":"product","link":"https:\/\/cipokellekek.hu\/en\/uzlet\/cipotalp-anyagok\/formatalpak\/formatalp-d200\/","title":{"rendered":"Formatalp (D200)"},"content":{"rendered":"<div class=\"note note-1\">L\u00e1bujj vastags\u00e1g: 11 mm, Sarok vastags\u00e1g: 27 mm<\/div>\n<div class=\"note note-2\"><\/div>\n<div class=\"note note-3\"><\/div>","protected":false},"excerpt":{"rendered":"<p>L\u00e1bujj vastags\u00e1g: 11 mm, Sarok vastags\u00e1g: 27 mm<\/p>","protected":false},"featured_media":351478,"comment_status":"closed","ping_status":"closed","template":"","meta":{"_seopress_robots_primary_cat":"none","_seopress_titles_title":"Formatalp (D200)","_seopress_titles_desc":"L\u00e1bujj vastags\u00e1g: 11 mm, Sarok vastags\u00e1g: 27 mm","_seopress_robots_index":""},"product_brand":[],"product_cat":[2210,2225],"product_tag":[2363],"class_list":{"0":"post-344399","1":"product","2":"type-product","3":"status-publish","4":"has-post-thumbnail","6":"product_cat-cipotalp-anyagok","7":"product_cat-formatalpak","8":"product_tag-cipogyartas-es-cipojavitas","9":"pa_meret-39_40","10":"pa_meret-41_42","11":"pa_meret-43_44","12":"pa_meret-45_46","13":"pa_meret-47_48","14":"pa_szin-fekete","16":"first","17":"instock","18":"purchasable","19":"product-type-variable"},"_links":{"self":[{"href":"https:\/\/cipokellekek.hu\/en\/wp-json\/wp\/v2\/product\/344399","targetHints":{"allow":["GET"]}}],"collection":[{"href":"https:\/\/cipokellekek.hu\/en\/wp-json\/wp\/v2\/product"}],"about":[{"href":"https:\/\/cipokellekek.hu\/en\/wp-json\/wp\/v2\/types\/product"}],"replies":[{"embeddable":true,"href":"https:\/\/cipokellekek.hu\/en\/wp-json\/wp\/v2\/comments?post=344399"}],"wp:featuredmedia":[{"embeddable":true,"href":"https:\/\/cipokellekek.hu\/en\/wp-json\/wp\/v2\/media\/351478"}],"wp:attachment":[{"href":"https:\/\/cipokellekek.hu\/en\/wp-json\/wp\/v2\/media?parent=344399"}],"wp:term":[{"taxonomy":"product_brand","embeddable":true,"href":"https:\/\/cipokellekek.hu\/en\/wp-json\/wp\/v2\/product_brand?post=344399"},{"taxonomy":"product_cat","embeddable":true,"href":"https:\/\/cipokellekek.hu\/en\/wp-json\/wp\/v2\/product_cat?post=344399"},{"taxonomy":"product_tag","embeddable":true,"href":"https:\/\/cipokellekek.hu\/en\/wp-json\/wp\/v2\/product_tag?post=344399"}],"curies":[{"name":"wp","href":"https:\/\/api.w.org\/{rel}","templated":true}]}}