{"id":344383,"date":"2023-09-11T16:59:01","date_gmt":"2023-09-11T14:59:01","guid":{"rendered":"https:\/\/dev.sysvol.hu\/belso\/termek\/sarok-d413\/"},"modified":"2026-03-17T13:29:04","modified_gmt":"2026-03-17T11:29:04","slug":"sarok-d413","status":"publish","type":"product","link":"https:\/\/cipokellekek.hu\/en\/uzlet\/cipotalp-anyagok\/feltalpak-sarkak-sarokflekkek\/sarok-d413\/","title":{"rendered":"Sarok (D413)"},"content":{"rendered":"<div class=\"note note-1\">A sarokhoz a D313 cikksz\u00e1m\u00fa f\u00e9ltalp tartozik. Vastags\u00e1ga 7 mm<\/div>\n<div class=\"note note-2\"><\/div>\n<div class=\"note note-3\"><\/div>","protected":false},"excerpt":{"rendered":"<p data-start=\"129\" data-end=\"345\">Ide\u00e1lis v\u00e1laszt\u00e1s cip\u0151jav\u00edt\u00e1shoz, ha tart\u00f3s \u00e9s megb\u00edzhat\u00f3 megold\u00e1st keres. Magas kop\u00e1s\u00e1ll\u00f3s\u00e1g\u00fa gumib\u00f3l k\u00e9sz\u00fclt, amely biztos tapad\u00e1st \u00e9s hossz\u00fa \u00e9lettartamot ny\u00fajt a mindennapi haszn\u00e1lat sor\u00e1n. T\u00f6k\u00e9letes f\u00e9rfi \u00e9s n\u0151i cip\u0151k sark\u00e1nak cser\u00e9j\u00e9hez, legyen sz\u00f3 eleg\u00e1ns vagy h\u00e9tk\u00f6znapi l\u00e1bbelir\u0151l. K\u00f6nnyen megmunk\u00e1lhat\u00f3, praktikus v\u00e1laszt\u00e1s.<\/p>\n<p>A sarokhoz a D313 cikksz\u00e1m\u00fa f\u00e9ltalp tartozik.<\/p>","protected":false},"featured_media":351473,"comment_status":"closed","ping_status":"closed","template":"","meta":{"_seopress_robots_primary_cat":"none","_seopress_titles_title":"Sarok (D413)","_seopress_titles_desc":"Ide\u00e1lis v\u00e1laszt\u00e1s cip\u0151jav\u00edt\u00e1shoz, ha tart\u00f3s \u00e9s megb\u00edzhat\u00f3 megold\u00e1st keres. Magas kop\u00e1s\u00e1ll\u00f3s\u00e1g\u00fa gumib\u00f3l k\u00e9sz\u00fclt, biztos tapad\u00e1s, hossz\u00fa \u00e9lettartam.","_seopress_robots_index":""},"product_brand":[],"product_cat":[2210,2214],"product_tag":[2363],"class_list":{"0":"post-344383","1":"product","2":"type-product","3":"status-publish","4":"has-post-thumbnail","6":"product_cat-cipotalp-anyagok","7":"product_cat-feltalpak-sarkak-sarokflekkek","8":"product_tag-cipogyartas-es-cipojavitas","9":"pa_meret-2220","10":"pa_meret-2213","11":"pa_meret-2182","12":"pa_szin-fekete","13":"pa_szin-sotet-barna","15":"first","16":"instock","17":"purchasable","18":"product-type-variable"},"_links":{"self":[{"href":"https:\/\/cipokellekek.hu\/en\/wp-json\/wp\/v2\/product\/344383","targetHints":{"allow":["GET"]}}],"collection":[{"href":"https:\/\/cipokellekek.hu\/en\/wp-json\/wp\/v2\/product"}],"about":[{"href":"https:\/\/cipokellekek.hu\/en\/wp-json\/wp\/v2\/types\/product"}],"replies":[{"embeddable":true,"href":"https:\/\/cipokellekek.hu\/en\/wp-json\/wp\/v2\/comments?post=344383"}],"wp:featuredmedia":[{"embeddable":true,"href":"https:\/\/cipokellekek.hu\/en\/wp-json\/wp\/v2\/media\/351473"}],"wp:attachment":[{"href":"https:\/\/cipokellekek.hu\/en\/wp-json\/wp\/v2\/media?parent=344383"}],"wp:term":[{"taxonomy":"product_brand","embeddable":true,"href":"https:\/\/cipokellekek.hu\/en\/wp-json\/wp\/v2\/product_brand?post=344383"},{"taxonomy":"product_cat","embeddable":true,"href":"https:\/\/cipokellekek.hu\/en\/wp-json\/wp\/v2\/product_cat?post=344383"},{"taxonomy":"product_tag","embeddable":true,"href":"https:\/\/cipokellekek.hu\/en\/wp-json\/wp\/v2\/product_tag?post=344383"}],"curies":[{"name":"wp","href":"https:\/\/api.w.org\/{rel}","templated":true}]}}