{"id":344346,"date":"2023-09-11T16:59:01","date_gmt":"2023-09-11T14:59:01","guid":{"rendered":"https:\/\/dev.sysvol.hu\/belso\/termek\/flekk-50342d\/"},"modified":"2026-03-17T11:24:55","modified_gmt":"2026-03-17T09:24:55","slug":"flekk-50342d","status":"publish","type":"product","link":"https:\/\/cipokellekek.hu\/en\/uzlet\/cipotalp-anyagok\/feltalpak-sarkak-sarokflekkek\/flekk-50342d\/","title":{"rendered":"Flekk (50342D)"},"content":{"rendered":"<div class=\"note note-1\">Duplar\u00e9teg\u0171, extr\u00e9m kop\u00e1s\u00e1ll\u00f3s\u00e1g\u00fa sarokflekk, standard 3 mm \u00e1tm\u00e9r\u0151j\u0171 szeggel.<\/div>\n<div class=\"note note-2\"><\/div>\n<div class=\"note note-3\"><\/div>","protected":false},"excerpt":{"rendered":"<p>Duplar\u00e9teg\u0171, extr\u00e9m kop\u00e1s\u00e1ll\u00f3s\u00e1g\u00fa sarokflekk, standard 3 mm \u00e1tm\u00e9r\u0151j\u0171 szeggel.<\/p>","protected":false},"featured_media":351470,"comment_status":"closed","ping_status":"closed","template":"","meta":{"_seopress_robots_primary_cat":"none","_seopress_titles_title":"Flekk (50342D)","_seopress_titles_desc":"","_seopress_robots_index":""},"product_brand":[],"product_cat":[2210,2214],"product_tag":[2363],"class_list":{"0":"post-344346","1":"product","2":"type-product","3":"status-publish","4":"has-post-thumbnail","6":"product_cat-cipotalp-anyagok","7":"product_cat-feltalpak-sarkak-sarokflekkek","8":"product_tag-cipogyartas-es-cipojavitas","9":"pa_meret-8-mm","10":"pa_meret-9-mm","11":"pa_meret-10-mm","12":"pa_meret-11-mm","13":"pa_meret-12-mm","14":"pa_meret-13-mm","15":"pa_meret-14-mm","16":"pa_meret-15-mm","17":"pa_meret-16-mm","18":"pa_meret-18-mm","19":"pa_meret-20-mm","20":"pa_meret-24-mm","21":"pa_szin-bezs","22":"pa_szin-fekete","23":"pa_szin-piros","25":"first","26":"instock","27":"purchasable","28":"product-type-variable"},"_links":{"self":[{"href":"https:\/\/cipokellekek.hu\/en\/wp-json\/wp\/v2\/product\/344346","targetHints":{"allow":["GET"]}}],"collection":[{"href":"https:\/\/cipokellekek.hu\/en\/wp-json\/wp\/v2\/product"}],"about":[{"href":"https:\/\/cipokellekek.hu\/en\/wp-json\/wp\/v2\/types\/product"}],"replies":[{"embeddable":true,"href":"https:\/\/cipokellekek.hu\/en\/wp-json\/wp\/v2\/comments?post=344346"}],"wp:featuredmedia":[{"embeddable":true,"href":"https:\/\/cipokellekek.hu\/en\/wp-json\/wp\/v2\/media\/351470"}],"wp:attachment":[{"href":"https:\/\/cipokellekek.hu\/en\/wp-json\/wp\/v2\/media?parent=344346"}],"wp:term":[{"taxonomy":"product_brand","embeddable":true,"href":"https:\/\/cipokellekek.hu\/en\/wp-json\/wp\/v2\/product_brand?post=344346"},{"taxonomy":"product_cat","embeddable":true,"href":"https:\/\/cipokellekek.hu\/en\/wp-json\/wp\/v2\/product_cat?post=344346"},{"taxonomy":"product_tag","embeddable":true,"href":"https:\/\/cipokellekek.hu\/en\/wp-json\/wp\/v2\/product_tag?post=344346"}],"curies":[{"name":"wp","href":"https:\/\/api.w.org\/{rel}","templated":true}]}}