{"id":344337,"date":"2023-09-11T16:59:01","date_gmt":"2023-09-11T14:59:01","guid":{"rendered":"https:\/\/dev.sysvol.hu\/belso\/termek\/feltalp-d313-3\/"},"modified":"2026-03-17T13:25:33","modified_gmt":"2026-03-17T11:25:33","slug":"feltalp-d313-3","status":"publish","type":"product","link":"https:\/\/cipokellekek.hu\/en\/uzlet\/cipotalp-anyagok\/feltalpak-sarkak-sarokflekkek\/feltalp-d313-3\/","title":{"rendered":"F\u00e9ltalp (D313)"},"content":{"rendered":"<div class=\"note note-1\">F\u00e9ltalp, amely a D413 cikksz\u00e1m\u00fa sarokkal alkot egy p\u00e1rt. Vastags\u00e1ga 2,5 mm. A talp \u00e1tm\u00e9r\u0151je nr. 3<\/div>\n<div class=\"note note-3\"><\/div>","protected":false},"excerpt":{"rendered":"<p>F\u00e9ltalp, amely a D413 cikksz\u00e1m\u00fa sarokkal alkot egy p\u00e1rt. Vastags\u00e1ga 2,5 mm. A talp \u00e1tm\u00e9r\u0151je nr. 3<\/p>","protected":false},"featured_media":351465,"comment_status":"closed","ping_status":"closed","template":"","meta":{"_seopress_robots_primary_cat":"none","_seopress_titles_title":"F\u00e9ltalp (D313)","_seopress_titles_desc":"F\u00e9ltalp, amely a D413 cikksz\u00e1m\u00fa sarokkal alkot egy p\u00e1rt. Vastags\u00e1ga 2,5 mm. A talp \u00e1tm\u00e9r\u0151je nr. 3","_seopress_robots_index":""},"product_brand":[],"product_cat":[2210,2214],"product_tag":[2363],"class_list":{"0":"post-344337","1":"product","2":"type-product","3":"status-publish","4":"has-post-thumbnail","6":"product_cat-cipotalp-anyagok","7":"product_cat-feltalpak-sarkak-sarokflekkek","8":"product_tag-cipogyartas-es-cipojavitas","9":"pa_szin-fekete","10":"pa_szin-sotet-barna","12":"first","13":"instock","14":"purchasable","15":"product-type-variable"},"_links":{"self":[{"href":"https:\/\/cipokellekek.hu\/en\/wp-json\/wp\/v2\/product\/344337","targetHints":{"allow":["GET"]}}],"collection":[{"href":"https:\/\/cipokellekek.hu\/en\/wp-json\/wp\/v2\/product"}],"about":[{"href":"https:\/\/cipokellekek.hu\/en\/wp-json\/wp\/v2\/types\/product"}],"replies":[{"embeddable":true,"href":"https:\/\/cipokellekek.hu\/en\/wp-json\/wp\/v2\/comments?post=344337"}],"wp:featuredmedia":[{"embeddable":true,"href":"https:\/\/cipokellekek.hu\/en\/wp-json\/wp\/v2\/media\/351465"}],"wp:attachment":[{"href":"https:\/\/cipokellekek.hu\/en\/wp-json\/wp\/v2\/media?parent=344337"}],"wp:term":[{"taxonomy":"product_brand","embeddable":true,"href":"https:\/\/cipokellekek.hu\/en\/wp-json\/wp\/v2\/product_brand?post=344337"},{"taxonomy":"product_cat","embeddable":true,"href":"https:\/\/cipokellekek.hu\/en\/wp-json\/wp\/v2\/product_cat?post=344337"},{"taxonomy":"product_tag","embeddable":true,"href":"https:\/\/cipokellekek.hu\/en\/wp-json\/wp\/v2\/product_tag?post=344337"}],"curies":[{"name":"wp","href":"https:\/\/api.w.org\/{rel}","templated":true}]}}