{"id":344272,"date":"2023-09-11T16:59:01","date_gmt":"2023-09-11T14:59:01","guid":{"rendered":"https:\/\/dev.sysvol.hu\/belso\/termek\/kemeny-eva-d47-60\/"},"modified":"2026-03-16T16:56:42","modified_gmt":"2026-03-16T14:56:42","slug":"kemeny-eva-d47-60","status":"publish","type":"product","link":"https:\/\/cipokellekek.hu\/en\/uzlet\/cipotalp-anyagok\/eva\/kemeny-eva-d47-60\/","title":{"rendered":"Kem\u00e9ny EVA (D47.60)"},"content":{"rendered":"<div class=\"note note-1\">K\u00edv\u00e1l\u00f3 min\u0151s\u00e9g\u0171, norm\u00e1l kem\u00e9nys\u00e9g\u0171 EVA anyag, t\u00f6k\u00e9letes v\u00e1laszt\u00e1s talp\u00e9p\u00edt\u00e9shez. S\u0171r\u0171s\u00e9ge: +\/- 0,30 gr\/cm3 Kem\u00e9nys\u00e9ge: +\/- 55 ShA T\u00e1blam\u00e9ret: 80&#215;110 cm<\/div>\n<div class=\"note note-2\"><\/div>\n<div class=\"note note-3\"><\/div>","protected":false},"excerpt":{"rendered":"<p>K\u00edv\u00e1l\u00f3 min\u0151s\u00e9g\u0171, norm\u00e1l kem\u00e9nys\u00e9g\u0171 EVA anyag, t\u00f6k\u00e9letes v\u00e1laszt\u00e1s talp\u00e9p\u00edt\u00e9shez. S\u0171r\u0171s\u00e9ge: +\/- 0,30 gr\/cm3 Kem\u00e9nys\u00e9ge: +\/- 55 ShA T\u00e1blam\u00e9ret: 80&#215;110 cm<\/p>","protected":false},"featured_media":351463,"comment_status":"closed","ping_status":"closed","template":"","meta":{"_seopress_robots_primary_cat":"none","_seopress_titles_title":"Kem\u00e9ny EVA (D47.60)","_seopress_titles_desc":"","_seopress_robots_index":""},"product_brand":[],"product_cat":[2210,2211],"product_tag":[2363],"class_list":{"0":"post-344272","1":"product","2":"type-product","3":"status-publish","4":"has-post-thumbnail","6":"product_cat-cipotalp-anyagok","7":"product_cat-eva","8":"product_tag-cipogyartas-es-cipojavitas","9":"pa_meret-3-mm","10":"pa_meret-4-mm","11":"pa_meret-5-mm","12":"pa_meret-6-mm","13":"pa_meret-8-mm","14":"pa_meret-10-mm","15":"pa_meret-20-mm","16":"pa_szin-bezs","17":"pa_szin-feher","18":"pa_szin-fekete","19":"pa_szin-sotet-barna","20":"pa_szin-szurke","22":"first","23":"instock","24":"purchasable","25":"product-type-variable"},"_links":{"self":[{"href":"https:\/\/cipokellekek.hu\/en\/wp-json\/wp\/v2\/product\/344272","targetHints":{"allow":["GET"]}}],"collection":[{"href":"https:\/\/cipokellekek.hu\/en\/wp-json\/wp\/v2\/product"}],"about":[{"href":"https:\/\/cipokellekek.hu\/en\/wp-json\/wp\/v2\/types\/product"}],"replies":[{"embeddable":true,"href":"https:\/\/cipokellekek.hu\/en\/wp-json\/wp\/v2\/comments?post=344272"}],"wp:featuredmedia":[{"embeddable":true,"href":"https:\/\/cipokellekek.hu\/en\/wp-json\/wp\/v2\/media\/351463"}],"wp:attachment":[{"href":"https:\/\/cipokellekek.hu\/en\/wp-json\/wp\/v2\/media?parent=344272"}],"wp:term":[{"taxonomy":"product_brand","embeddable":true,"href":"https:\/\/cipokellekek.hu\/en\/wp-json\/wp\/v2\/product_brand?post=344272"},{"taxonomy":"product_cat","embeddable":true,"href":"https:\/\/cipokellekek.hu\/en\/wp-json\/wp\/v2\/product_cat?post=344272"},{"taxonomy":"product_tag","embeddable":true,"href":"https:\/\/cipokellekek.hu\/en\/wp-json\/wp\/v2\/product_tag?post=344272"}],"curies":[{"name":"wp","href":"https:\/\/api.w.org\/{rel}","templated":true}]}}