{"id":344235,"date":"2023-09-11T16:59:01","date_gmt":"2023-09-11T14:59:01","guid":{"rendered":"https:\/\/dev.sysvol.hu\/belso\/termek\/talpfelerosito-pres-presbl2\/"},"modified":"2025-10-12T15:54:26","modified_gmt":"2025-10-12T13:54:26","slug":"talpfelerosito-pres-presbl2","status":"publish","type":"product","link":"https:\/\/cipokellekek.hu\/en\/uzlet\/szerszamok\/talpfelerosito-pres-presbl2\/","title":{"rendered":"Cip\u0151talp feler\u0151s\u00edt\u0151 pr\u00e9s (PRESBL2)"},"content":{"rendered":"<div class=\"note note-1\">Talpfeler\u0151s\u00edt\u0151 pr\u00e9s SVIG cs\u00e9sze talpakhoz. <a href=\"https:\/\/www.youtube.com\/watch?v=TOGOlxtdmpo\" target=\"_blank\" rel=\"noopener\">https:\/\/www.youtube.com\/watch?v=TOGOlxtdmpo<\/a><\/div>\n<div class=\"note note-2\"><\/div>\n<div class=\"note note-3\"><\/div>","protected":false},"excerpt":{"rendered":"<p>Talpfeler\u0151s\u00edt\u0151 pr\u00e9s SVIG cs\u00e9sze talpakhoz. <a href=\"https:\/\/www.youtube.com\/watch?v=TOGOlxtdmpo\" target=\"_blank\" rel=\"noopener\">https:\/\/www.youtube.com\/watch?v=TOGOlxtdmpo<\/a><\/p>","protected":false},"featured_media":351461,"comment_status":"closed","ping_status":"closed","template":"","meta":{"_seopress_robots_primary_cat":"none","_seopress_titles_title":"Cip\u0151talp feler\u0151s\u00edt\u0151 pr\u00e9s (PRESBL2)","_seopress_titles_desc":"Talpfeler\u0151s\u00edt\u0151 pr\u00e9s SVIG cs\u00e9sze talpakhoz. https:\/\/www.youtube.com\/watch?v=TOGOlxtdmpo","_seopress_robots_index":""},"product_brand":[],"product_cat":[2185],"product_tag":[2363],"class_list":{"0":"post-344235","1":"product","2":"type-product","3":"status-publish","4":"has-post-thumbnail","6":"product_cat-szerszamok","7":"product_tag-cipogyartas-es-cipojavitas","9":"first","10":"instock","11":"purchasable","12":"product-type-simple"},"_links":{"self":[{"href":"https:\/\/cipokellekek.hu\/en\/wp-json\/wp\/v2\/product\/344235","targetHints":{"allow":["GET"]}}],"collection":[{"href":"https:\/\/cipokellekek.hu\/en\/wp-json\/wp\/v2\/product"}],"about":[{"href":"https:\/\/cipokellekek.hu\/en\/wp-json\/wp\/v2\/types\/product"}],"replies":[{"embeddable":true,"href":"https:\/\/cipokellekek.hu\/en\/wp-json\/wp\/v2\/comments?post=344235"}],"wp:featuredmedia":[{"embeddable":true,"href":"https:\/\/cipokellekek.hu\/en\/wp-json\/wp\/v2\/media\/351461"}],"wp:attachment":[{"href":"https:\/\/cipokellekek.hu\/en\/wp-json\/wp\/v2\/media?parent=344235"}],"wp:term":[{"taxonomy":"product_brand","embeddable":true,"href":"https:\/\/cipokellekek.hu\/en\/wp-json\/wp\/v2\/product_brand?post=344235"},{"taxonomy":"product_cat","embeddable":true,"href":"https:\/\/cipokellekek.hu\/en\/wp-json\/wp\/v2\/product_cat?post=344235"},{"taxonomy":"product_tag","embeddable":true,"href":"https:\/\/cipokellekek.hu\/en\/wp-json\/wp\/v2\/product_tag?post=344235"}],"curies":[{"name":"wp","href":"https:\/\/api.w.org\/{rel}","templated":true}]}}