{"id":344232,"date":"2023-09-11T16:59:01","date_gmt":"2023-09-11T14:59:01","guid":{"rendered":"https:\/\/dev.sysvol.hu\/belso\/termek\/elnyomo-szerszam-betet-szerszam-patenthoz\/"},"modified":"2025-10-12T15:50:31","modified_gmt":"2025-10-12T13:50:31","slug":"elnyomo-szerszam-betet-szerszam-patenthoz","status":"publish","type":"product","link":"https:\/\/cipokellekek.hu\/en\/uzlet\/szerszamok\/elnyomo-szerszam-betet-szerszam-patenthoz\/","title":{"rendered":"Elnyom\u00f3 szersz\u00e1m bet\u00e9t (Szersz\u00e1m patenthoz)"},"content":{"rendered":"<div class=\"note note-1\">K\u00e9t r\u00e9szes elnyom\u00f3 szersz\u00e1m k\u00e9zi karospr\u00e9sbe.<\/div>\n<div class=\"note note-2\"><\/div>\n<div class=\"note note-3\"><\/div>","protected":false},"excerpt":{"rendered":"<p>K\u00e9t r\u00e9szes elnyom\u00f3 szersz\u00e1m k\u00e9zi karospr\u00e9sbe.<\/p>","protected":false},"featured_media":351460,"comment_status":"closed","ping_status":"closed","template":"","meta":{"_seopress_robots_primary_cat":"none","_seopress_titles_title":"Elnyom\u00f3 szersz\u00e1m bet\u00e9t (Szersz\u00e1m patenthoz)","_seopress_titles_desc":"K\u00e9t r\u00e9szes elnyom\u00f3 szersz\u00e1m k\u00e9zi karospr\u00e9sbe.","_seopress_robots_index":""},"product_brand":[],"product_cat":[2185],"product_tag":[2364,2363,2295],"class_list":{"0":"post-344232","1":"product","2":"type-product","3":"status-publish","4":"has-post-thumbnail","6":"product_cat-szerszamok","7":"product_tag-bordiszmu-es-ruhagyartas","8":"product_tag-cipogyartas-es-cipojavitas","9":"product_tag-nyomdaipar","10":"pa_meret-50023-e","11":"pa_meret-50023-n","13":"first","14":"instock","15":"purchasable","16":"product-type-variable"},"_links":{"self":[{"href":"https:\/\/cipokellekek.hu\/en\/wp-json\/wp\/v2\/product\/344232","targetHints":{"allow":["GET"]}}],"collection":[{"href":"https:\/\/cipokellekek.hu\/en\/wp-json\/wp\/v2\/product"}],"about":[{"href":"https:\/\/cipokellekek.hu\/en\/wp-json\/wp\/v2\/types\/product"}],"replies":[{"embeddable":true,"href":"https:\/\/cipokellekek.hu\/en\/wp-json\/wp\/v2\/comments?post=344232"}],"wp:featuredmedia":[{"embeddable":true,"href":"https:\/\/cipokellekek.hu\/en\/wp-json\/wp\/v2\/media\/351460"}],"wp:attachment":[{"href":"https:\/\/cipokellekek.hu\/en\/wp-json\/wp\/v2\/media?parent=344232"}],"wp:term":[{"taxonomy":"product_brand","embeddable":true,"href":"https:\/\/cipokellekek.hu\/en\/wp-json\/wp\/v2\/product_brand?post=344232"},{"taxonomy":"product_cat","embeddable":true,"href":"https:\/\/cipokellekek.hu\/en\/wp-json\/wp\/v2\/product_cat?post=344232"},{"taxonomy":"product_tag","embeddable":true,"href":"https:\/\/cipokellekek.hu\/en\/wp-json\/wp\/v2\/product_tag?post=344232"}],"curies":[{"name":"wp","href":"https:\/\/api.w.org\/{rel}","templated":true}]}}