{"id":344206,"date":"2023-09-11T16:59:01","date_gmt":"2023-09-11T14:59:01","guid":{"rendered":"https:\/\/dev.sysvol.hu\/belso\/termek\/elnyomo-szerszam-betet-szerszam-szegecshez\/"},"modified":"2025-10-12T15:45:46","modified_gmt":"2025-10-12T13:45:46","slug":"elnyomo-szerszam-betet-szerszam-szegecshez","status":"publish","type":"product","link":"https:\/\/cipokellekek.hu\/en\/uzlet\/szerszamok\/elnyomo-szerszam-betet-szerszam-szegecshez\/","title":{"rendered":"Elnyom\u00f3 szersz\u00e1m bet\u00e9t (Szersz\u00e1m szegecshez)"},"content":{"rendered":"<div class=\"note note-1\">K\u00e9t r\u00e9szes fel\u00fct\u0151 szersz\u00e1m k\u00e9zi karospr\u00e9sbe.<\/div>\n<div class=\"note note-2\"><\/div>\n<div class=\"note note-3\"><\/div>","protected":false},"excerpt":{"rendered":"<p>K\u00e9t r\u00e9szes fel\u00fct\u0151 szersz\u00e1m k\u00e9zi karospr\u00e9sbe.<\/p>","protected":false},"featured_media":351458,"comment_status":"closed","ping_status":"closed","template":"","meta":{"_seopress_robots_primary_cat":"none","_seopress_titles_title":"Elnyom\u00f3 szersz\u00e1m bet\u00e9t (Szersz\u00e1m szegecshez)","_seopress_titles_desc":"K\u00e9t r\u00e9szes fel\u00fct\u0151 szersz\u00e1m k\u00e9zi karospr\u00e9sbe.","_seopress_robots_index":""},"product_brand":[],"product_cat":[2185],"product_tag":[2364,2363,2295],"class_list":{"0":"post-344206","1":"product","2":"type-product","3":"status-publish","4":"has-post-thumbnail","6":"product_cat-szerszamok","7":"product_tag-bordiszmu-es-ruhagyartas","8":"product_tag-cipogyartas-es-cipojavitas","9":"product_tag-nyomdaipar","10":"pa_meret-2133","11":"pa_meret-1903","12":"pa_meret-1906","13":"pa_meret-1870","14":"pa_meret-1909","15":"pa_meret-1988","16":"pa_meret-2064","18":"first","19":"instock","20":"purchasable","21":"product-type-variable"},"_links":{"self":[{"href":"https:\/\/cipokellekek.hu\/en\/wp-json\/wp\/v2\/product\/344206","targetHints":{"allow":["GET"]}}],"collection":[{"href":"https:\/\/cipokellekek.hu\/en\/wp-json\/wp\/v2\/product"}],"about":[{"href":"https:\/\/cipokellekek.hu\/en\/wp-json\/wp\/v2\/types\/product"}],"replies":[{"embeddable":true,"href":"https:\/\/cipokellekek.hu\/en\/wp-json\/wp\/v2\/comments?post=344206"}],"wp:featuredmedia":[{"embeddable":true,"href":"https:\/\/cipokellekek.hu\/en\/wp-json\/wp\/v2\/media\/351458"}],"wp:attachment":[{"href":"https:\/\/cipokellekek.hu\/en\/wp-json\/wp\/v2\/media?parent=344206"}],"wp:term":[{"taxonomy":"product_brand","embeddable":true,"href":"https:\/\/cipokellekek.hu\/en\/wp-json\/wp\/v2\/product_brand?post=344206"},{"taxonomy":"product_cat","embeddable":true,"href":"https:\/\/cipokellekek.hu\/en\/wp-json\/wp\/v2\/product_cat?post=344206"},{"taxonomy":"product_tag","embeddable":true,"href":"https:\/\/cipokellekek.hu\/en\/wp-json\/wp\/v2\/product_tag?post=344206"}],"curies":[{"name":"wp","href":"https:\/\/api.w.org\/{rel}","templated":true}]}}