{"id":344205,"date":"2023-09-11T16:57:38","date_gmt":"2023-09-11T14:57:38","guid":{"rendered":"https:\/\/dev.sysvol.hu\/belso\/termek\/kezi-elnyomo-pres-karos-pres\/"},"modified":"2025-11-17T17:08:14","modified_gmt":"2025-11-17T15:08:14","slug":"kezi-elnyomo-pres-karos-pres","status":"publish","type":"product","link":"https:\/\/cipokellekek.hu\/en\/uzlet\/szerszamok\/kezi-elnyomo-pres-karos-pres\/","title":{"rendered":"K\u00e9zi elnyom\u00f3 pr\u00e9s (Karospr\u00e9s)"},"content":{"rendered":"<div class=\"note note-1\">K\u00e9zi elnyom\u00f3 pr\u00e9s 12 mm-es csappal \u00e9s 6 mm-es colos fels\u0151 menettel. Bels\u0151 t\u00e1vols\u00e1g 125 mm.<\/div>\n<div class=\"note note-2\"><\/div>\n<div class=\"note note-3\"><\/div>","protected":false},"excerpt":{"rendered":"<p>K\u00e9zi elnyom\u00f3 pr\u00e9s 12 mm-es csappal \u00e9s 6 mm-es colos fels\u0151 menettel. Bels\u0151 t\u00e1vols\u00e1g 125 mm.<\/p>","protected":false},"featured_media":378174,"comment_status":"closed","ping_status":"closed","template":"","meta":{"_seopress_robots_primary_cat":"none","_seopress_titles_title":"K\u00e9zi elnyom\u00f3 pr\u00e9s (Karos pr\u00e9s)","_seopress_titles_desc":"K\u00e9zi elnyom\u00f3 pr\u00e9s 12 mm-es csappal \u00e9s 6 mm-es colos fels\u0151 menettel. Bels\u0151 t\u00e1vols\u00e1g 125 mm.","_seopress_robots_index":""},"product_brand":[],"product_cat":[2185],"product_tag":[2364,2363,2295],"class_list":{"0":"post-344205","1":"product","2":"type-product","3":"status-publish","4":"has-post-thumbnail","6":"product_cat-szerszamok","7":"product_tag-bordiszmu-es-ruhagyartas","8":"product_tag-cipogyartas-es-cipojavitas","9":"product_tag-nyomdaipar","11":"first","12":"instock","13":"purchasable","14":"product-type-simple"},"_links":{"self":[{"href":"https:\/\/cipokellekek.hu\/en\/wp-json\/wp\/v2\/product\/344205","targetHints":{"allow":["GET"]}}],"collection":[{"href":"https:\/\/cipokellekek.hu\/en\/wp-json\/wp\/v2\/product"}],"about":[{"href":"https:\/\/cipokellekek.hu\/en\/wp-json\/wp\/v2\/types\/product"}],"replies":[{"embeddable":true,"href":"https:\/\/cipokellekek.hu\/en\/wp-json\/wp\/v2\/comments?post=344205"}],"wp:featuredmedia":[{"embeddable":true,"href":"https:\/\/cipokellekek.hu\/en\/wp-json\/wp\/v2\/media\/378174"}],"wp:attachment":[{"href":"https:\/\/cipokellekek.hu\/en\/wp-json\/wp\/v2\/media?parent=344205"}],"wp:term":[{"taxonomy":"product_brand","embeddable":true,"href":"https:\/\/cipokellekek.hu\/en\/wp-json\/wp\/v2\/product_brand?post=344205"},{"taxonomy":"product_cat","embeddable":true,"href":"https:\/\/cipokellekek.hu\/en\/wp-json\/wp\/v2\/product_cat?post=344205"},{"taxonomy":"product_tag","embeddable":true,"href":"https:\/\/cipokellekek.hu\/en\/wp-json\/wp\/v2\/product_tag?post=344205"}],"curies":[{"name":"wp","href":"https:\/\/api.w.org\/{rel}","templated":true}]}}