{"id":344204,"date":"2023-09-11T16:57:38","date_gmt":"2023-09-11T14:57:38","guid":{"rendered":"https:\/\/dev.sysvol.hu\/belso\/termek\/gepi-csoszegecs-alatet-rootgepi\/"},"modified":"2025-10-12T15:33:27","modified_gmt":"2025-10-12T13:33:27","slug":"gepi-csoszegecs-alatet-rootgepi","status":"publish","type":"product","link":"https:\/\/cipokellekek.hu\/en\/uzlet\/szegecsek\/gepi-csoszegecsek\/gepi-csoszegecs-alatet-rootgepi\/","title":{"rendered":"G\u00e9pi cs\u0151szegecs al\u00e1t\u00e9t (ROOTGEPI)"},"content":{"rendered":"<div class=\"note note-1\">G\u00e9pi cs\u00f6szegecs al\u00e1t\u00e9t M\u00e9ret: 8,5&#215;4,5 mm<\/div>\n<div class=\"note note-2\"><\/div>\n<div class=\"note note-3\"><\/div>","protected":false},"excerpt":{"rendered":"<p>G\u00e9pi cs\u00f6szegecs al\u00e1t\u00e9t M\u00e9ret: 8,5\u00d74,5 mm<\/p>","protected":false},"featured_media":351457,"comment_status":"closed","ping_status":"closed","template":"","meta":{"_seopress_robots_primary_cat":"none","_seopress_titles_title":"G\u00e9pi cs\u0151szegecs al\u00e1t\u00e9t (ROOTGEPI)","_seopress_titles_desc":"G\u00e9pi cs\u00f6szegecs al\u00e1t\u00e9t M\u00e9ret: 8,5\u00d74,5 mm","_seopress_robots_index":""},"product_brand":[],"product_cat":[2181,2178],"product_tag":[2364,2363,2295],"class_list":{"0":"post-344204","1":"product","2":"type-product","3":"status-publish","4":"has-post-thumbnail","6":"product_cat-gepi-csoszegecsek","7":"product_cat-szegecsek","8":"product_tag-bordiszmu-es-ruhagyartas","9":"product_tag-cipogyartas-es-cipojavitas","10":"product_tag-nyomdaipar","11":"pa_szin-nikkel","13":"first","14":"instock","15":"purchasable","16":"product-type-simple"},"_links":{"self":[{"href":"https:\/\/cipokellekek.hu\/en\/wp-json\/wp\/v2\/product\/344204","targetHints":{"allow":["GET"]}}],"collection":[{"href":"https:\/\/cipokellekek.hu\/en\/wp-json\/wp\/v2\/product"}],"about":[{"href":"https:\/\/cipokellekek.hu\/en\/wp-json\/wp\/v2\/types\/product"}],"replies":[{"embeddable":true,"href":"https:\/\/cipokellekek.hu\/en\/wp-json\/wp\/v2\/comments?post=344204"}],"wp:featuredmedia":[{"embeddable":true,"href":"https:\/\/cipokellekek.hu\/en\/wp-json\/wp\/v2\/media\/351457"}],"wp:attachment":[{"href":"https:\/\/cipokellekek.hu\/en\/wp-json\/wp\/v2\/media?parent=344204"}],"wp:term":[{"taxonomy":"product_brand","embeddable":true,"href":"https:\/\/cipokellekek.hu\/en\/wp-json\/wp\/v2\/product_brand?post=344204"},{"taxonomy":"product_cat","embeddable":true,"href":"https:\/\/cipokellekek.hu\/en\/wp-json\/wp\/v2\/product_cat?post=344204"},{"taxonomy":"product_tag","embeddable":true,"href":"https:\/\/cipokellekek.hu\/en\/wp-json\/wp\/v2\/product_tag?post=344204"}],"curies":[{"name":"wp","href":"https:\/\/api.w.org\/{rel}","templated":true}]}}