{"id":344091,"date":"2023-09-11T16:57:38","date_gmt":"2023-09-11T14:57:38","guid":{"rendered":"https:\/\/dev.sysvol.hu\/belso\/termek\/gepi-csoszegecs-sg45\/"},"modified":"2025-10-12T15:31:44","modified_gmt":"2025-10-12T13:31:44","slug":"gepi-csoszegecs-sg45","status":"publish","type":"product","link":"https:\/\/cipokellekek.hu\/en\/uzlet\/szegecsek\/gepi-csoszegecsek\/gepi-csoszegecs-sg45\/","title":{"rendered":"G\u00e9pi cs\u0151szegecs (SG4,5)"},"content":{"rendered":"<div class=\"note note-1\">G\u00e9pi cs\u0151szegecs. Fel\u00fct\u00e9skor \u00f6nmag\u00e1ba peremez\u0151dik vissza, emiatt nem tartozik hozz\u00e1 szegecsl\u00e1b. Ig\u00e9ny eset\u00e9n al\u00e1t\u00e9t tartozik hozz\u00e1. A: 11 mm B: 3,8 mm C: 6\/7\/8\/9\/10\/12\/13\/15 mm<\/div>\n<div class=\"note note-2\">A minim\u00e1lisan rendelhet\u0151 mennyis\u00e9g bizonyos sz\u00edn vagy m\u00e9ret eset\u00e9n, a gy\u00e1rt\u00e1si minimum figyelembev\u00e9tele miatt v\u00e1ltozhat.<\/div>\n<div class=\"note note-3\"><\/div>","protected":false},"excerpt":{"rendered":"<p>G\u00e9pi cs\u0151szegecs. Fel\u00fct\u00e9skor \u00f6nmag\u00e1ba peremez\u0151dik vissza, emiatt nem tartozik hozz\u00e1 szegecsl\u00e1b. Ig\u00e9ny eset\u00e9n al\u00e1t\u00e9t tartozik hozz\u00e1. A: 11 mm B: 3,8 mm C: 6\/7\/8\/9\/10\/12\/13\/15 mm<\/p>","protected":false},"featured_media":351455,"comment_status":"closed","ping_status":"closed","template":"","meta":{"_seopress_robots_primary_cat":"none","_seopress_titles_title":"G\u00e9pi cs\u0151szegecs (SG4,5)","_seopress_titles_desc":"G\u00e9pi cs\u0151szegecs. Fel\u00fct\u00e9skor \u00f6nmag\u00e1ba peremez\u0151dik vissza, emiatt nincs hozz\u00e1 szegecsl\u00e1b. Al\u00e1t\u00e9t tartozhat hozz\u00e1. A: 11 mm B: 3,8 mm C: 6\/7\/8\/9\/10\/12\/13\/15 mm","_seopress_robots_index":""},"product_brand":[],"product_cat":[2181,2178],"product_tag":[2364,2363,2295],"class_list":{"0":"post-344091","1":"product","2":"type-product","3":"status-publish","4":"has-post-thumbnail","6":"product_cat-gepi-csoszegecsek","7":"product_cat-szegecsek","8":"product_tag-bordiszmu-es-ruhagyartas","9":"product_tag-cipogyartas-es-cipojavitas","10":"product_tag-nyomdaipar","11":"pa_anyag-rez","12":"pa_anyag-vas","13":"pa_meret-2130","14":"pa_meret-2131","15":"pa_meret-2101","16":"pa_meret-2180","17":"pa_meret-1898","18":"pa_meret-1899","19":"pa_meret-2184","20":"pa_meret-2133","21":"pa_szin-bronz-antik","22":"pa_szin-ezust-antik","23":"pa_szin-fekete-nikkel","24":"pa_szin-fenyes-sargarez","25":"pa_szin-nikkel","26":"pa_szin-nikkelmentes-nikkel","27":"pa_szin-sargarez-antik","29":"first","30":"instock","31":"purchasable","32":"product-type-variable"},"_links":{"self":[{"href":"https:\/\/cipokellekek.hu\/en\/wp-json\/wp\/v2\/product\/344091","targetHints":{"allow":["GET"]}}],"collection":[{"href":"https:\/\/cipokellekek.hu\/en\/wp-json\/wp\/v2\/product"}],"about":[{"href":"https:\/\/cipokellekek.hu\/en\/wp-json\/wp\/v2\/types\/product"}],"replies":[{"embeddable":true,"href":"https:\/\/cipokellekek.hu\/en\/wp-json\/wp\/v2\/comments?post=344091"}],"wp:featuredmedia":[{"embeddable":true,"href":"https:\/\/cipokellekek.hu\/en\/wp-json\/wp\/v2\/media\/351455"}],"wp:attachment":[{"href":"https:\/\/cipokellekek.hu\/en\/wp-json\/wp\/v2\/media?parent=344091"}],"wp:term":[{"taxonomy":"product_brand","embeddable":true,"href":"https:\/\/cipokellekek.hu\/en\/wp-json\/wp\/v2\/product_brand?post=344091"},{"taxonomy":"product_cat","embeddable":true,"href":"https:\/\/cipokellekek.hu\/en\/wp-json\/wp\/v2\/product_cat?post=344091"},{"taxonomy":"product_tag","embeddable":true,"href":"https:\/\/cipokellekek.hu\/en\/wp-json\/wp\/v2\/product_tag?post=344091"}],"curies":[{"name":"wp","href":"https:\/\/api.w.org\/{rel}","templated":true}]}}