{"id":343766,"date":"2023-09-11T16:57:38","date_gmt":"2023-09-11T14:57:38","guid":{"rendered":"https:\/\/dev.sysvol.hu\/belso\/termek\/gepi-csoszegecs-sg25\/"},"modified":"2025-10-12T15:18:37","modified_gmt":"2025-10-12T13:18:37","slug":"gepi-csoszegecs-sg25","status":"publish","type":"product","link":"https:\/\/cipokellekek.hu\/en\/uzlet\/szegecsek\/gepi-csoszegecsek\/gepi-csoszegecs-sg25\/","title":{"rendered":"G\u00e9pi cs\u0151szegecs (SG2,5)"},"content":{"rendered":"<div class=\"note note-1\">G\u00e9pi cs\u0151szegecs. Fel\u00fct\u00e9skor \u00f6nmag\u00e1ba peremez\u0151dik vissza, emiatt nem tartozik hozz\u00e1 szegecsl\u00e1b. Ig\u00e9ny eset\u00e9n al\u00e1t\u00e9t tartozik hozz\u00e1. A: 5,6 mm B: 3 mm C: 4\/5\/6 mm<\/div>\n<div class=\"note note-2\">A minim\u00e1lisan rendelhet\u0151 mennyis\u00e9g bizonyos sz\u00edn vagy m\u00e9ret eset\u00e9n, a gy\u00e1rt\u00e1si minimum figyelembev\u00e9tele miatt v\u00e1ltozhat.<\/div>\n<div class=\"note note-3\"><\/div>","protected":false},"excerpt":{"rendered":"<p>G\u00e9pi cs\u0151szegecs. Fel\u00fct\u00e9skor \u00f6nmag\u00e1ba peremez\u0151dik vissza, emiatt nem tartozik hozz\u00e1 szegecsl\u00e1b. Ig\u00e9ny eset\u00e9n al\u00e1t\u00e9t tartozik hozz\u00e1. A: 5,6 mm B: 3 mm C: 4\/5\/6 mm<\/p>","protected":false},"featured_media":351449,"comment_status":"closed","ping_status":"closed","template":"","meta":{"_seopress_robots_primary_cat":"none","_seopress_titles_title":"G\u00e9pi cs\u0151szegecs (SG2,5)","_seopress_titles_desc":"G\u00e9pi cs\u0151szegecs. Fel\u00fct\u00e9skor \u00f6nmag\u00e1ba peremez\u0151dik vissza, emiatt nem tartozik hozz\u00e1 szegecsl\u00e1b. Ig\u00e9ny eset\u00e9n al\u00e1t\u00e9t tartozik hozz\u00e1. A: 5,6 mm B: 3 mm C: 4\/5\/6 mm","_seopress_robots_index":""},"product_brand":[],"product_cat":[2181,2178],"product_tag":[2364,2363,2295],"class_list":{"0":"post-343766","1":"product","2":"type-product","3":"status-publish","4":"has-post-thumbnail","6":"product_cat-gepi-csoszegecsek","7":"product_cat-szegecsek","8":"product_tag-bordiszmu-es-ruhagyartas","9":"product_tag-cipogyartas-es-cipojavitas","10":"product_tag-nyomdaipar","11":"pa_anyag-rez","12":"pa_anyag-vas","13":"pa_meret-2182","14":"pa_meret-2169","15":"pa_meret-2130","16":"pa_szin-bronz-antik","17":"pa_szin-ezust-antik","18":"pa_szin-fekete-nikkel","19":"pa_szin-fenyes-sargarez","20":"pa_szin-nikkel","21":"pa_szin-nikkelmentes-nikkel","22":"pa_szin-sargarez-antik","24":"first","25":"instock","26":"purchasable","27":"product-type-variable"},"_links":{"self":[{"href":"https:\/\/cipokellekek.hu\/en\/wp-json\/wp\/v2\/product\/343766","targetHints":{"allow":["GET"]}}],"collection":[{"href":"https:\/\/cipokellekek.hu\/en\/wp-json\/wp\/v2\/product"}],"about":[{"href":"https:\/\/cipokellekek.hu\/en\/wp-json\/wp\/v2\/types\/product"}],"replies":[{"embeddable":true,"href":"https:\/\/cipokellekek.hu\/en\/wp-json\/wp\/v2\/comments?post=343766"}],"wp:featuredmedia":[{"embeddable":true,"href":"https:\/\/cipokellekek.hu\/en\/wp-json\/wp\/v2\/media\/351449"}],"wp:attachment":[{"href":"https:\/\/cipokellekek.hu\/en\/wp-json\/wp\/v2\/media?parent=343766"}],"wp:term":[{"taxonomy":"product_brand","embeddable":true,"href":"https:\/\/cipokellekek.hu\/en\/wp-json\/wp\/v2\/product_brand?post=343766"},{"taxonomy":"product_cat","embeddable":true,"href":"https:\/\/cipokellekek.hu\/en\/wp-json\/wp\/v2\/product_cat?post=343766"},{"taxonomy":"product_tag","embeddable":true,"href":"https:\/\/cipokellekek.hu\/en\/wp-json\/wp\/v2\/product_tag?post=343766"}],"curies":[{"name":"wp","href":"https:\/\/api.w.org\/{rel}","templated":true}]}}