{"id":343722,"date":"2023-09-11T16:57:38","date_gmt":"2023-09-11T14:57:38","guid":{"rendered":"https:\/\/dev.sysvol.hu\/belso\/termek\/gomb-gepi-csoszegecs-sg-g20x04\/"},"modified":"2025-10-12T15:12:08","modified_gmt":"2025-10-12T13:12:08","slug":"gomb-gepi-csoszegecs-sg-g20x04","status":"publish","type":"product","link":"https:\/\/cipokellekek.hu\/en\/uzlet\/szegecsek\/gepi-csoszegecsek\/gomb-gepi-csoszegecs-sg-g20x04\/","title":{"rendered":"G\u00f6mb g\u00e9pi cs\u0151szegecs (SG\/G2,0X04)"},"content":{"rendered":"<div class=\"note note-1\">R\u00e9z alap\u00fa, g\u00f6mb fej\u0171, g\u00e9pi cs\u0151szegecs. Fel\u00fct\u00e9skor \u00f6nmag\u00e1ba peremez\u0151dik vissza, emiatt nem tartozik hozz\u00e1 szegecsl\u00e1b. A: 3,9 mm<\/div>\n<div class=\"note note-2\"><\/div>\n<div class=\"note note-3\"><\/div>","protected":false},"excerpt":{"rendered":"<p>R\u00e9z alap\u00fa, g\u00f6mb fej\u0171, g\u00e9pi cs\u0151szegecs. Fel\u00fct\u00e9skor \u00f6nmag\u00e1ba peremez\u0151dik vissza, emiatt nem tartozik hozz\u00e1 szegecsl\u00e1b. A: 3,9 mm<\/p>","protected":false},"featured_media":351445,"comment_status":"closed","ping_status":"closed","template":"","meta":{"_seopress_robots_primary_cat":"none","_seopress_titles_title":"G\u00f6mb g\u00e9pi cs\u0151szegecs (SG\/G2,0X04)","_seopress_titles_desc":"R\u00e9z alap\u00fa, g\u00f6mb fej\u0171, g\u00e9pi cs\u0151szegecs. Fel\u00fct\u00e9skor \u00f6nmag\u00e1ba peremez\u0151dik vissza, emiatt nem tartozik hozz\u00e1 szegecsl\u00e1b. A: 3,9 mm","_seopress_robots_index":""},"product_brand":[],"product_cat":[2181,2178],"product_tag":[2364,2363,2295],"class_list":{"0":"post-343722","1":"product","2":"type-product","3":"status-publish","4":"has-post-thumbnail","6":"product_cat-gepi-csoszegecsek","7":"product_cat-szegecsek","8":"product_tag-bordiszmu-es-ruhagyartas","9":"product_tag-cipogyartas-es-cipojavitas","10":"product_tag-nyomdaipar","11":"pa_szin-nikkel","13":"first","14":"instock","15":"purchasable","16":"product-type-simple"},"_links":{"self":[{"href":"https:\/\/cipokellekek.hu\/en\/wp-json\/wp\/v2\/product\/343722","targetHints":{"allow":["GET"]}}],"collection":[{"href":"https:\/\/cipokellekek.hu\/en\/wp-json\/wp\/v2\/product"}],"about":[{"href":"https:\/\/cipokellekek.hu\/en\/wp-json\/wp\/v2\/types\/product"}],"replies":[{"embeddable":true,"href":"https:\/\/cipokellekek.hu\/en\/wp-json\/wp\/v2\/comments?post=343722"}],"wp:featuredmedia":[{"embeddable":true,"href":"https:\/\/cipokellekek.hu\/en\/wp-json\/wp\/v2\/media\/351445"}],"wp:attachment":[{"href":"https:\/\/cipokellekek.hu\/en\/wp-json\/wp\/v2\/media?parent=343722"}],"wp:term":[{"taxonomy":"product_brand","embeddable":true,"href":"https:\/\/cipokellekek.hu\/en\/wp-json\/wp\/v2\/product_brand?post=343722"},{"taxonomy":"product_cat","embeddable":true,"href":"https:\/\/cipokellekek.hu\/en\/wp-json\/wp\/v2\/product_cat?post=343722"},{"taxonomy":"product_tag","embeddable":true,"href":"https:\/\/cipokellekek.hu\/en\/wp-json\/wp\/v2\/product_tag?post=343722"}],"curies":[{"name":"wp","href":"https:\/\/api.w.org\/{rel}","templated":true}]}}