{"id":343535,"date":"2023-09-11T16:57:10","date_gmt":"2023-09-11T14:57:10","guid":{"rendered":"https:\/\/dev.sysvol.hu\/belso\/termek\/kor-alaku-kozepen-nyomott-szegecsfej-sf45-od\/"},"modified":"2025-11-17T16:46:44","modified_gmt":"2025-11-17T14:46:44","slug":"kor-alaku-kozepen-nyomott-szegecsfej-sf45-od","status":"publish","type":"product","link":"https:\/\/cipokellekek.hu\/en\/uzlet\/szegecsek\/dupla-szegecsek\/kor-alaku-kozepen-nyomott-szegecsfej-sf45-od\/","title":{"rendered":"K\u00f6r alak\u00fa, k\u00f6z\u00e9pen nyomott szegecsfej (11 mm) (SF4,5\/OD)"},"content":{"rendered":"<div class=\"note note-1\">R\u00e9z alap\u00fa, k\u00f6r alak\u00fa, k\u00f6z\u00e9pen nyomott szegecsfej. A: 11 mm Als\u00f3 r\u00e9sze az SL4,5 cikksz\u00e1m\u00fa szegecsl\u00e1b.<\/div>\n<div class=\"note note-2\"><\/div>\n<div class=\"note note-3\"><\/div>","protected":false},"excerpt":{"rendered":"<p>R\u00e9z alap\u00fa, k\u00f6r alak\u00fa, k\u00f6z\u00e9pen nyomott szegecsfej. A: 11 mm Als\u00f3 r\u00e9sze az SL4,5 cikksz\u00e1m\u00fa szegecsl\u00e1b.<\/p>","protected":false},"featured_media":351430,"comment_status":"closed","ping_status":"closed","template":"","meta":{"_seopress_robots_primary_cat":"none","_seopress_titles_title":"K\u00f6r alak\u00fa, k\u00f6z\u00e9pen nyomott szegecsfej (11 mm) (SF4,5\/OD)","_seopress_titles_desc":"R\u00e9z alap\u00fa, k\u00f6r alak\u00fa, k\u00f6z\u00e9pen nyomott szegecsfej. A: 11 mm Als\u00f3 r\u00e9sze az SL4,5 cikksz\u00e1m\u00fa szegecsl\u00e1b.","_seopress_robots_index":""},"product_brand":[],"product_cat":[2179,2178],"product_tag":[2364,2363,2295],"class_list":{"0":"post-343535","1":"product","2":"type-product","3":"status-publish","4":"has-post-thumbnail","6":"product_cat-dupla-szegecsek","7":"product_cat-szegecsek","8":"product_tag-bordiszmu-es-ruhagyartas","9":"product_tag-cipogyartas-es-cipojavitas","10":"product_tag-nyomdaipar","11":"pa_szin-nikkel","13":"first","14":"instock","15":"purchasable","16":"product-type-simple"},"_links":{"self":[{"href":"https:\/\/cipokellekek.hu\/en\/wp-json\/wp\/v2\/product\/343535","targetHints":{"allow":["GET"]}}],"collection":[{"href":"https:\/\/cipokellekek.hu\/en\/wp-json\/wp\/v2\/product"}],"about":[{"href":"https:\/\/cipokellekek.hu\/en\/wp-json\/wp\/v2\/types\/product"}],"replies":[{"embeddable":true,"href":"https:\/\/cipokellekek.hu\/en\/wp-json\/wp\/v2\/comments?post=343535"}],"wp:featuredmedia":[{"embeddable":true,"href":"https:\/\/cipokellekek.hu\/en\/wp-json\/wp\/v2\/media\/351430"}],"wp:attachment":[{"href":"https:\/\/cipokellekek.hu\/en\/wp-json\/wp\/v2\/media?parent=343535"}],"wp:term":[{"taxonomy":"product_brand","embeddable":true,"href":"https:\/\/cipokellekek.hu\/en\/wp-json\/wp\/v2\/product_brand?post=343535"},{"taxonomy":"product_cat","embeddable":true,"href":"https:\/\/cipokellekek.hu\/en\/wp-json\/wp\/v2\/product_cat?post=343535"},{"taxonomy":"product_tag","embeddable":true,"href":"https:\/\/cipokellekek.hu\/en\/wp-json\/wp\/v2\/product_tag?post=343535"}],"curies":[{"name":"wp","href":"https:\/\/api.w.org\/{rel}","templated":true}]}}