{"id":343456,"date":"2023-09-11T16:56:37","date_gmt":"2023-09-11T14:56:37","guid":{"rendered":"https:\/\/dev.sysvol.hu\/belso\/termek\/gomb-szegecsfej-sf35-g\/"},"modified":"2025-11-20T17:32:46","modified_gmt":"2025-11-20T15:32:46","slug":"gomb-szegecsfej-sf35-g","status":"publish","type":"product","link":"https:\/\/cipokellekek.hu\/en\/uzlet\/szegecsek\/dupla-szegecsek\/gomb-szegecsfej-sf35-g\/","title":{"rendered":"G\u00f6mb alak\u00fa szegecsfej (9 mm) (SF3,5\/G)"},"content":{"rendered":"<div class=\"note note-1\">Vas alap\u00fa, g\u00f6mb form\u00e1j\u00fa szegecsfej. A: 9 mm Als\u00f3 r\u00e9sze az SL3,0 cikksz\u00e1m\u00fa szegecsl\u00e1b.<\/div>\n<div class=\"note note-2\">A minim\u00e1lisan rendelhet\u0151 mennyis\u00e9g bizonyos sz\u00edn vagy m\u00e9ret eset\u00e9n, a gy\u00e1rt\u00e1si minimum figyelembev\u00e9tele miatt v\u00e1ltozhat.<\/div>\n<div class=\"note note-3\"><\/div>","protected":false},"excerpt":{"rendered":"<p>Vas alap\u00fa, g\u00f6mb form\u00e1j\u00fa szegecsfej. A: 9 mm Als\u00f3 r\u00e9sze az SL3,0 cikksz\u00e1m\u00fa szegecsl\u00e1b.<\/p>","protected":false},"featured_media":352907,"comment_status":"closed","ping_status":"closed","template":"","meta":{"_seopress_robots_primary_cat":"none","_seopress_titles_title":"G\u00f6mb alak\u00fa szegecsfej (9 mm) (SF3,5\/G)","_seopress_titles_desc":"Vas alap\u00fa, g\u00f6mb form\u00e1j\u00fa szegecsfej. A: 9 mm Als\u00f3 r\u00e9sze az SL3,0 cikksz\u00e1m\u00fa szegecsl\u00e1b.","_seopress_robots_index":""},"product_brand":[],"product_cat":[2179,2178],"product_tag":[2364,2363,2295],"class_list":{"0":"post-343456","1":"product","2":"type-product","3":"status-publish","4":"has-post-thumbnail","6":"product_cat-dupla-szegecsek","7":"product_cat-szegecsek","8":"product_tag-bordiszmu-es-ruhagyartas","9":"product_tag-cipogyartas-es-cipojavitas","10":"product_tag-nyomdaipar","11":"pa_szin-arany","12":"pa_szin-bronz-antik","13":"pa_szin-bronzex","14":"pa_szin-ezust-antik","15":"pa_szin-fekete-nikkel","16":"pa_szin-fenyes-sargarez","17":"pa_szin-festett-ral","18":"pa_szin-matt-nikkel","19":"pa_szin-nikkel","20":"pa_szin-nikkelmentes-nikkel","21":"pa_szin-rozsaszin-arany","22":"pa_szin-sargarez-antik","24":"first","25":"instock","26":"purchasable","27":"product-type-variable"},"_links":{"self":[{"href":"https:\/\/cipokellekek.hu\/en\/wp-json\/wp\/v2\/product\/343456","targetHints":{"allow":["GET"]}}],"collection":[{"href":"https:\/\/cipokellekek.hu\/en\/wp-json\/wp\/v2\/product"}],"about":[{"href":"https:\/\/cipokellekek.hu\/en\/wp-json\/wp\/v2\/types\/product"}],"replies":[{"embeddable":true,"href":"https:\/\/cipokellekek.hu\/en\/wp-json\/wp\/v2\/comments?post=343456"}],"wp:featuredmedia":[{"embeddable":true,"href":"https:\/\/cipokellekek.hu\/en\/wp-json\/wp\/v2\/media\/352907"}],"wp:attachment":[{"href":"https:\/\/cipokellekek.hu\/en\/wp-json\/wp\/v2\/media?parent=343456"}],"wp:term":[{"taxonomy":"product_brand","embeddable":true,"href":"https:\/\/cipokellekek.hu\/en\/wp-json\/wp\/v2\/product_brand?post=343456"},{"taxonomy":"product_cat","embeddable":true,"href":"https:\/\/cipokellekek.hu\/en\/wp-json\/wp\/v2\/product_cat?post=343456"},{"taxonomy":"product_tag","embeddable":true,"href":"https:\/\/cipokellekek.hu\/en\/wp-json\/wp\/v2\/product_tag?post=343456"}],"curies":[{"name":"wp","href":"https:\/\/api.w.org\/{rel}","templated":true}]}}