{"id":343414,"date":"2023-09-11T16:56:37","date_gmt":"2023-09-11T14:56:37","guid":{"rendered":"https:\/\/dev.sysvol.hu\/belso\/termek\/lapos-szegecsfej-sf30-l\/"},"modified":"2025-11-20T17:53:54","modified_gmt":"2025-11-20T15:53:54","slug":"lapos-szegecsfej-sf30-l","status":"publish","type":"product","link":"https:\/\/cipokellekek.hu\/en\/uzlet\/szegecsek\/dupla-szegecsek\/lapos-szegecsfej-sf30-l\/","title":{"rendered":"Lapos, n\u00e9gysz\u00f6glet\u0171 szegecsfej (7 mm) (SF3,0\/L)"},"content":{"rendered":"<div class=\"note note-1\">Vas alap\u00fa, n\u00e9gysz\u00f6glet\u0171 szegecsfej. A: 7 mm Als\u00f3 r\u00e9sze az SL3,0 cikksz\u00e1m\u00fa szegecsl\u00e1b.<\/div>\n<div class=\"note note-2\"><\/div>\n<div class=\"note note-3\"><\/div>","protected":false},"excerpt":{"rendered":"<p>Vas alap\u00fa, n\u00e9gysz\u00f6glet\u0171 szegecsfej. A: 7 mm Als\u00f3 r\u00e9sze az SL3,0 cikksz\u00e1m\u00fa szegecsl\u00e1b.<\/p>","protected":false},"featured_media":352909,"comment_status":"closed","ping_status":"closed","template":"","meta":{"_seopress_robots_primary_cat":"none","_seopress_titles_title":"Lapos, n\u00e9gysz\u00f6glet\u0171 szegecsfej (7 mm) (SF3,0\/L)","_seopress_titles_desc":"Vas alap\u00fa, n\u00e9gysz\u00f6glet\u0171 szegecsfej. A: 7 mm Als\u00f3 r\u00e9sze az SL3,0 cikksz\u00e1m\u00fa szegecsl\u00e1b.","_seopress_robots_index":""},"product_brand":[],"product_cat":[2179,2178],"product_tag":[2364,2363,2295],"class_list":{"0":"post-343414","1":"product","2":"type-product","3":"status-publish","4":"has-post-thumbnail","6":"product_cat-dupla-szegecsek","7":"product_cat-szegecsek","8":"product_tag-bordiszmu-es-ruhagyartas","9":"product_tag-cipogyartas-es-cipojavitas","10":"product_tag-nyomdaipar","11":"pa_szin-bronz-antik","12":"pa_szin-nikkel","14":"first","15":"instock","16":"purchasable","17":"product-type-variable"},"_links":{"self":[{"href":"https:\/\/cipokellekek.hu\/en\/wp-json\/wp\/v2\/product\/343414","targetHints":{"allow":["GET"]}}],"collection":[{"href":"https:\/\/cipokellekek.hu\/en\/wp-json\/wp\/v2\/product"}],"about":[{"href":"https:\/\/cipokellekek.hu\/en\/wp-json\/wp\/v2\/types\/product"}],"replies":[{"embeddable":true,"href":"https:\/\/cipokellekek.hu\/en\/wp-json\/wp\/v2\/comments?post=343414"}],"wp:featuredmedia":[{"embeddable":true,"href":"https:\/\/cipokellekek.hu\/en\/wp-json\/wp\/v2\/media\/352909"}],"wp:attachment":[{"href":"https:\/\/cipokellekek.hu\/en\/wp-json\/wp\/v2\/media?parent=343414"}],"wp:term":[{"taxonomy":"product_brand","embeddable":true,"href":"https:\/\/cipokellekek.hu\/en\/wp-json\/wp\/v2\/product_brand?post=343414"},{"taxonomy":"product_cat","embeddable":true,"href":"https:\/\/cipokellekek.hu\/en\/wp-json\/wp\/v2\/product_cat?post=343414"},{"taxonomy":"product_tag","embeddable":true,"href":"https:\/\/cipokellekek.hu\/en\/wp-json\/wp\/v2\/product_tag?post=343414"}],"curies":[{"name":"wp","href":"https:\/\/api.w.org\/{rel}","templated":true}]}}