{"id":343209,"date":"2023-09-11T16:55:57","date_gmt":"2023-09-11T14:55:57","guid":{"rendered":"https:\/\/dev.sysvol.hu\/belso\/termek\/szegecslab-sf30-es-sf35-fejhez-sl30\/"},"modified":"2025-10-12T14:19:31","modified_gmt":"2025-10-12T12:19:31","slug":"szegecslab-sf30-es-sf35-fejhez-sl30","status":"publish","type":"product","link":"https:\/\/cipokellekek.hu\/en\/uzlet\/szegecsek\/dupla-szegecsek\/szegecslab-sf30-es-sf35-fejhez-sl30\/","title":{"rendered":"Szegecsl\u00e1b (SF3,0 \u00e9s SF3,5 fejhez) (SL3,0)"},"content":{"rendered":"<div class=\"note note-1\">A: 7,4 mm B: 6 mm\/8 mm\/10 mm Hozz\u00e1 tartoz\u00f3 szegecsfej: SF3,0<\/div>\n<div class=\"note note-2\">A minim\u00e1lisan rendelhet\u0151 mennyis\u00e9g bizonyos sz\u00edn vagy m\u00e9ret eset\u00e9n, a gy\u00e1rt\u00e1si minimum figyelembev\u00e9tele miatt v\u00e1ltozhat.<\/div>\n<div class=\"note note-3\"><\/div>","protected":false},"excerpt":{"rendered":"<p>A: 7,4 mm B: 6 mm\/8 mm\/10 mm Hozz\u00e1 tartoz\u00f3 szegecsfej: SF3,0<\/p>","protected":false},"featured_media":351402,"comment_status":"closed","ping_status":"closed","template":"","meta":{"_seopress_robots_primary_cat":"none","_seopress_titles_title":"Szegecsl\u00e1b (SF3,0 \u00e9s SF3,5 fejhez) (SL3,0)","_seopress_titles_desc":"A: 7,4 mm B: 6 mm\/8 mm\/10 mm Hozz\u00e1 tartoz\u00f3 szegecsfej: SF3,0","_seopress_robots_index":""},"product_brand":[],"product_cat":[2179,2178],"product_tag":[2364,2363,2295],"class_list":{"0":"post-343209","1":"product","2":"type-product","3":"status-publish","4":"has-post-thumbnail","6":"product_cat-dupla-szegecsek","7":"product_cat-szegecsek","8":"product_tag-bordiszmu-es-ruhagyartas","9":"product_tag-cipogyartas-es-cipojavitas","10":"product_tag-nyomdaipar","11":"pa_anyag-rez","12":"pa_anyag-vas","13":"pa_meret-2130","14":"pa_meret-2101","15":"pa_meret-1898","16":"pa_szin-arany","17":"pa_szin-bronz-antik","18":"pa_szin-bronzex","19":"pa_szin-ezust-antik","20":"pa_szin-fekete-nikkel","21":"pa_szin-fenyes-sargarez","22":"pa_szin-matt-nikkel","23":"pa_szin-nikkel","24":"pa_szin-nikkelmentes-nikkel","25":"pa_szin-rozsaszin-arany","26":"pa_szin-sargarez-antik","28":"first","29":"instock","30":"featured","31":"purchasable","32":"product-type-variable"},"_links":{"self":[{"href":"https:\/\/cipokellekek.hu\/en\/wp-json\/wp\/v2\/product\/343209","targetHints":{"allow":["GET"]}}],"collection":[{"href":"https:\/\/cipokellekek.hu\/en\/wp-json\/wp\/v2\/product"}],"about":[{"href":"https:\/\/cipokellekek.hu\/en\/wp-json\/wp\/v2\/types\/product"}],"replies":[{"embeddable":true,"href":"https:\/\/cipokellekek.hu\/en\/wp-json\/wp\/v2\/comments?post=343209"}],"wp:featuredmedia":[{"embeddable":true,"href":"https:\/\/cipokellekek.hu\/en\/wp-json\/wp\/v2\/media\/351402"}],"wp:attachment":[{"href":"https:\/\/cipokellekek.hu\/en\/wp-json\/wp\/v2\/media?parent=343209"}],"wp:term":[{"taxonomy":"product_brand","embeddable":true,"href":"https:\/\/cipokellekek.hu\/en\/wp-json\/wp\/v2\/product_brand?post=343209"},{"taxonomy":"product_cat","embeddable":true,"href":"https:\/\/cipokellekek.hu\/en\/wp-json\/wp\/v2\/product_cat?post=343209"},{"taxonomy":"product_tag","embeddable":true,"href":"https:\/\/cipokellekek.hu\/en\/wp-json\/wp\/v2\/product_tag?post=343209"}],"curies":[{"name":"wp","href":"https:\/\/api.w.org\/{rel}","templated":true}]}}