{"id":343160,"date":"2023-09-11T16:55:57","date_gmt":"2023-09-11T14:55:57","guid":{"rendered":"https:\/\/dev.sysvol.hu\/belso\/termek\/szegecslab-sf15-fejhez-sl15\/"},"modified":"2025-10-12T14:45:50","modified_gmt":"2025-10-12T12:45:50","slug":"szegecslab-sf15-fejhez-sl15","status":"publish","type":"product","link":"https:\/\/cipokellekek.hu\/en\/uzlet\/szegecsek\/dupla-szegecsek\/szegecslab-sf15-fejhez-sl15\/","title":{"rendered":"Szegecsl\u00e1b (SF1,5 fejhez) (SL1,5)"},"content":{"rendered":"<div class=\"note note-1\">A: 4,5 mm B: 5 mm Hozz\u00e1 tartoz\u00f3 szegecsfej: SF1,5<\/div>\n<div class=\"note note-2\"><\/div>\n<div class=\"note note-3\"><\/div>","protected":false},"excerpt":{"rendered":"<p>A: 4,5 mm B: 5 mm Hozz\u00e1 tartoz\u00f3 szegecsfej: SF1,5<\/p>","protected":false},"featured_media":351399,"comment_status":"closed","ping_status":"closed","template":"","meta":{"_seopress_robots_primary_cat":"none","_seopress_titles_title":"Szegecsl\u00e1b (SF1,5 fejhez) (SL1,5)","_seopress_titles_desc":"A: 4,5 mm B: 5 mm Hozz\u00e1 tartoz\u00f3 szegecsfej: SF1,5","_seopress_robots_index":""},"product_brand":[],"product_cat":[2179,2178],"product_tag":[2364,2363,2295],"class_list":{"0":"post-343160","1":"product","2":"type-product","3":"status-publish","4":"has-post-thumbnail","6":"product_cat-dupla-szegecsek","7":"product_cat-szegecsek","8":"product_tag-bordiszmu-es-ruhagyartas","9":"product_tag-cipogyartas-es-cipojavitas","10":"product_tag-nyomdaipar","11":"pa_szin-fenyes-sargarez","12":"pa_szin-nikkel","14":"first","15":"instock","16":"purchasable","17":"product-type-variable"},"_links":{"self":[{"href":"https:\/\/cipokellekek.hu\/en\/wp-json\/wp\/v2\/product\/343160","targetHints":{"allow":["GET"]}}],"collection":[{"href":"https:\/\/cipokellekek.hu\/en\/wp-json\/wp\/v2\/product"}],"about":[{"href":"https:\/\/cipokellekek.hu\/en\/wp-json\/wp\/v2\/types\/product"}],"replies":[{"embeddable":true,"href":"https:\/\/cipokellekek.hu\/en\/wp-json\/wp\/v2\/comments?post=343160"}],"wp:featuredmedia":[{"embeddable":true,"href":"https:\/\/cipokellekek.hu\/en\/wp-json\/wp\/v2\/media\/351399"}],"wp:attachment":[{"href":"https:\/\/cipokellekek.hu\/en\/wp-json\/wp\/v2\/media?parent=343160"}],"wp:term":[{"taxonomy":"product_brand","embeddable":true,"href":"https:\/\/cipokellekek.hu\/en\/wp-json\/wp\/v2\/product_brand?post=343160"},{"taxonomy":"product_cat","embeddable":true,"href":"https:\/\/cipokellekek.hu\/en\/wp-json\/wp\/v2\/product_cat?post=343160"},{"taxonomy":"product_tag","embeddable":true,"href":"https:\/\/cipokellekek.hu\/en\/wp-json\/wp\/v2\/product_tag?post=343160"}],"curies":[{"name":"wp","href":"https:\/\/api.w.org\/{rel}","templated":true}]}}